{"id":65648,"date":"2024-10-01T15:21:51","date_gmt":"2024-10-10T19:12:05","guid":{"rendered":"https:\/\/cdsboutique.com\/?post_type=product&#038;p=65648"},"modified":"2025-05-05T15:51:31","modified_gmt":"2025-05-05T19:51:31","slug":"reborn-doll-tom","status":"publish","type":"product","link":"https:\/\/staging.cdsboutique.com\/en\/produit\/reborn-doll-tom\/","title":{"rendered":"Reborn Doll &#8211; Tom"},"content":{"rendered":"<p><strong>Think of the joy and serenity your seniors feel when they cradle a Reborn doll. For many of them, a large part of their lives has been dedicated to caring for their loved ones. Our baby dolls are perfect for residents who want to rediscover that sense of daily fulfillment.<\/strong><\/p>\n<p><strong>Features of the Reborn Tom doll<\/strong><\/p>\n<ul>\n<li>Closed eyes<\/li>\n<li>Hand-painted brown hair<\/li>\n<li>Measures 19 inches and weighs 2.5 pounds<\/li>\n<li>Head made of vinyl and body made of fabric<\/li>\n<li>Dresses in 0-3 month clothing (can be adapted to boy or girl)<\/li>\n<li>Perfect therapeutic doll for the<span style=\"color: #993366;\"> <a style=\"color: #993366;\" href=\"https:\/\/staging.cdsboutique.com\/en\/product\/doll-therapy\/\" title=\"doll approach (book available here)\">doll approach (book available here)<\/a><\/span><\/li>\n<\/ul>\n<p>Our Tom Reborn doll is a doll that encourages empathy and communication. Indeed, his little smile and closed eyes evoke well-being and a sense of accomplishment in the resident who takes care of him. A person interacting with Tom naturally adopts a calm, caring and protective posture.<\/p>\n<p>Reborn dolls have many beneficial effects on reminiscence, well-being and movement. Indeed, a resident caring for a doll awakens reflexes and habits inscribed in the procedural memory, and naturally knows how to take good care of it. Often, the senior is more relaxed and open to communication, making it easier to express needs or to receive certain health care services, for example. The resident who interacts with a Reborn doll will also be unconsciously working on maintaining certain motor functions. The simple act of rocking the baby, changing its clothes or cuddling it will effectively act on several components of cognitive-motor practice.<\/p>\n<p>Louise Vendette, a nurse with experience working with the senior clientele, is the creator of the Tom Reborn doll. Through her creative process, she adapts the dolls to the needs of the residents.<\/p>\n<p><strong>Having Reborn dolls at your seniors\u2019 fingertips means bringing warmth and comfort to their daily lives!<\/strong><\/p>\n<p>&#8212;<\/p>\n<p><strong>IMPORTANT NOTES:<\/strong><\/p>\n<ol>\n<li>For hygiene reasons, Reborn dolls cannot be returned.<\/li>\n<li>Clothes may vary from one doll to another, as they are chosen by the supplier.<\/li>\n<\/ol>\n","protected":false},"excerpt":{"rendered":"<p>Think of the joy and serenity your seniors feel when they cradle a Reborn doll. For many of them, a large part of their lives has been dedicated to caring for their loved ones. Our baby dolls are perfect for residents who want to rediscover that sense of daily fulfillment. Features of the Reborn Tom [&hellip;]<\/p>\n","protected":false},"featured_media":65820,"comment_status":"closed","ping_status":"closed","template":"","meta":{"_acf_changed":false},"product_brand":[],"product_cat":[4401,4091,4727],"product_tag":[4680],"class_list":{"0":"post-65648","1":"product","2":"type-product","3":"status-publish","4":"has-post-thumbnail","6":"product_cat-all","7":"product_cat-new-arrivals","8":"product_cat-reborn-dolls","9":"product_tag-news-en","10":"product_shipping_class-additional-shipping-costs","12":"first","13":"instock","14":"taxable","15":"shipping-taxable","16":"purchasable","17":"product-type-simple"},"bundled_by":[],"bundle_stock_status":"instock","bundle_stock_quantity":null,"bundle_virtual":false,"bundle_layout":"","bundle_add_to_cart_form_location":"","bundle_editable_in_cart":false,"bundle_sold_individually_context":"","bundle_item_grouping":"","bundle_min_size":"","bundle_max_size":"","bundle_price":[],"bundled_items":[],"bundle_sell_ids":[],"acf":[],"featured_image_urls_v2":{"full":["https:\/\/staging.cdsboutique.com\/wp-content\/uploads\/2024\/10\/25382-Tom-1.png",3840,5002,false],"thumbnail":["https:\/\/staging.cdsboutique.com\/wp-content\/uploads\/2024\/10\/25382-Tom-1-150x150.png",150,150,true],"medium":["https:\/\/staging.cdsboutique.com\/wp-content\/uploads\/2024\/10\/25382-Tom-1-230x300.png",230,300,true],"medium_large":["https:\/\/staging.cdsboutique.com\/wp-content\/uploads\/2024\/10\/25382-Tom-1-768x1000.png",768,1000,true],"large":["https:\/\/staging.cdsboutique.com\/wp-content\/uploads\/2024\/10\/25382-Tom-1-786x1024.png",786,1024,true],"1536x1536":["https:\/\/staging.cdsboutique.com\/wp-content\/uploads\/2024\/10\/25382-Tom-1-1179x1536.png",1179,1536,true],"2048x2048":["https:\/\/staging.cdsboutique.com\/wp-content\/uploads\/2024\/10\/25382-Tom-1-1572x2048.png",1572,2048,true],"gform-image-choice-sm":["https:\/\/staging.cdsboutique.com\/wp-content\/uploads\/2024\/10\/25382-Tom-1.png",230,300,false],"gform-image-choice-md":["https:\/\/staging.cdsboutique.com\/wp-content\/uploads\/2024\/10\/25382-Tom-1.png",307,400,false],"gform-image-choice-lg":["https:\/\/staging.cdsboutique.com\/wp-content\/uploads\/2024\/10\/25382-Tom-1.png",461,600,false],"woocommerce_thumbnail":["https:\/\/staging.cdsboutique.com\/wp-content\/uploads\/2024\/10\/25382-Tom-1-300x391.png",300,391,true],"woocommerce_single":["https:\/\/staging.cdsboutique.com\/wp-content\/uploads\/2024\/10\/25382-Tom-1-600x782.png",600,782,true],"woocommerce_gallery_thumbnail":["https:\/\/staging.cdsboutique.com\/wp-content\/uploads\/2024\/10\/25382-Tom-1-100x100.png",100,100,true],"variation_swatches_image_size":["https:\/\/staging.cdsboutique.com\/wp-content\/uploads\/2024\/10\/25382-Tom-1-50x50.png",50,50,true],"variation_swatches_tooltip_size":["https:\/\/staging.cdsboutique.com\/wp-content\/uploads\/2024\/10\/25382-Tom-1-100x100.png",100,100,true],"logo-size":["https:\/\/staging.cdsboutique.com\/wp-content\/uploads\/2024\/10\/25382-Tom-1-64x84.png",64,84,true],"blog":["https:\/\/staging.cdsboutique.com\/wp-content\/uploads\/2024\/10\/25382-Tom-1-350x260.png",350,260,true]},"post_excerpt_stackable_v2":"<p>Think of the joy and serenity your seniors feel when they cradle a Reborn doll. For many of them, a large part of their lives has been dedicated to caring for their loved ones. Our baby dolls are perfect for residents who want to rediscover that sense of daily fulfillment. Features of the Reborn Tom doll Closed eyes Hand-painted brown hair Measures 19 inches and weighs 2.5 pounds Head made of vinyl and body made of fabric Dresses in 0-3 month clothing (can be adapted to boy or girl) Perfect therapeutic doll for the doll approach (book available here) Our&hellip;<\/p>\n","category_list_v2":"","author_info_v2":{"name":"","url":""},"comments_num_v2":"0 comments","yoast_head":"<!-- This site is optimized with the Yoast SEO plugin v27.4 - https:\/\/yoast.com\/product\/yoast-seo-wordpress\/ -->\n<title>Reborn Doll - Tom - CDS boutique A\u00een\u00e9s<\/title>\n<meta name=\"description\" content=\"Meet Tom, our Reborn doll with a contagious smile that evokes well-being and a sense of accomplishment in the senior who cares for him.\" \/>\n<meta name=\"robots\" content=\"noindex, follow, max-snippet:-1, max-image-preview:large, max-video-preview:-1\" \/>\n<meta property=\"og:locale\" content=\"en_US\" \/>\n<meta property=\"og:type\" content=\"article\" \/>\n<meta property=\"og:title\" content=\"Reborn Doll - Tom - CDS boutique A\u00een\u00e9s\" \/>\n<meta property=\"og:description\" content=\"Meet Tom, our Reborn doll with a contagious smile that evokes well-being and a sense of accomplishment in the senior who cares for him.\" \/>\n<meta property=\"og:url\" content=\"https:\/\/staging.cdsboutique.com\/en\/product\/reborn-doll-tom\/\" \/>\n<meta property=\"og:site_name\" content=\"CDS boutique A\u00een\u00e9s\" \/>\n<meta property=\"article:publisher\" content=\"https:\/\/www.facebook.com\/CDSBoutique.Aines.Seniors\" \/>\n<meta property=\"article:modified_time\" content=\"2025-05-05T19:51:31+00:00\" \/>\n<meta property=\"og:image\" content=\"https:\/\/staging.cdsboutique.com\/wp-content\/uploads\/2024\/10\/25382-Tom-1-786x1024.png\" \/>\n\t<meta property=\"og:image:width\" content=\"786\" \/>\n\t<meta property=\"og:image:height\" content=\"1024\" \/>\n\t<meta property=\"og:image:type\" content=\"image\/png\" \/>\n<meta name=\"twitter:card\" content=\"summary_large_image\" \/>\n<meta name=\"twitter:label1\" content=\"Est. reading time\" \/>\n\t<meta name=\"twitter:data1\" content=\"2 minutes\" \/>\n<script type=\"application\/ld+json\" class=\"yoast-schema-graph\">{\"@context\":\"https:\\\/\\\/schema.org\",\"@graph\":[{\"@type\":\"WebPage\",\"@id\":\"https:\\\/\\\/staging.cdsboutique.com\\\/en\\\/product\\\/reborn-doll-tom\\\/\",\"url\":\"https:\\\/\\\/staging.cdsboutique.com\\\/en\\\/product\\\/reborn-doll-tom\\\/\",\"name\":\"Reborn Doll - Tom - CDS boutique A\u00een\u00e9s\",\"isPartOf\":{\"@id\":\"https:\\\/\\\/staging.cdsboutique.com\\\/#website\"},\"primaryImageOfPage\":{\"@id\":\"https:\\\/\\\/staging.cdsboutique.com\\\/en\\\/product\\\/reborn-doll-tom\\\/#primaryimage\"},\"image\":{\"@id\":\"https:\\\/\\\/staging.cdsboutique.com\\\/en\\\/product\\\/reborn-doll-tom\\\/#primaryimage\"},\"thumbnailUrl\":\"https:\\\/\\\/staging.cdsboutique.com\\\/wp-content\\\/uploads\\\/2024\\\/10\\\/25382-Tom-1.png\",\"datePublished\":\"2024-10-10T19:12:05+00:00\",\"dateModified\":\"2025-05-05T19:51:31+00:00\",\"description\":\"Meet Tom, our Reborn doll with a contagious smile that evokes well-being and a sense of accomplishment in the senior who cares for him.\",\"breadcrumb\":{\"@id\":\"https:\\\/\\\/staging.cdsboutique.com\\\/en\\\/product\\\/reborn-doll-tom\\\/#breadcrumb\"},\"inLanguage\":\"en-US\",\"potentialAction\":[{\"@type\":\"ReadAction\",\"target\":[\"https:\\\/\\\/staging.cdsboutique.com\\\/en\\\/product\\\/reborn-doll-tom\\\/\"]}]},{\"@type\":\"ImageObject\",\"inLanguage\":\"en-US\",\"@id\":\"https:\\\/\\\/staging.cdsboutique.com\\\/en\\\/product\\\/reborn-doll-tom\\\/#primaryimage\",\"url\":\"https:\\\/\\\/staging.cdsboutique.com\\\/wp-content\\\/uploads\\\/2024\\\/10\\\/25382-Tom-1.png\",\"contentUrl\":\"https:\\\/\\\/staging.cdsboutique.com\\\/wp-content\\\/uploads\\\/2024\\\/10\\\/25382-Tom-1.png\",\"width\":3840,\"height\":5002,\"caption\":\"Poup\u00e9e Reborn Sourire\"},{\"@type\":\"BreadcrumbList\",\"@id\":\"https:\\\/\\\/staging.cdsboutique.com\\\/en\\\/product\\\/reborn-doll-tom\\\/#breadcrumb\",\"itemListElement\":[{\"@type\":\"ListItem\",\"position\":1,\"name\":\"Home\",\"item\":\"https:\\\/\\\/staging.cdsboutique.com\\\/en\\\/\"},{\"@type\":\"ListItem\",\"position\":2,\"name\":\"Products\",\"item\":\"https:\\\/\\\/staging.cdsboutique.com\\\/en\\\/products\\\/\"},{\"@type\":\"ListItem\",\"position\":3,\"name\":\"Reborn Doll &#8211; Tom\"}]},{\"@type\":\"WebSite\",\"@id\":\"https:\\\/\\\/staging.cdsboutique.com\\\/#website\",\"url\":\"https:\\\/\\\/staging.cdsboutique.com\\\/\",\"name\":\"CDS boutique A\u00een\u00e9s\",\"description\":\"Pour une meilleure qualit\u00e9 de vie\",\"publisher\":{\"@id\":\"https:\\\/\\\/staging.cdsboutique.com\\\/#organization\"},\"potentialAction\":[{\"@type\":\"SearchAction\",\"target\":{\"@type\":\"EntryPoint\",\"urlTemplate\":\"https:\\\/\\\/staging.cdsboutique.com\\\/?s={search_term_string}\"},\"query-input\":{\"@type\":\"PropertyValueSpecification\",\"valueRequired\":true,\"valueName\":\"search_term_string\"}}],\"inLanguage\":\"en-US\"},{\"@type\":\"Organization\",\"@id\":\"https:\\\/\\\/staging.cdsboutique.com\\\/#organization\",\"name\":\"CDS Boutique\",\"url\":\"https:\\\/\\\/staging.cdsboutique.com\\\/\",\"logo\":{\"@type\":\"ImageObject\",\"inLanguage\":\"en-US\",\"@id\":\"https:\\\/\\\/staging.cdsboutique.com\\\/#\\\/schema\\\/logo\\\/image\\\/\",\"url\":\"https:\\\/\\\/staging.cdsboutique.com\\\/wp-content\\\/uploads\\\/2024\\\/09\\\/logoCDS-Boutique_final2024.jpg\",\"contentUrl\":\"https:\\\/\\\/staging.cdsboutique.com\\\/wp-content\\\/uploads\\\/2024\\\/09\\\/logoCDS-Boutique_final2024.jpg\",\"width\":900,\"height\":600,\"caption\":\"CDS Boutique\"},\"image\":{\"@id\":\"https:\\\/\\\/staging.cdsboutique.com\\\/#\\\/schema\\\/logo\\\/image\\\/\"},\"sameAs\":[\"https:\\\/\\\/www.facebook.com\\\/CDSBoutique.Aines.Seniors\",\"https:\\\/\\\/www.youtube.com\\\/@cdsboutique4046\",\"https:\\\/\\\/www.linkedin.com\\\/company\\\/cds-boutique\\\/\",\"https:\\\/\\\/www.instagram.com\\\/cdsboutique\\\/\"]}]}<\/script>\n<!-- \/ Yoast SEO plugin. -->","yoast_head_json":{"title":"Reborn Doll - Tom - CDS boutique A\u00een\u00e9s","description":"Meet Tom, our Reborn doll with a contagious smile that evokes well-being and a sense of accomplishment in the senior who cares for him.","robots":{"index":"noindex","follow":"follow","max-snippet":"max-snippet:-1","max-image-preview":"max-image-preview:large","max-video-preview":"max-video-preview:-1"},"og_locale":"en_US","og_type":"article","og_title":"Reborn Doll - Tom - CDS boutique A\u00een\u00e9s","og_description":"Meet Tom, our Reborn doll with a contagious smile that evokes well-being and a sense of accomplishment in the senior who cares for him.","og_url":"https:\/\/staging.cdsboutique.com\/en\/product\/reborn-doll-tom\/","og_site_name":"CDS boutique A\u00een\u00e9s","article_publisher":"https:\/\/www.facebook.com\/CDSBoutique.Aines.Seniors","article_modified_time":"2025-05-05T19:51:31+00:00","og_image":[{"width":786,"height":1024,"url":"https:\/\/staging.cdsboutique.com\/wp-content\/uploads\/2024\/10\/25382-Tom-1-786x1024.png","type":"image\/png"}],"twitter_card":"summary_large_image","twitter_misc":{"Est. reading time":"2 minutes"},"schema":{"@context":"https:\/\/schema.org","@graph":[{"@type":"WebPage","@id":"https:\/\/staging.cdsboutique.com\/en\/product\/reborn-doll-tom\/","url":"https:\/\/staging.cdsboutique.com\/en\/product\/reborn-doll-tom\/","name":"Reborn Doll - Tom - CDS boutique A\u00een\u00e9s","isPartOf":{"@id":"https:\/\/staging.cdsboutique.com\/#website"},"primaryImageOfPage":{"@id":"https:\/\/staging.cdsboutique.com\/en\/product\/reborn-doll-tom\/#primaryimage"},"image":{"@id":"https:\/\/staging.cdsboutique.com\/en\/product\/reborn-doll-tom\/#primaryimage"},"thumbnailUrl":"https:\/\/staging.cdsboutique.com\/wp-content\/uploads\/2024\/10\/25382-Tom-1.png","datePublished":"2024-10-10T19:12:05+00:00","dateModified":"2025-05-05T19:51:31+00:00","description":"Meet Tom, our Reborn doll with a contagious smile that evokes well-being and a sense of accomplishment in the senior who cares for him.","breadcrumb":{"@id":"https:\/\/staging.cdsboutique.com\/en\/product\/reborn-doll-tom\/#breadcrumb"},"inLanguage":"en-US","potentialAction":[{"@type":"ReadAction","target":["https:\/\/staging.cdsboutique.com\/en\/product\/reborn-doll-tom\/"]}]},{"@type":"ImageObject","inLanguage":"en-US","@id":"https:\/\/staging.cdsboutique.com\/en\/product\/reborn-doll-tom\/#primaryimage","url":"https:\/\/staging.cdsboutique.com\/wp-content\/uploads\/2024\/10\/25382-Tom-1.png","contentUrl":"https:\/\/staging.cdsboutique.com\/wp-content\/uploads\/2024\/10\/25382-Tom-1.png","width":3840,"height":5002,"caption":"Poup\u00e9e Reborn Sourire"},{"@type":"BreadcrumbList","@id":"https:\/\/staging.cdsboutique.com\/en\/product\/reborn-doll-tom\/#breadcrumb","itemListElement":[{"@type":"ListItem","position":1,"name":"Home","item":"https:\/\/staging.cdsboutique.com\/en\/"},{"@type":"ListItem","position":2,"name":"Products","item":"https:\/\/staging.cdsboutique.com\/en\/products\/"},{"@type":"ListItem","position":3,"name":"Reborn Doll &#8211; Tom"}]},{"@type":"WebSite","@id":"https:\/\/staging.cdsboutique.com\/#website","url":"https:\/\/staging.cdsboutique.com\/","name":"CDS boutique A\u00een\u00e9s","description":"Pour une meilleure qualit\u00e9 de vie","publisher":{"@id":"https:\/\/staging.cdsboutique.com\/#organization"},"potentialAction":[{"@type":"SearchAction","target":{"@type":"EntryPoint","urlTemplate":"https:\/\/staging.cdsboutique.com\/?s={search_term_string}"},"query-input":{"@type":"PropertyValueSpecification","valueRequired":true,"valueName":"search_term_string"}}],"inLanguage":"en-US"},{"@type":"Organization","@id":"https:\/\/staging.cdsboutique.com\/#organization","name":"CDS Boutique","url":"https:\/\/staging.cdsboutique.com\/","logo":{"@type":"ImageObject","inLanguage":"en-US","@id":"https:\/\/staging.cdsboutique.com\/#\/schema\/logo\/image\/","url":"https:\/\/staging.cdsboutique.com\/wp-content\/uploads\/2024\/09\/logoCDS-Boutique_final2024.jpg","contentUrl":"https:\/\/staging.cdsboutique.com\/wp-content\/uploads\/2024\/09\/logoCDS-Boutique_final2024.jpg","width":900,"height":600,"caption":"CDS Boutique"},"image":{"@id":"https:\/\/staging.cdsboutique.com\/#\/schema\/logo\/image\/"},"sameAs":["https:\/\/www.facebook.com\/CDSBoutique.Aines.Seniors","https:\/\/www.youtube.com\/@cdsboutique4046","https:\/\/www.linkedin.com\/company\/cds-boutique\/","https:\/\/www.instagram.com\/cdsboutique\/"]}]}},"_links":{"self":[{"href":"https:\/\/staging.cdsboutique.com\/en\/wp-json\/wp\/v2\/product\/65648","targetHints":{"allow":["GET"]}}],"collection":[{"href":"https:\/\/staging.cdsboutique.com\/en\/wp-json\/wp\/v2\/product"}],"about":[{"href":"https:\/\/staging.cdsboutique.com\/en\/wp-json\/wp\/v2\/types\/product"}],"replies":[{"embeddable":true,"href":"https:\/\/staging.cdsboutique.com\/en\/wp-json\/wp\/v2\/comments?post=65648"}],"wp:featuredmedia":[{"embeddable":true,"href":"https:\/\/staging.cdsboutique.com\/en\/wp-json\/wp\/v2\/media\/65820"}],"wp:attachment":[{"href":"https:\/\/staging.cdsboutique.com\/en\/wp-json\/wp\/v2\/media?parent=65648"}],"wp:term":[{"taxonomy":"product_brand","embeddable":true,"href":"https:\/\/staging.cdsboutique.com\/en\/wp-json\/wp\/v2\/product_brand?post=65648"},{"taxonomy":"product_cat","embeddable":true,"href":"https:\/\/staging.cdsboutique.com\/en\/wp-json\/wp\/v2\/product_cat?post=65648"},{"taxonomy":"product_tag","embeddable":true,"href":"https:\/\/staging.cdsboutique.com\/en\/wp-json\/wp\/v2\/product_tag?post=65648"}],"curies":[{"name":"wp","href":"https:\/\/api.w.org\/{rel}","templated":true}]}}