{"id":65649,"date":"2024-10-01T15:29:14","date_gmt":"2024-10-10T19:07:27","guid":{"rendered":"https:\/\/cdsboutique.com\/?post_type=product&#038;p=65649"},"modified":"2025-05-05T16:20:28","modified_gmt":"2025-05-05T20:20:28","slug":"reborn-doll-leo","status":"publish","type":"product","link":"https:\/\/staging.cdsboutique.com\/en\/produit\/reborn-doll-leo\/","title":{"rendered":"Reborn Doll &#8211; Leo"},"content":{"rendered":"<p><strong data-start=\"52\" data-end=\"139\">Let the premature Reborn doll Leo awaken gentleness and compassion in your seniors. Leo\u2019s small newborn size makes him easy to handle, perfect for fragile hands. Holding Leo in their arms brings back the tender feeling of caring for a newborn: a comforting gesture that reactivates precious memories while offering deep emotional calm.<\/strong><\/p>\n<p><strong>Features of the Reborn Tom doll<\/strong><\/p>\n<ul>\n<li>Grey eyes that open and close depending on position<\/li>\n<li>Hand-painted light brown hair<\/li>\n<li>Head made of vinyl and body made of fabric<\/li>\n<li>Dresses in 0-3 month clothing (can be adapted to boy or girl)<\/li>\n<li>Perfect therapeutic doll for the<span style=\"color: #993366;\"> <a style=\"color: #993366;\" href=\"https:\/\/staging.cdsboutique.com\/en\/product\/doll-therapy\/\" title=\"doll approach (book available here)\">doll approach (book available here)<\/a><\/span><\/li>\n<\/ul>\n<p class=\"\" data-start=\"721\" data-end=\"1026\">Thanks to his closing eyes and realistic newborn look, Leo captures attention and stimulates emotional connection. He quickly becomes a soothing presence for the senior who cares for him. This kind of interaction can ease anxiety, encourage engagement, and strengthen feelings of usefulness and connection.<\/p>\n<p class=\"\" data-start=\"1028\" data-end=\"1390\">A premature Reborn doll like Leo is a true tool for multisensory stimulation. These dolls activate emotional and procedural memory, encouraging instinctive gestures like rocking, dressing, and cuddling. Even simple actions can have a positive effect on cognitive and motor functions, while enhancing relationships between seniors, caregivers, and loved ones.<\/p>\n<p class=\"\" data-start=\"1392\" data-end=\"1659\">Leo was thoughtfully designed by Louise Vendette, a seasoned nurse specialized in geriatric care, to meet the real needs of senior living environments. Every detail\u2014from weight to facial expression\u2014was created to foster comfort, realism, and emotional well-being.<\/p>\n<p class=\"\" data-start=\"1661\" data-end=\"1759\"><strong data-start=\"1661\" data-end=\"1759\">Giving Leo means offering your residents a gentle, accessible, and deeply comforting presence.<\/strong><\/p>\n<p>\u2014<\/p>\n<p><strong>IMPORTANT NOTES:<\/strong><\/p>\n<ol>\n<li>For hygiene reasons, Reborn dolls cannot be returned.<\/li>\n<li>Clothes may vary from one doll to another, as they are chosen by the supplier.<\/li>\n<\/ol>\n","protected":false},"excerpt":{"rendered":"<p>Let the premature Reborn doll Leo awaken gentleness and compassion in your seniors. Leo\u2019s small newborn size makes him easy to handle, perfect for fragile hands. Holding Leo in their arms brings back the tender feeling of caring for a newborn: a comforting gesture that reactivates precious memories while offering deep emotional calm. Features of [&hellip;]<\/p>\n","protected":false},"featured_media":68409,"comment_status":"closed","ping_status":"closed","template":"","meta":{"_acf_changed":false},"product_brand":[],"product_cat":[4401,4091,4727],"product_tag":[4680],"class_list":{"0":"post-65649","1":"product","2":"type-product","3":"status-publish","4":"has-post-thumbnail","6":"product_cat-all","7":"product_cat-new-arrivals","8":"product_cat-reborn-dolls","9":"product_tag-news-en","10":"product_shipping_class-additional-shipping-costs","12":"first","13":"instock","14":"taxable","15":"shipping-taxable","16":"purchasable","17":"product-type-simple"},"bundled_by":[],"bundle_stock_status":"instock","bundle_stock_quantity":null,"bundle_virtual":false,"bundle_layout":"","bundle_add_to_cart_form_location":"","bundle_editable_in_cart":false,"bundle_sold_individually_context":"","bundle_item_grouping":"","bundle_min_size":"","bundle_max_size":"","bundle_price":[],"bundled_items":[],"bundle_sell_ids":[],"acf":[],"featured_image_urls_v2":{"full":["https:\/\/staging.cdsboutique.com\/wp-content\/uploads\/2024\/10\/25381_ImageProduit_Reborn-Leo_1-1.jpg",1600,2000,false],"thumbnail":["https:\/\/staging.cdsboutique.com\/wp-content\/uploads\/2024\/10\/25381_ImageProduit_Reborn-Leo_1-1-150x150.jpg",150,150,true],"medium":["https:\/\/staging.cdsboutique.com\/wp-content\/uploads\/2024\/10\/25381_ImageProduit_Reborn-Leo_1-1-240x300.jpg",240,300,true],"medium_large":["https:\/\/staging.cdsboutique.com\/wp-content\/uploads\/2024\/10\/25381_ImageProduit_Reborn-Leo_1-1-768x960.jpg",768,960,true],"large":["https:\/\/staging.cdsboutique.com\/wp-content\/uploads\/2024\/10\/25381_ImageProduit_Reborn-Leo_1-1-819x1024.jpg",819,1024,true],"1536x1536":["https:\/\/staging.cdsboutique.com\/wp-content\/uploads\/2024\/10\/25381_ImageProduit_Reborn-Leo_1-1-1229x1536.jpg",1229,1536,true],"2048x2048":["https:\/\/staging.cdsboutique.com\/wp-content\/uploads\/2024\/10\/25381_ImageProduit_Reborn-Leo_1-1.jpg",1600,2000,false],"gform-image-choice-sm":["https:\/\/staging.cdsboutique.com\/wp-content\/uploads\/2024\/10\/25381_ImageProduit_Reborn-Leo_1-1-300x300.jpg",300,300,true],"gform-image-choice-md":["https:\/\/staging.cdsboutique.com\/wp-content\/uploads\/2024\/10\/25381_ImageProduit_Reborn-Leo_1-1-400x400.jpg",400,400,true],"gform-image-choice-lg":["https:\/\/staging.cdsboutique.com\/wp-content\/uploads\/2024\/10\/25381_ImageProduit_Reborn-Leo_1-1-600x600.jpg",600,600,true],"woocommerce_thumbnail":["https:\/\/staging.cdsboutique.com\/wp-content\/uploads\/2024\/10\/25381_ImageProduit_Reborn-Leo_1-1-300x375.jpg",300,375,true],"woocommerce_single":["https:\/\/staging.cdsboutique.com\/wp-content\/uploads\/2024\/10\/25381_ImageProduit_Reborn-Leo_1-1-600x750.jpg",600,750,true],"woocommerce_gallery_thumbnail":["https:\/\/staging.cdsboutique.com\/wp-content\/uploads\/2024\/10\/25381_ImageProduit_Reborn-Leo_1-1-100x100.jpg",100,100,true],"variation_swatches_image_size":["https:\/\/staging.cdsboutique.com\/wp-content\/uploads\/2024\/10\/25381_ImageProduit_Reborn-Leo_1-1-50x50.jpg",50,50,true],"variation_swatches_tooltip_size":["https:\/\/staging.cdsboutique.com\/wp-content\/uploads\/2024\/10\/25381_ImageProduit_Reborn-Leo_1-1-100x100.jpg",100,100,true],"logo-size":["https:\/\/staging.cdsboutique.com\/wp-content\/uploads\/2024\/10\/25381_ImageProduit_Reborn-Leo_1-1-67x84.jpg",67,84,true],"blog":["https:\/\/staging.cdsboutique.com\/wp-content\/uploads\/2024\/10\/25381_ImageProduit_Reborn-Leo_1-1-350x260.jpg",350,260,true]},"post_excerpt_stackable_v2":"<p>Let the premature Reborn doll Leo awaken gentleness and compassion in your seniors. Leo\u2019s small newborn size makes him easy to handle, perfect for fragile hands. Holding Leo in their arms brings back the tender feeling of caring for a newborn: a comforting gesture that reactivates precious memories while offering deep emotional calm. Features of the Reborn Tom doll Grey eyes that open and close depending on position Hand-painted light brown hair Head made of vinyl and body made of fabric Dresses in 0-3 month clothing (can be adapted to boy or girl) Perfect therapeutic doll for the doll approach&hellip;<\/p>\n","category_list_v2":"","author_info_v2":{"name":"","url":""},"comments_num_v2":"0 comments","yoast_head":"<!-- This site is optimized with the Yoast SEO plugin v27.4 - https:\/\/yoast.com\/product\/yoast-seo-wordpress\/ -->\n<title>Reborn Doll - Leo - CDS boutique A\u00een\u00e9s<\/title>\n<meta name=\"description\" content=\"Bring comfort and emotional connection with Leo, a gentle and easy-to-handle premature therapeutic Reborn doll designed for seniors.\" \/>\n<meta name=\"robots\" content=\"noindex, follow, max-snippet:-1, max-image-preview:large, max-video-preview:-1\" \/>\n<meta property=\"og:locale\" content=\"en_US\" \/>\n<meta property=\"og:type\" content=\"article\" \/>\n<meta property=\"og:title\" content=\"Reborn Doll - Leo - CDS boutique A\u00een\u00e9s\" \/>\n<meta property=\"og:description\" content=\"Bring comfort and emotional connection with Leo, a gentle and easy-to-handle premature therapeutic Reborn doll designed for seniors.\" \/>\n<meta property=\"og:url\" content=\"https:\/\/staging.cdsboutique.com\/en\/product\/reborn-doll-leo\/\" \/>\n<meta property=\"og:site_name\" content=\"CDS boutique A\u00een\u00e9s\" \/>\n<meta property=\"article:publisher\" content=\"https:\/\/www.facebook.com\/CDSBoutique.Aines.Seniors\" \/>\n<meta property=\"article:modified_time\" content=\"2025-05-05T20:20:28+00:00\" \/>\n<meta property=\"og:image\" content=\"https:\/\/staging.cdsboutique.com\/wp-content\/uploads\/2024\/10\/25381_ImageProduit_Reborn-Leo_1-1.jpg?_t=1746476429\" \/>\n\t<meta property=\"og:image:width\" content=\"1600\" \/>\n\t<meta property=\"og:image:height\" content=\"2000\" \/>\n\t<meta property=\"og:image:type\" content=\"image\/jpeg\" \/>\n<meta name=\"twitter:card\" content=\"summary_large_image\" \/>\n<meta name=\"twitter:label1\" content=\"Est. reading time\" \/>\n\t<meta name=\"twitter:data1\" content=\"2 minutes\" \/>\n<script type=\"application\/ld+json\" class=\"yoast-schema-graph\">{\"@context\":\"https:\\\/\\\/schema.org\",\"@graph\":[{\"@type\":\"WebPage\",\"@id\":\"https:\\\/\\\/staging.cdsboutique.com\\\/en\\\/product\\\/reborn-doll-leo\\\/\",\"url\":\"https:\\\/\\\/staging.cdsboutique.com\\\/en\\\/product\\\/reborn-doll-leo\\\/\",\"name\":\"Reborn Doll - Leo - CDS boutique A\u00een\u00e9s\",\"isPartOf\":{\"@id\":\"https:\\\/\\\/staging.cdsboutique.com\\\/#website\"},\"primaryImageOfPage\":{\"@id\":\"https:\\\/\\\/staging.cdsboutique.com\\\/en\\\/product\\\/reborn-doll-leo\\\/#primaryimage\"},\"image\":{\"@id\":\"https:\\\/\\\/staging.cdsboutique.com\\\/en\\\/product\\\/reborn-doll-leo\\\/#primaryimage\"},\"thumbnailUrl\":\"https:\\\/\\\/staging.cdsboutique.com\\\/wp-content\\\/uploads\\\/2024\\\/10\\\/25381_ImageProduit_Reborn-Leo_1-1.jpg\",\"datePublished\":\"2024-10-10T19:07:27+00:00\",\"dateModified\":\"2025-05-05T20:20:28+00:00\",\"description\":\"Bring comfort and emotional connection with Leo, a gentle and easy-to-handle premature therapeutic Reborn doll designed for seniors.\",\"breadcrumb\":{\"@id\":\"https:\\\/\\\/staging.cdsboutique.com\\\/en\\\/product\\\/reborn-doll-leo\\\/#breadcrumb\"},\"inLanguage\":\"en-US\",\"potentialAction\":[{\"@type\":\"ReadAction\",\"target\":[\"https:\\\/\\\/staging.cdsboutique.com\\\/en\\\/product\\\/reborn-doll-leo\\\/\"]}]},{\"@type\":\"ImageObject\",\"inLanguage\":\"en-US\",\"@id\":\"https:\\\/\\\/staging.cdsboutique.com\\\/en\\\/product\\\/reborn-doll-leo\\\/#primaryimage\",\"url\":\"https:\\\/\\\/staging.cdsboutique.com\\\/wp-content\\\/uploads\\\/2024\\\/10\\\/25381_ImageProduit_Reborn-Leo_1-1.jpg\",\"contentUrl\":\"https:\\\/\\\/staging.cdsboutique.com\\\/wp-content\\\/uploads\\\/2024\\\/10\\\/25381_ImageProduit_Reborn-Leo_1-1.jpg\",\"width\":1600,\"height\":2000,\"caption\":\"Poup\u00e9e Reborn pr\u00e9matur\u00e9e Premature therapeutic Reborn\"},{\"@type\":\"BreadcrumbList\",\"@id\":\"https:\\\/\\\/staging.cdsboutique.com\\\/en\\\/product\\\/reborn-doll-leo\\\/#breadcrumb\",\"itemListElement\":[{\"@type\":\"ListItem\",\"position\":1,\"name\":\"Home\",\"item\":\"https:\\\/\\\/staging.cdsboutique.com\\\/en\\\/\"},{\"@type\":\"ListItem\",\"position\":2,\"name\":\"Products\",\"item\":\"https:\\\/\\\/staging.cdsboutique.com\\\/en\\\/products\\\/\"},{\"@type\":\"ListItem\",\"position\":3,\"name\":\"Reborn Doll &#8211; Leo\"}]},{\"@type\":\"WebSite\",\"@id\":\"https:\\\/\\\/staging.cdsboutique.com\\\/#website\",\"url\":\"https:\\\/\\\/staging.cdsboutique.com\\\/\",\"name\":\"CDS boutique A\u00een\u00e9s\",\"description\":\"Pour une meilleure qualit\u00e9 de vie\",\"publisher\":{\"@id\":\"https:\\\/\\\/staging.cdsboutique.com\\\/#organization\"},\"potentialAction\":[{\"@type\":\"SearchAction\",\"target\":{\"@type\":\"EntryPoint\",\"urlTemplate\":\"https:\\\/\\\/staging.cdsboutique.com\\\/?s={search_term_string}\"},\"query-input\":{\"@type\":\"PropertyValueSpecification\",\"valueRequired\":true,\"valueName\":\"search_term_string\"}}],\"inLanguage\":\"en-US\"},{\"@type\":\"Organization\",\"@id\":\"https:\\\/\\\/staging.cdsboutique.com\\\/#organization\",\"name\":\"CDS Boutique\",\"url\":\"https:\\\/\\\/staging.cdsboutique.com\\\/\",\"logo\":{\"@type\":\"ImageObject\",\"inLanguage\":\"en-US\",\"@id\":\"https:\\\/\\\/staging.cdsboutique.com\\\/#\\\/schema\\\/logo\\\/image\\\/\",\"url\":\"https:\\\/\\\/staging.cdsboutique.com\\\/wp-content\\\/uploads\\\/2024\\\/09\\\/logoCDS-Boutique_final2024.jpg\",\"contentUrl\":\"https:\\\/\\\/staging.cdsboutique.com\\\/wp-content\\\/uploads\\\/2024\\\/09\\\/logoCDS-Boutique_final2024.jpg\",\"width\":900,\"height\":600,\"caption\":\"CDS Boutique\"},\"image\":{\"@id\":\"https:\\\/\\\/staging.cdsboutique.com\\\/#\\\/schema\\\/logo\\\/image\\\/\"},\"sameAs\":[\"https:\\\/\\\/www.facebook.com\\\/CDSBoutique.Aines.Seniors\",\"https:\\\/\\\/www.youtube.com\\\/@cdsboutique4046\",\"https:\\\/\\\/www.linkedin.com\\\/company\\\/cds-boutique\\\/\",\"https:\\\/\\\/www.instagram.com\\\/cdsboutique\\\/\"]}]}<\/script>\n<!-- \/ Yoast SEO plugin. -->","yoast_head_json":{"title":"Reborn Doll - Leo - CDS boutique A\u00een\u00e9s","description":"Bring comfort and emotional connection with Leo, a gentle and easy-to-handle premature therapeutic Reborn doll designed for seniors.","robots":{"index":"noindex","follow":"follow","max-snippet":"max-snippet:-1","max-image-preview":"max-image-preview:large","max-video-preview":"max-video-preview:-1"},"og_locale":"en_US","og_type":"article","og_title":"Reborn Doll - Leo - CDS boutique A\u00een\u00e9s","og_description":"Bring comfort and emotional connection with Leo, a gentle and easy-to-handle premature therapeutic Reborn doll designed for seniors.","og_url":"https:\/\/staging.cdsboutique.com\/en\/product\/reborn-doll-leo\/","og_site_name":"CDS boutique A\u00een\u00e9s","article_publisher":"https:\/\/www.facebook.com\/CDSBoutique.Aines.Seniors","article_modified_time":"2025-05-05T20:20:28+00:00","og_image":[{"width":1600,"height":2000,"url":"https:\/\/staging.cdsboutique.com\/wp-content\/uploads\/2024\/10\/25381_ImageProduit_Reborn-Leo_1-1.jpg?_t=1746476429","type":"image\/jpeg"}],"twitter_card":"summary_large_image","twitter_misc":{"Est. reading time":"2 minutes"},"schema":{"@context":"https:\/\/schema.org","@graph":[{"@type":"WebPage","@id":"https:\/\/staging.cdsboutique.com\/en\/product\/reborn-doll-leo\/","url":"https:\/\/staging.cdsboutique.com\/en\/product\/reborn-doll-leo\/","name":"Reborn Doll - Leo - CDS boutique A\u00een\u00e9s","isPartOf":{"@id":"https:\/\/staging.cdsboutique.com\/#website"},"primaryImageOfPage":{"@id":"https:\/\/staging.cdsboutique.com\/en\/product\/reborn-doll-leo\/#primaryimage"},"image":{"@id":"https:\/\/staging.cdsboutique.com\/en\/product\/reborn-doll-leo\/#primaryimage"},"thumbnailUrl":"https:\/\/staging.cdsboutique.com\/wp-content\/uploads\/2024\/10\/25381_ImageProduit_Reborn-Leo_1-1.jpg","datePublished":"2024-10-10T19:07:27+00:00","dateModified":"2025-05-05T20:20:28+00:00","description":"Bring comfort and emotional connection with Leo, a gentle and easy-to-handle premature therapeutic Reborn doll designed for seniors.","breadcrumb":{"@id":"https:\/\/staging.cdsboutique.com\/en\/product\/reborn-doll-leo\/#breadcrumb"},"inLanguage":"en-US","potentialAction":[{"@type":"ReadAction","target":["https:\/\/staging.cdsboutique.com\/en\/product\/reborn-doll-leo\/"]}]},{"@type":"ImageObject","inLanguage":"en-US","@id":"https:\/\/staging.cdsboutique.com\/en\/product\/reborn-doll-leo\/#primaryimage","url":"https:\/\/staging.cdsboutique.com\/wp-content\/uploads\/2024\/10\/25381_ImageProduit_Reborn-Leo_1-1.jpg","contentUrl":"https:\/\/staging.cdsboutique.com\/wp-content\/uploads\/2024\/10\/25381_ImageProduit_Reborn-Leo_1-1.jpg","width":1600,"height":2000,"caption":"Poup\u00e9e Reborn pr\u00e9matur\u00e9e Premature therapeutic Reborn"},{"@type":"BreadcrumbList","@id":"https:\/\/staging.cdsboutique.com\/en\/product\/reborn-doll-leo\/#breadcrumb","itemListElement":[{"@type":"ListItem","position":1,"name":"Home","item":"https:\/\/staging.cdsboutique.com\/en\/"},{"@type":"ListItem","position":2,"name":"Products","item":"https:\/\/staging.cdsboutique.com\/en\/products\/"},{"@type":"ListItem","position":3,"name":"Reborn Doll &#8211; Leo"}]},{"@type":"WebSite","@id":"https:\/\/staging.cdsboutique.com\/#website","url":"https:\/\/staging.cdsboutique.com\/","name":"CDS boutique A\u00een\u00e9s","description":"Pour une meilleure qualit\u00e9 de vie","publisher":{"@id":"https:\/\/staging.cdsboutique.com\/#organization"},"potentialAction":[{"@type":"SearchAction","target":{"@type":"EntryPoint","urlTemplate":"https:\/\/staging.cdsboutique.com\/?s={search_term_string}"},"query-input":{"@type":"PropertyValueSpecification","valueRequired":true,"valueName":"search_term_string"}}],"inLanguage":"en-US"},{"@type":"Organization","@id":"https:\/\/staging.cdsboutique.com\/#organization","name":"CDS Boutique","url":"https:\/\/staging.cdsboutique.com\/","logo":{"@type":"ImageObject","inLanguage":"en-US","@id":"https:\/\/staging.cdsboutique.com\/#\/schema\/logo\/image\/","url":"https:\/\/staging.cdsboutique.com\/wp-content\/uploads\/2024\/09\/logoCDS-Boutique_final2024.jpg","contentUrl":"https:\/\/staging.cdsboutique.com\/wp-content\/uploads\/2024\/09\/logoCDS-Boutique_final2024.jpg","width":900,"height":600,"caption":"CDS Boutique"},"image":{"@id":"https:\/\/staging.cdsboutique.com\/#\/schema\/logo\/image\/"},"sameAs":["https:\/\/www.facebook.com\/CDSBoutique.Aines.Seniors","https:\/\/www.youtube.com\/@cdsboutique4046","https:\/\/www.linkedin.com\/company\/cds-boutique\/","https:\/\/www.instagram.com\/cdsboutique\/"]}]}},"_links":{"self":[{"href":"https:\/\/staging.cdsboutique.com\/en\/wp-json\/wp\/v2\/product\/65649","targetHints":{"allow":["GET"]}}],"collection":[{"href":"https:\/\/staging.cdsboutique.com\/en\/wp-json\/wp\/v2\/product"}],"about":[{"href":"https:\/\/staging.cdsboutique.com\/en\/wp-json\/wp\/v2\/types\/product"}],"replies":[{"embeddable":true,"href":"https:\/\/staging.cdsboutique.com\/en\/wp-json\/wp\/v2\/comments?post=65649"}],"wp:featuredmedia":[{"embeddable":true,"href":"https:\/\/staging.cdsboutique.com\/en\/wp-json\/wp\/v2\/media\/68409"}],"wp:attachment":[{"href":"https:\/\/staging.cdsboutique.com\/en\/wp-json\/wp\/v2\/media?parent=65649"}],"wp:term":[{"taxonomy":"product_brand","embeddable":true,"href":"https:\/\/staging.cdsboutique.com\/en\/wp-json\/wp\/v2\/product_brand?post=65649"},{"taxonomy":"product_cat","embeddable":true,"href":"https:\/\/staging.cdsboutique.com\/en\/wp-json\/wp\/v2\/product_cat?post=65649"},{"taxonomy":"product_tag","embeddable":true,"href":"https:\/\/staging.cdsboutique.com\/en\/wp-json\/wp\/v2\/product_tag?post=65649"}],"curies":[{"name":"wp","href":"https:\/\/api.w.org\/{rel}","templated":true}]}}