{"id":65650,"date":"2024-10-01T15:29:59","date_gmt":"2024-10-10T19:06:17","guid":{"rendered":"https:\/\/cdsboutique.com\/?post_type=product&#038;p=65650"},"modified":"2025-05-05T16:56:26","modified_gmt":"2025-05-05T20:56:26","slug":"reborn-doll-clara","status":"publish","type":"product","link":"https:\/\/staging.cdsboutique.com\/en\/produit\/reborn-doll-clara\/","title":{"rendered":"Reborn Doll &#8211; Clara"},"content":{"rendered":"<p><strong data-start=\"62\" data-end=\"163\">Offer your seniors a moment of tenderness and inclusion with the Clara Down syndrome Reborn doll. <\/strong>With her open light blue eyes and delicately sculpted face, Clara radiates sincere and soothing gentleness. Inspired by a baby living with Down syndrome, she embodies the richness of human diversity. This unique doll not only stimulates caregiving reflexes but also encourages interactions filled with empathy, respect, and acceptance.<\/p>\n<p><strong>Features of the Reborn doll Clara<\/strong><\/p>\n<ul>\n<li>Open light blue eyes full of gentleness<\/li>\n<li>Hand-painted brown hair<\/li>\n<li>Head made of vinyl and body made of fabric<\/li>\n<li>Dresses in 0-3 month clothing (can be adapted to boy or girl)<\/li>\n<li>Comes with a certificate of authenticity signed by sculptor Elena Kipriyanova<\/li>\n<li>Perfect therapeutic doll for the<span style=\"color: #993366;\"> <a style=\"color: #993366;\" href=\"https:\/\/staging.cdsboutique.com\/en\/product\/doll-therapy\/\" title=\"doll approach (book available here)\">doll approach (book available here)<\/a><\/span><\/li>\n<\/ul>\n<p class=\"\" data-start=\"874\" data-end=\"1164\">Clara stands out not only through her touching appearance but also through her ability to foster calm and kindness. Her presence can trigger deep emotional responses, awaken caregiving memories, and help form immediate connections\u2014especially among seniors living with cognitive impairments.<\/p>\n<p class=\"\" data-start=\"1166\" data-end=\"1483\">A Down syndrome Reborn doll like Clara is a powerful tool for sensory and emotional stimulation. She activates emotional and procedural memory through simple gestures: cradling, dressing, gently speaking. These interactions bring comfort, foster communication, and help maintain both physical and cognitive abilities.<\/p>\n<p class=\"\" data-start=\"1485\" data-end=\"1727\">Created by Louise Vendette, a geriatric nurse, Clara was designed to meet the real needs of seniors in care environments. Her design reflects a human and inclusive approach, thoughtfully created to bring comfort to everyone\u2014without exception.<\/p>\n<p class=\"\" data-start=\"1729\" data-end=\"1864\"><strong data-start=\"1729\" data-end=\"1864\">Welcoming Clara into your seniors\u2019 daily lives is a way to celebrate tenderness, inclusion, and the power of a meaningful presence.<\/strong><\/p>\n<p>&#8212;<\/p>\n<p><strong>IMPORTANT NOTES:<\/strong><\/p>\n<ol>\n<li>For hygiene reasons, Reborn dolls cannot be returned.<\/li>\n<li>Clothes may vary from one doll to another, as they are chosen by the supplier.<\/li>\n<\/ol>\n","protected":false},"excerpt":{"rendered":"<p>Offer your seniors a moment of tenderness and inclusion with the Clara Down syndrome Reborn doll. With her open light blue eyes and delicately sculpted face, Clara radiates sincere and soothing gentleness. Inspired by a baby living with Down syndrome, she embodies the richness of human diversity. This unique doll not only stimulates caregiving reflexes [&hellip;]<\/p>\n","protected":false},"featured_media":68417,"comment_status":"closed","ping_status":"closed","template":"","meta":{"_acf_changed":false},"product_brand":[],"product_cat":[4401,4091,4727],"product_tag":[4680],"class_list":{"0":"post-65650","1":"product","2":"type-product","3":"status-publish","4":"has-post-thumbnail","6":"product_cat-all","7":"product_cat-new-arrivals","8":"product_cat-reborn-dolls","9":"product_tag-news-en","10":"product_shipping_class-additional-shipping-costs","12":"first","13":"instock","14":"taxable","15":"shipping-taxable","16":"purchasable","17":"product-type-simple"},"bundled_by":[],"bundle_stock_status":"instock","bundle_stock_quantity":null,"bundle_virtual":false,"bundle_layout":"","bundle_add_to_cart_form_location":"","bundle_editable_in_cart":false,"bundle_sold_individually_context":"","bundle_item_grouping":"","bundle_min_size":"","bundle_max_size":"","bundle_price":[],"bundled_items":[],"bundle_sell_ids":[],"acf":[],"featured_image_urls_v2":{"full":["https:\/\/staging.cdsboutique.com\/wp-content\/uploads\/2024\/10\/25380_ImageProduit_Reborn-Clara_1.jpg",1600,2000,false],"thumbnail":["https:\/\/staging.cdsboutique.com\/wp-content\/uploads\/2024\/10\/25380_ImageProduit_Reborn-Clara_1-150x150.jpg",150,150,true],"medium":["https:\/\/staging.cdsboutique.com\/wp-content\/uploads\/2024\/10\/25380_ImageProduit_Reborn-Clara_1-240x300.jpg",240,300,true],"medium_large":["https:\/\/staging.cdsboutique.com\/wp-content\/uploads\/2024\/10\/25380_ImageProduit_Reborn-Clara_1-768x960.jpg",768,960,true],"large":["https:\/\/staging.cdsboutique.com\/wp-content\/uploads\/2024\/10\/25380_ImageProduit_Reborn-Clara_1-819x1024.jpg",819,1024,true],"1536x1536":["https:\/\/staging.cdsboutique.com\/wp-content\/uploads\/2024\/10\/25380_ImageProduit_Reborn-Clara_1-1229x1536.jpg",1229,1536,true],"2048x2048":["https:\/\/staging.cdsboutique.com\/wp-content\/uploads\/2024\/10\/25380_ImageProduit_Reborn-Clara_1.jpg",1600,2000,false],"gform-image-choice-sm":["https:\/\/staging.cdsboutique.com\/wp-content\/uploads\/2024\/10\/25380_ImageProduit_Reborn-Clara_1-300x300.jpg",300,300,true],"gform-image-choice-md":["https:\/\/staging.cdsboutique.com\/wp-content\/uploads\/2024\/10\/25380_ImageProduit_Reborn-Clara_1-400x400.jpg",400,400,true],"gform-image-choice-lg":["https:\/\/staging.cdsboutique.com\/wp-content\/uploads\/2024\/10\/25380_ImageProduit_Reborn-Clara_1-600x600.jpg",600,600,true],"woocommerce_thumbnail":["https:\/\/staging.cdsboutique.com\/wp-content\/uploads\/2024\/10\/25380_ImageProduit_Reborn-Clara_1-300x375.jpg",300,375,true],"woocommerce_single":["https:\/\/staging.cdsboutique.com\/wp-content\/uploads\/2024\/10\/25380_ImageProduit_Reborn-Clara_1-600x750.jpg",600,750,true],"woocommerce_gallery_thumbnail":["https:\/\/staging.cdsboutique.com\/wp-content\/uploads\/2024\/10\/25380_ImageProduit_Reborn-Clara_1-100x100.jpg",100,100,true],"variation_swatches_image_size":["https:\/\/staging.cdsboutique.com\/wp-content\/uploads\/2024\/10\/25380_ImageProduit_Reborn-Clara_1-50x50.jpg",50,50,true],"variation_swatches_tooltip_size":["https:\/\/staging.cdsboutique.com\/wp-content\/uploads\/2024\/10\/25380_ImageProduit_Reborn-Clara_1-100x100.jpg",100,100,true],"logo-size":["https:\/\/staging.cdsboutique.com\/wp-content\/uploads\/2024\/10\/25380_ImageProduit_Reborn-Clara_1-67x84.jpg",67,84,true],"blog":["https:\/\/staging.cdsboutique.com\/wp-content\/uploads\/2024\/10\/25380_ImageProduit_Reborn-Clara_1-350x260.jpg",350,260,true]},"post_excerpt_stackable_v2":"<p>Offer your seniors a moment of tenderness and inclusion with the Clara Down syndrome Reborn doll. With her open light blue eyes and delicately sculpted face, Clara radiates sincere and soothing gentleness. Inspired by a baby living with Down syndrome, she embodies the richness of human diversity. This unique doll not only stimulates caregiving reflexes but also encourages interactions filled with empathy, respect, and acceptance. Features of the Reborn doll Clara Open light blue eyes full of gentleness Hand-painted brown hair Head made of vinyl and body made of fabric Dresses in 0-3 month clothing (can be adapted to boy&hellip;<\/p>\n","category_list_v2":"","author_info_v2":{"name":"","url":""},"comments_num_v2":"0 comments","yoast_head":"<!-- This site is optimized with the Yoast SEO plugin v27.4 - https:\/\/yoast.com\/product\/yoast-seo-wordpress\/ -->\n<title>Reborn Doll - Clara - CDS boutique A\u00een\u00e9s<\/title>\n<meta name=\"description\" content=\"Offer comfort and inclusion to seniors with Clara, a realistic and soothing Down syndrome Reborn doll designed to stimulate empathy and memory.\" \/>\n<meta name=\"robots\" content=\"noindex, follow, max-snippet:-1, max-image-preview:large, max-video-preview:-1\" \/>\n<meta property=\"og:locale\" content=\"en_US\" \/>\n<meta property=\"og:type\" content=\"article\" \/>\n<meta property=\"og:title\" content=\"Reborn Doll - Clara - CDS boutique A\u00een\u00e9s\" \/>\n<meta property=\"og:description\" content=\"Offer comfort and inclusion to seniors with Clara, a realistic and soothing Down syndrome Reborn doll designed to stimulate empathy and memory.\" \/>\n<meta property=\"og:url\" content=\"https:\/\/staging.cdsboutique.com\/en\/product\/reborn-doll-clara\/\" \/>\n<meta property=\"og:site_name\" content=\"CDS boutique A\u00een\u00e9s\" \/>\n<meta property=\"article:publisher\" content=\"https:\/\/www.facebook.com\/CDSBoutique.Aines.Seniors\" \/>\n<meta property=\"article:modified_time\" content=\"2025-05-05T20:56:26+00:00\" \/>\n<meta property=\"og:image\" content=\"https:\/\/staging.cdsboutique.com\/wp-content\/uploads\/2024\/10\/25380_ImageProduit_Reborn-Clara_1.jpg?_t=1746478586\" \/>\n\t<meta property=\"og:image:width\" content=\"1600\" \/>\n\t<meta property=\"og:image:height\" content=\"2000\" \/>\n\t<meta property=\"og:image:type\" content=\"image\/jpeg\" \/>\n<meta name=\"twitter:card\" content=\"summary_large_image\" \/>\n<meta name=\"twitter:label1\" content=\"Est. reading time\" \/>\n\t<meta name=\"twitter:data1\" content=\"2 minutes\" \/>\n<script type=\"application\/ld+json\" class=\"yoast-schema-graph\">{\"@context\":\"https:\\\/\\\/schema.org\",\"@graph\":[{\"@type\":\"WebPage\",\"@id\":\"https:\\\/\\\/staging.cdsboutique.com\\\/en\\\/product\\\/reborn-doll-clara\\\/\",\"url\":\"https:\\\/\\\/staging.cdsboutique.com\\\/en\\\/product\\\/reborn-doll-clara\\\/\",\"name\":\"Reborn Doll - Clara - CDS boutique A\u00een\u00e9s\",\"isPartOf\":{\"@id\":\"https:\\\/\\\/staging.cdsboutique.com\\\/#website\"},\"primaryImageOfPage\":{\"@id\":\"https:\\\/\\\/staging.cdsboutique.com\\\/en\\\/product\\\/reborn-doll-clara\\\/#primaryimage\"},\"image\":{\"@id\":\"https:\\\/\\\/staging.cdsboutique.com\\\/en\\\/product\\\/reborn-doll-clara\\\/#primaryimage\"},\"thumbnailUrl\":\"https:\\\/\\\/staging.cdsboutique.com\\\/wp-content\\\/uploads\\\/2024\\\/10\\\/25380_ImageProduit_Reborn-Clara_1.jpg\",\"datePublished\":\"2024-10-10T19:06:17+00:00\",\"dateModified\":\"2025-05-05T20:56:26+00:00\",\"description\":\"Offer comfort and inclusion to seniors with Clara, a realistic and soothing Down syndrome Reborn doll designed to stimulate empathy and memory.\",\"breadcrumb\":{\"@id\":\"https:\\\/\\\/staging.cdsboutique.com\\\/en\\\/product\\\/reborn-doll-clara\\\/#breadcrumb\"},\"inLanguage\":\"en-US\",\"potentialAction\":[{\"@type\":\"ReadAction\",\"target\":[\"https:\\\/\\\/staging.cdsboutique.com\\\/en\\\/product\\\/reborn-doll-clara\\\/\"]}]},{\"@type\":\"ImageObject\",\"inLanguage\":\"en-US\",\"@id\":\"https:\\\/\\\/staging.cdsboutique.com\\\/en\\\/product\\\/reborn-doll-clara\\\/#primaryimage\",\"url\":\"https:\\\/\\\/staging.cdsboutique.com\\\/wp-content\\\/uploads\\\/2024\\\/10\\\/25380_ImageProduit_Reborn-Clara_1.jpg\",\"contentUrl\":\"https:\\\/\\\/staging.cdsboutique.com\\\/wp-content\\\/uploads\\\/2024\\\/10\\\/25380_ImageProduit_Reborn-Clara_1.jpg\",\"width\":1600,\"height\":2000,\"caption\":\"Poup\u00e9e Reborn trisomique Down syndrome Reborn Doll\"},{\"@type\":\"BreadcrumbList\",\"@id\":\"https:\\\/\\\/staging.cdsboutique.com\\\/en\\\/product\\\/reborn-doll-clara\\\/#breadcrumb\",\"itemListElement\":[{\"@type\":\"ListItem\",\"position\":1,\"name\":\"Home\",\"item\":\"https:\\\/\\\/staging.cdsboutique.com\\\/en\\\/\"},{\"@type\":\"ListItem\",\"position\":2,\"name\":\"Products\",\"item\":\"https:\\\/\\\/staging.cdsboutique.com\\\/en\\\/products\\\/\"},{\"@type\":\"ListItem\",\"position\":3,\"name\":\"Reborn Doll &#8211; Clara\"}]},{\"@type\":\"WebSite\",\"@id\":\"https:\\\/\\\/staging.cdsboutique.com\\\/#website\",\"url\":\"https:\\\/\\\/staging.cdsboutique.com\\\/\",\"name\":\"CDS boutique A\u00een\u00e9s\",\"description\":\"Pour une meilleure qualit\u00e9 de vie\",\"publisher\":{\"@id\":\"https:\\\/\\\/staging.cdsboutique.com\\\/#organization\"},\"potentialAction\":[{\"@type\":\"SearchAction\",\"target\":{\"@type\":\"EntryPoint\",\"urlTemplate\":\"https:\\\/\\\/staging.cdsboutique.com\\\/?s={search_term_string}\"},\"query-input\":{\"@type\":\"PropertyValueSpecification\",\"valueRequired\":true,\"valueName\":\"search_term_string\"}}],\"inLanguage\":\"en-US\"},{\"@type\":\"Organization\",\"@id\":\"https:\\\/\\\/staging.cdsboutique.com\\\/#organization\",\"name\":\"CDS Boutique\",\"url\":\"https:\\\/\\\/staging.cdsboutique.com\\\/\",\"logo\":{\"@type\":\"ImageObject\",\"inLanguage\":\"en-US\",\"@id\":\"https:\\\/\\\/staging.cdsboutique.com\\\/#\\\/schema\\\/logo\\\/image\\\/\",\"url\":\"https:\\\/\\\/staging.cdsboutique.com\\\/wp-content\\\/uploads\\\/2024\\\/09\\\/logoCDS-Boutique_final2024.jpg\",\"contentUrl\":\"https:\\\/\\\/staging.cdsboutique.com\\\/wp-content\\\/uploads\\\/2024\\\/09\\\/logoCDS-Boutique_final2024.jpg\",\"width\":900,\"height\":600,\"caption\":\"CDS Boutique\"},\"image\":{\"@id\":\"https:\\\/\\\/staging.cdsboutique.com\\\/#\\\/schema\\\/logo\\\/image\\\/\"},\"sameAs\":[\"https:\\\/\\\/www.facebook.com\\\/CDSBoutique.Aines.Seniors\",\"https:\\\/\\\/www.youtube.com\\\/@cdsboutique4046\",\"https:\\\/\\\/www.linkedin.com\\\/company\\\/cds-boutique\\\/\",\"https:\\\/\\\/www.instagram.com\\\/cdsboutique\\\/\"]}]}<\/script>\n<!-- \/ Yoast SEO plugin. -->","yoast_head_json":{"title":"Reborn Doll - Clara - CDS boutique A\u00een\u00e9s","description":"Offer comfort and inclusion to seniors with Clara, a realistic and soothing Down syndrome Reborn doll designed to stimulate empathy and memory.","robots":{"index":"noindex","follow":"follow","max-snippet":"max-snippet:-1","max-image-preview":"max-image-preview:large","max-video-preview":"max-video-preview:-1"},"og_locale":"en_US","og_type":"article","og_title":"Reborn Doll - Clara - CDS boutique A\u00een\u00e9s","og_description":"Offer comfort and inclusion to seniors with Clara, a realistic and soothing Down syndrome Reborn doll designed to stimulate empathy and memory.","og_url":"https:\/\/staging.cdsboutique.com\/en\/product\/reborn-doll-clara\/","og_site_name":"CDS boutique A\u00een\u00e9s","article_publisher":"https:\/\/www.facebook.com\/CDSBoutique.Aines.Seniors","article_modified_time":"2025-05-05T20:56:26+00:00","og_image":[{"width":1600,"height":2000,"url":"https:\/\/staging.cdsboutique.com\/wp-content\/uploads\/2024\/10\/25380_ImageProduit_Reborn-Clara_1.jpg?_t=1746478586","type":"image\/jpeg"}],"twitter_card":"summary_large_image","twitter_misc":{"Est. reading time":"2 minutes"},"schema":{"@context":"https:\/\/schema.org","@graph":[{"@type":"WebPage","@id":"https:\/\/staging.cdsboutique.com\/en\/product\/reborn-doll-clara\/","url":"https:\/\/staging.cdsboutique.com\/en\/product\/reborn-doll-clara\/","name":"Reborn Doll - Clara - CDS boutique A\u00een\u00e9s","isPartOf":{"@id":"https:\/\/staging.cdsboutique.com\/#website"},"primaryImageOfPage":{"@id":"https:\/\/staging.cdsboutique.com\/en\/product\/reborn-doll-clara\/#primaryimage"},"image":{"@id":"https:\/\/staging.cdsboutique.com\/en\/product\/reborn-doll-clara\/#primaryimage"},"thumbnailUrl":"https:\/\/staging.cdsboutique.com\/wp-content\/uploads\/2024\/10\/25380_ImageProduit_Reborn-Clara_1.jpg","datePublished":"2024-10-10T19:06:17+00:00","dateModified":"2025-05-05T20:56:26+00:00","description":"Offer comfort and inclusion to seniors with Clara, a realistic and soothing Down syndrome Reborn doll designed to stimulate empathy and memory.","breadcrumb":{"@id":"https:\/\/staging.cdsboutique.com\/en\/product\/reborn-doll-clara\/#breadcrumb"},"inLanguage":"en-US","potentialAction":[{"@type":"ReadAction","target":["https:\/\/staging.cdsboutique.com\/en\/product\/reborn-doll-clara\/"]}]},{"@type":"ImageObject","inLanguage":"en-US","@id":"https:\/\/staging.cdsboutique.com\/en\/product\/reborn-doll-clara\/#primaryimage","url":"https:\/\/staging.cdsboutique.com\/wp-content\/uploads\/2024\/10\/25380_ImageProduit_Reborn-Clara_1.jpg","contentUrl":"https:\/\/staging.cdsboutique.com\/wp-content\/uploads\/2024\/10\/25380_ImageProduit_Reborn-Clara_1.jpg","width":1600,"height":2000,"caption":"Poup\u00e9e Reborn trisomique Down syndrome Reborn Doll"},{"@type":"BreadcrumbList","@id":"https:\/\/staging.cdsboutique.com\/en\/product\/reborn-doll-clara\/#breadcrumb","itemListElement":[{"@type":"ListItem","position":1,"name":"Home","item":"https:\/\/staging.cdsboutique.com\/en\/"},{"@type":"ListItem","position":2,"name":"Products","item":"https:\/\/staging.cdsboutique.com\/en\/products\/"},{"@type":"ListItem","position":3,"name":"Reborn Doll &#8211; Clara"}]},{"@type":"WebSite","@id":"https:\/\/staging.cdsboutique.com\/#website","url":"https:\/\/staging.cdsboutique.com\/","name":"CDS boutique A\u00een\u00e9s","description":"Pour une meilleure qualit\u00e9 de vie","publisher":{"@id":"https:\/\/staging.cdsboutique.com\/#organization"},"potentialAction":[{"@type":"SearchAction","target":{"@type":"EntryPoint","urlTemplate":"https:\/\/staging.cdsboutique.com\/?s={search_term_string}"},"query-input":{"@type":"PropertyValueSpecification","valueRequired":true,"valueName":"search_term_string"}}],"inLanguage":"en-US"},{"@type":"Organization","@id":"https:\/\/staging.cdsboutique.com\/#organization","name":"CDS Boutique","url":"https:\/\/staging.cdsboutique.com\/","logo":{"@type":"ImageObject","inLanguage":"en-US","@id":"https:\/\/staging.cdsboutique.com\/#\/schema\/logo\/image\/","url":"https:\/\/staging.cdsboutique.com\/wp-content\/uploads\/2024\/09\/logoCDS-Boutique_final2024.jpg","contentUrl":"https:\/\/staging.cdsboutique.com\/wp-content\/uploads\/2024\/09\/logoCDS-Boutique_final2024.jpg","width":900,"height":600,"caption":"CDS Boutique"},"image":{"@id":"https:\/\/staging.cdsboutique.com\/#\/schema\/logo\/image\/"},"sameAs":["https:\/\/www.facebook.com\/CDSBoutique.Aines.Seniors","https:\/\/www.youtube.com\/@cdsboutique4046","https:\/\/www.linkedin.com\/company\/cds-boutique\/","https:\/\/www.instagram.com\/cdsboutique\/"]}]}},"_links":{"self":[{"href":"https:\/\/staging.cdsboutique.com\/en\/wp-json\/wp\/v2\/product\/65650","targetHints":{"allow":["GET"]}}],"collection":[{"href":"https:\/\/staging.cdsboutique.com\/en\/wp-json\/wp\/v2\/product"}],"about":[{"href":"https:\/\/staging.cdsboutique.com\/en\/wp-json\/wp\/v2\/types\/product"}],"replies":[{"embeddable":true,"href":"https:\/\/staging.cdsboutique.com\/en\/wp-json\/wp\/v2\/comments?post=65650"}],"wp:featuredmedia":[{"embeddable":true,"href":"https:\/\/staging.cdsboutique.com\/en\/wp-json\/wp\/v2\/media\/68417"}],"wp:attachment":[{"href":"https:\/\/staging.cdsboutique.com\/en\/wp-json\/wp\/v2\/media?parent=65650"}],"wp:term":[{"taxonomy":"product_brand","embeddable":true,"href":"https:\/\/staging.cdsboutique.com\/en\/wp-json\/wp\/v2\/product_brand?post=65650"},{"taxonomy":"product_cat","embeddable":true,"href":"https:\/\/staging.cdsboutique.com\/en\/wp-json\/wp\/v2\/product_cat?post=65650"},{"taxonomy":"product_tag","embeddable":true,"href":"https:\/\/staging.cdsboutique.com\/en\/wp-json\/wp\/v2\/product_tag?post=65650"}],"curies":[{"name":"wp","href":"https:\/\/api.w.org\/{rel}","templated":true}]}}