{"id":66293,"date":"2024-11-05T12:03:49","date_gmt":"2024-11-05T17:03:49","guid":{"rendered":"https:\/\/cdsboutique.com\/?post_type=product&#038;p=66293"},"modified":"2025-10-21T10:07:49","modified_gmt":"2025-10-21T14:07:49","slug":"interactive-projector-obie-mobile-pro","status":"publish","type":"product","link":"https:\/\/staging.cdsboutique.com\/en\/produit\/interactive-projector-obie-mobile-pro\/","title":{"rendered":"Obie Mobile Pro"},"content":{"rendered":"<p><strong>Create moments of cognitive, sensory, physical and social stimulation with Obie Mobile Pro, our new interactive projector that goes everywhere with you!<\/strong><\/p>\n<hr \/>\n<p><strong>Obie Mobile Pro Features<\/strong><\/p>\n<ul>\n<li>Wheeled design for effortless mobility<\/li>\n<li>Access to a library of over 200 different games<\/li>\n<li>High-quality projection in all lighting conditions, thanks to a 4,100-lumen laser lamp<\/li>\n<li>All-in-one solution with minimal assembly<\/li>\n<li>Wi-Fi required for access to games and updates<\/li>\n<li>Compatible with our <span style=\"color: #993366;\"><a style=\"color: #993366;\" href=\"https:\/\/staging.cdsboutique.com\/en\/product\/projection-table\/\" title=\"projection table (#5016)\">projection table (#5016)<\/a><\/span><\/li>\n<li>The projector measures 20.5\u201cwide x 55\u201d high<\/li>\n<\/ul>\n<hr \/>\n<p>Thanks to its compact design on wheels, offering personalized activities to your seniors has never been easier! You&#8217;ll be able to move Obie Mobile Pro to a common room to project active games on the floor, and then to another room to offer an interactive bingo activity on the tabletop, in no time and with minimal effort. It&#8217;s the perfect projector for transforming any space in your nursing home and maximizing the opportunities for use!<\/p>\n<p>The wide variety of games offered by Obie Mobile Pro enables all your residents to put into practice, through the simple pleasure of playing, many of the components needed to maintain their abilities. Your autonomous seniors will enjoy challenging and competitive games, while your less autonomous seniors, such as those with Alzheimer&#8217;s disease, will enjoy contemplative, failure-free games. Either way, movement, fun and socialization will be at the heart of your establishment with Obie Mobile Pro!<\/p>\n<p>Offering incomparable projection quality with its 4,100-lumen laser lamp, this interactive projector is the ideal solution for bringing your rooms to life, regardless of how bright or dark they are. With Obie Mobile Pro, the image projected onto the table or floor is always bright and colourful, much to the delight of your seniors!<\/p>\n<p>And have you seen our new soft-touch white <a href=\"https:\/\/staging.cdsboutique.com\/en\/product\/projection-table\/\" title=\"\"><span style=\"color: #993366;\">projection table (#5016)<\/span><\/a>? It even transforms into a sand table for an amplified sensory experience!<\/p>\n<p><strong>For more information on this product or to request a quotation, please write to obie@cdsboutique.com.<\/strong><\/p>\n","protected":false},"excerpt":{"rendered":"<p>Move Obie Mobile Pro around the nursing home with its wheeled design to transform a common room table or floor into a unique immersive experience! Movement, fun and socialization will be at the heart of your establishment!<\/p>\n","protected":false},"featured_media":65458,"comment_status":"open","ping_status":"closed","template":"","meta":{"_acf_changed":false},"product_brand":[],"product_cat":[4736,4401,4091],"product_tag":[],"class_list":{"0":"post-66293","1":"product","2":"type-product","3":"status-publish","4":"has-post-thumbnail","6":"product_cat-active-games","7":"product_cat-all","8":"product_cat-new-arrivals","9":"product_shipping_class-free-delivary","11":"first","12":"instock","13":"taxable","14":"shipping-taxable","15":"product-type-simple"},"bundled_by":[],"bundle_stock_status":"instock","bundle_stock_quantity":null,"bundle_virtual":false,"bundle_layout":"","bundle_add_to_cart_form_location":"","bundle_editable_in_cart":false,"bundle_sold_individually_context":"","bundle_item_grouping":"","bundle_min_size":"","bundle_max_size":"","bundle_price":[],"bundled_items":[],"bundle_sell_ids":[],"acf":[],"featured_image_urls_v2":{"full":["https:\/\/staging.cdsboutique.com\/wp-content\/uploads\/2024\/09\/Obie-Mobile-Pro.png",2090,2157,false],"thumbnail":["https:\/\/staging.cdsboutique.com\/wp-content\/uploads\/2024\/09\/Obie-Mobile-Pro-150x150.png",150,150,true],"medium":["https:\/\/staging.cdsboutique.com\/wp-content\/uploads\/2024\/09\/Obie-Mobile-Pro-291x300.png",291,300,true],"medium_large":["https:\/\/staging.cdsboutique.com\/wp-content\/uploads\/2024\/09\/Obie-Mobile-Pro-768x793.png",768,793,true],"large":["https:\/\/staging.cdsboutique.com\/wp-content\/uploads\/2024\/09\/Obie-Mobile-Pro-992x1024.png",980,1012,true],"1536x1536":["https:\/\/staging.cdsboutique.com\/wp-content\/uploads\/2024\/09\/Obie-Mobile-Pro-1488x1536.png",1488,1536,true],"2048x2048":["https:\/\/staging.cdsboutique.com\/wp-content\/uploads\/2024\/09\/Obie-Mobile-Pro-1984x2048.png",1984,2048,true],"gform-image-choice-sm":["https:\/\/staging.cdsboutique.com\/wp-content\/uploads\/2024\/09\/Obie-Mobile-Pro.png",291,300,false],"gform-image-choice-md":["https:\/\/staging.cdsboutique.com\/wp-content\/uploads\/2024\/09\/Obie-Mobile-Pro.png",388,400,false],"gform-image-choice-lg":["https:\/\/staging.cdsboutique.com\/wp-content\/uploads\/2024\/09\/Obie-Mobile-Pro.png",581,600,false],"woocommerce_thumbnail":["https:\/\/staging.cdsboutique.com\/wp-content\/uploads\/2024\/09\/Obie-Mobile-Pro-300x310.png",300,310,true],"woocommerce_single":["https:\/\/staging.cdsboutique.com\/wp-content\/uploads\/2024\/09\/Obie-Mobile-Pro-600x619.png",600,619,true],"woocommerce_gallery_thumbnail":["https:\/\/staging.cdsboutique.com\/wp-content\/uploads\/2024\/09\/Obie-Mobile-Pro-100x100.png",100,100,true],"variation_swatches_image_size":["https:\/\/staging.cdsboutique.com\/wp-content\/uploads\/2024\/09\/Obie-Mobile-Pro-50x50.png",50,50,true],"variation_swatches_tooltip_size":["https:\/\/staging.cdsboutique.com\/wp-content\/uploads\/2024\/09\/Obie-Mobile-Pro-100x100.png",100,100,true],"logo-size":["https:\/\/staging.cdsboutique.com\/wp-content\/uploads\/2024\/09\/Obie-Mobile-Pro-81x84.png",81,84,true],"blog":["https:\/\/staging.cdsboutique.com\/wp-content\/uploads\/2024\/09\/Obie-Mobile-Pro-350x260.png",350,260,true]},"post_excerpt_stackable_v2":"<p>Move Obie Mobile Pro around the nursing home with its wheeled design to transform a common room table or floor into a unique immersive experience! Movement, fun and socialization will be at the heart of your establishment!<\/p>\n","category_list_v2":"","author_info_v2":{"name":"","url":""},"comments_num_v2":"1 comment","yoast_head":"<!-- This site is optimized with the Yoast SEO plugin v27.4 - https:\/\/yoast.com\/product\/yoast-seo-wordpress\/ -->\n<title>Interactive Projector Obie Mobile Pro - CDS boutique A\u00een\u00e9s<\/title>\n<meta name=\"description\" content=\"An interactive projector that goes everywhere with you to create a unique atmosphere of sensory, physical and cognitive stimulation for your residents!\" \/>\n<meta name=\"robots\" content=\"noindex, follow, max-snippet:-1, max-image-preview:large, max-video-preview:-1\" \/>\n<meta property=\"og:locale\" content=\"en_US\" \/>\n<meta property=\"og:type\" content=\"article\" \/>\n<meta property=\"og:title\" content=\"Interactive Projector Obie Mobile Pro - CDS boutique A\u00een\u00e9s\" \/>\n<meta property=\"og:description\" content=\"An interactive projector that goes everywhere with you to create a unique atmosphere of sensory, physical and cognitive stimulation for your residents!\" \/>\n<meta property=\"og:url\" content=\"https:\/\/staging.cdsboutique.com\/en\/product\/interactive-projector-obie-mobile-pro\/\" \/>\n<meta property=\"og:site_name\" content=\"CDS boutique A\u00een\u00e9s\" \/>\n<meta property=\"article:publisher\" content=\"https:\/\/www.facebook.com\/CDSBoutique.Aines.Seniors\" \/>\n<meta property=\"article:modified_time\" content=\"2025-10-21T14:07:49+00:00\" \/>\n<meta property=\"og:image\" content=\"https:\/\/staging.cdsboutique.com\/wp-content\/uploads\/2024\/04\/obie_2024_seniors_jouent.jpg?_t=1713898910\" \/>\n<meta name=\"twitter:card\" content=\"summary_large_image\" \/>\n<meta name=\"twitter:label1\" content=\"Est. reading time\" \/>\n\t<meta name=\"twitter:data1\" content=\"2 minutes\" \/>\n<script type=\"application\/ld+json\" class=\"yoast-schema-graph\">{\"@context\":\"https:\\\/\\\/schema.org\",\"@graph\":[{\"@type\":\"WebPage\",\"@id\":\"https:\\\/\\\/staging.cdsboutique.com\\\/en\\\/product\\\/interactive-projector-obie-mobile-pro\\\/\",\"url\":\"https:\\\/\\\/staging.cdsboutique.com\\\/en\\\/product\\\/interactive-projector-obie-mobile-pro\\\/\",\"name\":\"Interactive Projector Obie Mobile Pro - CDS boutique A\u00een\u00e9s\",\"isPartOf\":{\"@id\":\"https:\\\/\\\/staging.cdsboutique.com\\\/#website\"},\"primaryImageOfPage\":{\"@id\":\"https:\\\/\\\/staging.cdsboutique.com\\\/en\\\/product\\\/interactive-projector-obie-mobile-pro\\\/#primaryimage\"},\"image\":{\"@id\":\"https:\\\/\\\/staging.cdsboutique.com\\\/en\\\/product\\\/interactive-projector-obie-mobile-pro\\\/#primaryimage\"},\"thumbnailUrl\":\"https:\\\/\\\/staging.cdsboutique.com\\\/wp-content\\\/uploads\\\/2024\\\/09\\\/Obie-Mobile-Pro.png\",\"datePublished\":\"2024-11-05T17:03:49+00:00\",\"dateModified\":\"2025-10-21T14:07:49+00:00\",\"description\":\"An interactive projector that goes everywhere with you to create a unique atmosphere of sensory, physical and cognitive stimulation for your residents!\",\"breadcrumb\":{\"@id\":\"https:\\\/\\\/staging.cdsboutique.com\\\/en\\\/product\\\/interactive-projector-obie-mobile-pro\\\/#breadcrumb\"},\"inLanguage\":\"en-US\",\"potentialAction\":[{\"@type\":\"ReadAction\",\"target\":[\"https:\\\/\\\/staging.cdsboutique.com\\\/en\\\/product\\\/interactive-projector-obie-mobile-pro\\\/\"]}]},{\"@type\":\"ImageObject\",\"inLanguage\":\"en-US\",\"@id\":\"https:\\\/\\\/staging.cdsboutique.com\\\/en\\\/product\\\/interactive-projector-obie-mobile-pro\\\/#primaryimage\",\"url\":\"https:\\\/\\\/staging.cdsboutique.com\\\/wp-content\\\/uploads\\\/2024\\\/09\\\/Obie-Mobile-Pro.png\",\"contentUrl\":\"https:\\\/\\\/staging.cdsboutique.com\\\/wp-content\\\/uploads\\\/2024\\\/09\\\/Obie-Mobile-Pro.png\",\"width\":2090,\"height\":2157,\"caption\":\"The Obie Mobile Pro interactive projector\"},{\"@type\":\"BreadcrumbList\",\"@id\":\"https:\\\/\\\/staging.cdsboutique.com\\\/en\\\/product\\\/interactive-projector-obie-mobile-pro\\\/#breadcrumb\",\"itemListElement\":[{\"@type\":\"ListItem\",\"position\":1,\"name\":\"Home\",\"item\":\"https:\\\/\\\/staging.cdsboutique.com\\\/en\\\/\"},{\"@type\":\"ListItem\",\"position\":2,\"name\":\"Products\",\"item\":\"https:\\\/\\\/staging.cdsboutique.com\\\/en\\\/products\\\/\"},{\"@type\":\"ListItem\",\"position\":3,\"name\":\"Obie Mobile Pro\"}]},{\"@type\":\"WebSite\",\"@id\":\"https:\\\/\\\/staging.cdsboutique.com\\\/#website\",\"url\":\"https:\\\/\\\/staging.cdsboutique.com\\\/\",\"name\":\"CDS boutique A\u00een\u00e9s\",\"description\":\"Pour une meilleure qualit\u00e9 de vie\",\"publisher\":{\"@id\":\"https:\\\/\\\/staging.cdsboutique.com\\\/#organization\"},\"potentialAction\":[{\"@type\":\"SearchAction\",\"target\":{\"@type\":\"EntryPoint\",\"urlTemplate\":\"https:\\\/\\\/staging.cdsboutique.com\\\/?s={search_term_string}\"},\"query-input\":{\"@type\":\"PropertyValueSpecification\",\"valueRequired\":true,\"valueName\":\"search_term_string\"}}],\"inLanguage\":\"en-US\"},{\"@type\":\"Organization\",\"@id\":\"https:\\\/\\\/staging.cdsboutique.com\\\/#organization\",\"name\":\"CDS Boutique\",\"url\":\"https:\\\/\\\/staging.cdsboutique.com\\\/\",\"logo\":{\"@type\":\"ImageObject\",\"inLanguage\":\"en-US\",\"@id\":\"https:\\\/\\\/staging.cdsboutique.com\\\/#\\\/schema\\\/logo\\\/image\\\/\",\"url\":\"https:\\\/\\\/staging.cdsboutique.com\\\/wp-content\\\/uploads\\\/2024\\\/09\\\/logoCDS-Boutique_final2024.jpg\",\"contentUrl\":\"https:\\\/\\\/staging.cdsboutique.com\\\/wp-content\\\/uploads\\\/2024\\\/09\\\/logoCDS-Boutique_final2024.jpg\",\"width\":900,\"height\":600,\"caption\":\"CDS Boutique\"},\"image\":{\"@id\":\"https:\\\/\\\/staging.cdsboutique.com\\\/#\\\/schema\\\/logo\\\/image\\\/\"},\"sameAs\":[\"https:\\\/\\\/www.facebook.com\\\/CDSBoutique.Aines.Seniors\",\"https:\\\/\\\/www.youtube.com\\\/@cdsboutique4046\",\"https:\\\/\\\/www.linkedin.com\\\/company\\\/cds-boutique\\\/\",\"https:\\\/\\\/www.instagram.com\\\/cdsboutique\\\/\"]}]}<\/script>\n<!-- \/ Yoast SEO plugin. -->","yoast_head_json":{"title":"Interactive Projector Obie Mobile Pro - CDS boutique A\u00een\u00e9s","description":"An interactive projector that goes everywhere with you to create a unique atmosphere of sensory, physical and cognitive stimulation for your residents!","robots":{"index":"noindex","follow":"follow","max-snippet":"max-snippet:-1","max-image-preview":"max-image-preview:large","max-video-preview":"max-video-preview:-1"},"og_locale":"en_US","og_type":"article","og_title":"Interactive Projector Obie Mobile Pro - CDS boutique A\u00een\u00e9s","og_description":"An interactive projector that goes everywhere with you to create a unique atmosphere of sensory, physical and cognitive stimulation for your residents!","og_url":"https:\/\/staging.cdsboutique.com\/en\/product\/interactive-projector-obie-mobile-pro\/","og_site_name":"CDS boutique A\u00een\u00e9s","article_publisher":"https:\/\/www.facebook.com\/CDSBoutique.Aines.Seniors","article_modified_time":"2025-10-21T14:07:49+00:00","og_image":[{"url":"https:\/\/staging.cdsboutique.com\/wp-content\/uploads\/2024\/04\/obie_2024_seniors_jouent.jpg?_t=1713898910","type":"","width":"","height":""}],"twitter_card":"summary_large_image","twitter_misc":{"Est. reading time":"2 minutes"},"schema":{"@context":"https:\/\/schema.org","@graph":[{"@type":"WebPage","@id":"https:\/\/staging.cdsboutique.com\/en\/product\/interactive-projector-obie-mobile-pro\/","url":"https:\/\/staging.cdsboutique.com\/en\/product\/interactive-projector-obie-mobile-pro\/","name":"Interactive Projector Obie Mobile Pro - CDS boutique A\u00een\u00e9s","isPartOf":{"@id":"https:\/\/staging.cdsboutique.com\/#website"},"primaryImageOfPage":{"@id":"https:\/\/staging.cdsboutique.com\/en\/product\/interactive-projector-obie-mobile-pro\/#primaryimage"},"image":{"@id":"https:\/\/staging.cdsboutique.com\/en\/product\/interactive-projector-obie-mobile-pro\/#primaryimage"},"thumbnailUrl":"https:\/\/staging.cdsboutique.com\/wp-content\/uploads\/2024\/09\/Obie-Mobile-Pro.png","datePublished":"2024-11-05T17:03:49+00:00","dateModified":"2025-10-21T14:07:49+00:00","description":"An interactive projector that goes everywhere with you to create a unique atmosphere of sensory, physical and cognitive stimulation for your residents!","breadcrumb":{"@id":"https:\/\/staging.cdsboutique.com\/en\/product\/interactive-projector-obie-mobile-pro\/#breadcrumb"},"inLanguage":"en-US","potentialAction":[{"@type":"ReadAction","target":["https:\/\/staging.cdsboutique.com\/en\/product\/interactive-projector-obie-mobile-pro\/"]}]},{"@type":"ImageObject","inLanguage":"en-US","@id":"https:\/\/staging.cdsboutique.com\/en\/product\/interactive-projector-obie-mobile-pro\/#primaryimage","url":"https:\/\/staging.cdsboutique.com\/wp-content\/uploads\/2024\/09\/Obie-Mobile-Pro.png","contentUrl":"https:\/\/staging.cdsboutique.com\/wp-content\/uploads\/2024\/09\/Obie-Mobile-Pro.png","width":2090,"height":2157,"caption":"The Obie Mobile Pro interactive projector"},{"@type":"BreadcrumbList","@id":"https:\/\/staging.cdsboutique.com\/en\/product\/interactive-projector-obie-mobile-pro\/#breadcrumb","itemListElement":[{"@type":"ListItem","position":1,"name":"Home","item":"https:\/\/staging.cdsboutique.com\/en\/"},{"@type":"ListItem","position":2,"name":"Products","item":"https:\/\/staging.cdsboutique.com\/en\/products\/"},{"@type":"ListItem","position":3,"name":"Obie Mobile Pro"}]},{"@type":"WebSite","@id":"https:\/\/staging.cdsboutique.com\/#website","url":"https:\/\/staging.cdsboutique.com\/","name":"CDS boutique A\u00een\u00e9s","description":"Pour une meilleure qualit\u00e9 de vie","publisher":{"@id":"https:\/\/staging.cdsboutique.com\/#organization"},"potentialAction":[{"@type":"SearchAction","target":{"@type":"EntryPoint","urlTemplate":"https:\/\/staging.cdsboutique.com\/?s={search_term_string}"},"query-input":{"@type":"PropertyValueSpecification","valueRequired":true,"valueName":"search_term_string"}}],"inLanguage":"en-US"},{"@type":"Organization","@id":"https:\/\/staging.cdsboutique.com\/#organization","name":"CDS Boutique","url":"https:\/\/staging.cdsboutique.com\/","logo":{"@type":"ImageObject","inLanguage":"en-US","@id":"https:\/\/staging.cdsboutique.com\/#\/schema\/logo\/image\/","url":"https:\/\/staging.cdsboutique.com\/wp-content\/uploads\/2024\/09\/logoCDS-Boutique_final2024.jpg","contentUrl":"https:\/\/staging.cdsboutique.com\/wp-content\/uploads\/2024\/09\/logoCDS-Boutique_final2024.jpg","width":900,"height":600,"caption":"CDS Boutique"},"image":{"@id":"https:\/\/staging.cdsboutique.com\/#\/schema\/logo\/image\/"},"sameAs":["https:\/\/www.facebook.com\/CDSBoutique.Aines.Seniors","https:\/\/www.youtube.com\/@cdsboutique4046","https:\/\/www.linkedin.com\/company\/cds-boutique\/","https:\/\/www.instagram.com\/cdsboutique\/"]}]}},"_links":{"self":[{"href":"https:\/\/staging.cdsboutique.com\/en\/wp-json\/wp\/v2\/product\/66293","targetHints":{"allow":["GET"]}}],"collection":[{"href":"https:\/\/staging.cdsboutique.com\/en\/wp-json\/wp\/v2\/product"}],"about":[{"href":"https:\/\/staging.cdsboutique.com\/en\/wp-json\/wp\/v2\/types\/product"}],"replies":[{"embeddable":true,"href":"https:\/\/staging.cdsboutique.com\/en\/wp-json\/wp\/v2\/comments?post=66293"}],"wp:featuredmedia":[{"embeddable":true,"href":"https:\/\/staging.cdsboutique.com\/en\/wp-json\/wp\/v2\/media\/65458"}],"wp:attachment":[{"href":"https:\/\/staging.cdsboutique.com\/en\/wp-json\/wp\/v2\/media?parent=66293"}],"wp:term":[{"taxonomy":"product_brand","embeddable":true,"href":"https:\/\/staging.cdsboutique.com\/en\/wp-json\/wp\/v2\/product_brand?post=66293"},{"taxonomy":"product_cat","embeddable":true,"href":"https:\/\/staging.cdsboutique.com\/en\/wp-json\/wp\/v2\/product_cat?post=66293"},{"taxonomy":"product_tag","embeddable":true,"href":"https:\/\/staging.cdsboutique.com\/en\/wp-json\/wp\/v2\/product_tag?post=66293"}],"curies":[{"name":"wp","href":"https:\/\/api.w.org\/{rel}","templated":true}]}}