{"id":66956,"date":"2024-11-20T15:09:54","date_gmt":"2024-11-20T20:09:55","guid":{"rendered":"https:\/\/cdsboutique.com\/?post_type=product&#038;p=66956"},"modified":"2025-10-21T10:07:48","modified_gmt":"2025-10-21T14:07:48","slug":"obie-adapted-games-bundle","status":"publish","type":"product","link":"https:\/\/staging.cdsboutique.com\/en\/produit\/obie-adapted-games-bundle\/","title":{"rendered":"Adapted Games Bundle for Obie (10)"},"content":{"rendered":"<p><strong>You bought an Obie projector before November 1, 2024 and would like to offer more adapted games to your clientele?<\/strong> <strong>Get this new set of 10 adapted games developed in collaboration by CDS Boutique, specialist in multisensory solutions for seniors and Eyeclick, compagnie cr\u00e9atrice des projecteurs Obie. for your residents with reduced autonomy!<\/strong> <strong>Colourful and varied failure-free games for all tastes!<\/strong><\/p>\n<hr \/>\n<p><strong>Games Bundle features<\/strong><\/p>\n<ul>\n<li>Set of 10 adapted games<\/li>\n<li>Compatible with Obie projectors purchased before November 1, 2024 (this set is included with <span style=\"color: #993366;\"><a style=\"color: #993366;\" href=\"https:\/\/staging.cdsboutique.com\/en\/product\/interactive-projector-obie-mobile-pro\/\" title=\"Obie Mobile Pro \">Obie Mobile Pro <\/a><\/span>and <span style=\"color: #993366;\"><a style=\"color: #993366;\" href=\"https:\/\/staging.cdsboutique.com\/en\/product\/obie\/\" title=\"Obie\">Obie<\/a><\/span> when purchased after this date)<\/li>\n<li>One bundle required per Obie projector<\/li>\n<li>Important : An Internet connection is required for downloading the games<\/li>\n<\/ul>\n<hr \/>\n<p><strong>Games included in the set:<\/strong><\/p>\n<ol>\n<li><strong>ABCD<\/strong><br \/>\nA picture&#8217;s worth a thousand words&#8230; except in this case! Can you choose the right word?<\/li>\n<li><strong>Association<\/strong><br \/>\nSome objects are inseparable: the two make a pair! It&#8217;s up to you to find them!<\/li>\n<li><strong>Beach Soccer<\/strong><br \/>\nThe sound of waves, soft sand and warm midday sun: these memories will resurface in this fun beach soccer game!<\/li>\n<li><strong>Button Box<\/strong><br \/>\nStore the appropriate accessories in the central box, while recalling precious sewing memories!<\/li>\n<li><strong>Flip It<\/strong><br \/>\nInteract with vibrant images, each one opening the door to inspiring discussions.<\/li>\n<li><strong>Fly Swatter<\/strong><br \/>\nHave you ever been on a picnic where the bugs have invited themselves without warning? Get rid of them before they take part in the feast!<\/li>\n<li><strong>Hockey<\/strong><br \/>\nSkate in the open air, breathe in the crisp winter air: experience outdoor hockey!<\/li>\n<li><strong>Magic Garden<\/strong><br \/>\nAwaken sweet summer memories with this colourful game inspired by a morning in the garden. Touch flowers or insects to make them grow and admire their vibrant colours.<\/li>\n<li><strong>Music Box<\/strong><br \/>\nImmerse yourself in a world of soothingly familiar melodies as you interact with the musical notes that appear in front of you!<\/li>\n<li><strong>Treasure Boxes<\/strong><br \/>\nImmerse yourself in a moment of nostalgia as you sort through iconic objects of various themes, then start conversations around images presented once the boxes have been completed.<\/li>\n<\/ol>\n","protected":false},"excerpt":{"rendered":"<p>You bought an Obie projector before November 1, 2024 and would like to offer more adapted games to your clientele? Get this new set of 10 adapted games developed in collaboration by CDS Boutique, specialist in multisensory solutions for seniors and Eyeclick, compagnie cr\u00e9atrice des projecteurs Obie. for your residents with reduced autonomy! Colourful and [&hellip;]<\/p>\n","protected":false},"featured_media":67288,"comment_status":"closed","ping_status":"closed","template":"","meta":{"_acf_changed":false},"product_brand":[],"product_cat":[4736,4091,4721],"product_tag":[],"class_list":{"0":"post-66956","1":"product","2":"type-product","3":"status-publish","4":"has-post-thumbnail","6":"product_cat-active-games","7":"product_cat-new-arrivals","8":"product_cat-sales-en","9":"product_shipping_class-frais-de-livraison-en","11":"first","12":"instock","13":"sale","14":"taxable","15":"shipping-taxable","16":"purchasable","17":"product-type-simple"},"bundled_by":[],"bundle_stock_status":"instock","bundle_stock_quantity":null,"bundle_virtual":false,"bundle_layout":"","bundle_add_to_cart_form_location":"","bundle_editable_in_cart":false,"bundle_sold_individually_context":"","bundle_item_grouping":"","bundle_min_size":"","bundle_max_size":"","bundle_price":[],"bundled_items":[],"bundle_sell_ids":[],"acf":[],"featured_image_urls_v2":{"full":["https:\/\/staging.cdsboutique.com\/wp-content\/uploads\/2024\/11\/JeuxBundle_Promo_EN.png",1080,1080,false],"thumbnail":["https:\/\/staging.cdsboutique.com\/wp-content\/uploads\/2024\/11\/JeuxBundle_Promo_EN-150x150.png",150,150,true],"medium":["https:\/\/staging.cdsboutique.com\/wp-content\/uploads\/2024\/11\/JeuxBundle_Promo_EN-300x300.png",300,300,true],"medium_large":["https:\/\/staging.cdsboutique.com\/wp-content\/uploads\/2024\/11\/JeuxBundle_Promo_EN-768x768.png",768,768,true],"large":["https:\/\/staging.cdsboutique.com\/wp-content\/uploads\/2024\/11\/JeuxBundle_Promo_EN-1024x1024.png",980,980,true],"1536x1536":["https:\/\/staging.cdsboutique.com\/wp-content\/uploads\/2024\/11\/JeuxBundle_Promo_EN.png",1080,1080,false],"2048x2048":["https:\/\/staging.cdsboutique.com\/wp-content\/uploads\/2024\/11\/JeuxBundle_Promo_EN.png",1080,1080,false],"gform-image-choice-sm":["https:\/\/staging.cdsboutique.com\/wp-content\/uploads\/2024\/11\/JeuxBundle_Promo_EN.png",300,300,false],"gform-image-choice-md":["https:\/\/staging.cdsboutique.com\/wp-content\/uploads\/2024\/11\/JeuxBundle_Promo_EN.png",400,400,false],"gform-image-choice-lg":["https:\/\/staging.cdsboutique.com\/wp-content\/uploads\/2024\/11\/JeuxBundle_Promo_EN.png",600,600,false],"woocommerce_thumbnail":["https:\/\/staging.cdsboutique.com\/wp-content\/uploads\/2024\/11\/JeuxBundle_Promo_EN-300x300.png",300,300,true],"woocommerce_single":["https:\/\/staging.cdsboutique.com\/wp-content\/uploads\/2024\/11\/JeuxBundle_Promo_EN-600x600.png",600,600,true],"woocommerce_gallery_thumbnail":["https:\/\/staging.cdsboutique.com\/wp-content\/uploads\/2024\/11\/JeuxBundle_Promo_EN-100x100.png",100,100,true],"variation_swatches_image_size":["https:\/\/staging.cdsboutique.com\/wp-content\/uploads\/2024\/11\/JeuxBundle_Promo_EN-50x50.png",50,50,true],"variation_swatches_tooltip_size":["https:\/\/staging.cdsboutique.com\/wp-content\/uploads\/2024\/11\/JeuxBundle_Promo_EN-100x100.png",100,100,true],"logo-size":["https:\/\/staging.cdsboutique.com\/wp-content\/uploads\/2024\/11\/JeuxBundle_Promo_EN-84x84.png",84,84,true],"blog":["https:\/\/staging.cdsboutique.com\/wp-content\/uploads\/2024\/11\/JeuxBundle_Promo_EN-350x260.png",350,260,true]},"post_excerpt_stackable_v2":"<p>You bought an Obie projector before November 1, 2024 and would like to offer more adapted games to your clientele? Get this new set of 10 adapted games developed in collaboration by CDS Boutique, specialist in multisensory solutions for seniors and Eyeclick, compagnie cr\u00e9atrice des projecteurs Obie. for your residents with reduced autonomy! Colourful and varied failure-free games for all tastes! Games Bundle features Set of 10 adapted games Compatible with Obie projectors purchased before November 1, 2024 (this set is included with Obie Mobile Pro and Obie when purchased after this date) One bundle required per Obie projector Important&hellip;<\/p>\n","category_list_v2":"","author_info_v2":{"name":"","url":""},"comments_num_v2":"0 comments","yoast_head":"<!-- This site is optimized with the Yoast SEO plugin v27.4 - https:\/\/yoast.com\/product\/yoast-seo-wordpress\/ -->\n<title>Adapted Games Bundle for Obie (10) - CDS boutique A\u00een\u00e9s<\/title>\n<meta name=\"description\" content=\"Discover our new set of games adapted to your residents in loss of autonomy, compatible with our Obie solutions! Colourful, varied and failure-free games!\" \/>\n<meta name=\"robots\" content=\"noindex, follow, max-snippet:-1, max-image-preview:large, max-video-preview:-1\" \/>\n<meta property=\"og:locale\" content=\"en_US\" \/>\n<meta property=\"og:type\" content=\"article\" \/>\n<meta property=\"og:title\" content=\"Adapted Games Bundle for Obie (10) - CDS boutique A\u00een\u00e9s\" \/>\n<meta property=\"og:description\" content=\"Discover our new set of games adapted to your residents in loss of autonomy, compatible with our Obie solutions! Colourful, varied and failure-free games!\" \/>\n<meta property=\"og:url\" content=\"https:\/\/staging.cdsboutique.com\/en\/product\/obie-adapted-games-bundle\/\" \/>\n<meta property=\"og:site_name\" content=\"CDS boutique A\u00een\u00e9s\" \/>\n<meta property=\"article:publisher\" content=\"https:\/\/www.facebook.com\/CDSBoutique.Aines.Seniors\" \/>\n<meta property=\"article:modified_time\" content=\"2025-10-21T14:07:48+00:00\" \/>\n<meta property=\"og:image\" content=\"https:\/\/staging.cdsboutique.com\/wp-content\/uploads\/2024\/11\/JeuxBundle_Promo_EN.png?_t=1761055668\" \/>\n\t<meta property=\"og:image:width\" content=\"1080\" \/>\n\t<meta property=\"og:image:height\" content=\"1080\" \/>\n\t<meta property=\"og:image:type\" content=\"image\/png\" \/>\n<meta name=\"twitter:card\" content=\"summary_large_image\" \/>\n<meta name=\"twitter:label1\" content=\"Est. reading time\" \/>\n\t<meta name=\"twitter:data1\" content=\"2 minutes\" \/>\n<script type=\"application\/ld+json\" class=\"yoast-schema-graph\">{\"@context\":\"https:\\\/\\\/schema.org\",\"@graph\":[{\"@type\":\"WebPage\",\"@id\":\"https:\\\/\\\/staging.cdsboutique.com\\\/en\\\/product\\\/obie-adapted-games-bundle\\\/\",\"url\":\"https:\\\/\\\/staging.cdsboutique.com\\\/en\\\/product\\\/obie-adapted-games-bundle\\\/\",\"name\":\"Adapted Games Bundle for Obie (10) - CDS boutique A\u00een\u00e9s\",\"isPartOf\":{\"@id\":\"https:\\\/\\\/staging.cdsboutique.com\\\/#website\"},\"primaryImageOfPage\":{\"@id\":\"https:\\\/\\\/staging.cdsboutique.com\\\/en\\\/product\\\/obie-adapted-games-bundle\\\/#primaryimage\"},\"image\":{\"@id\":\"https:\\\/\\\/staging.cdsboutique.com\\\/en\\\/product\\\/obie-adapted-games-bundle\\\/#primaryimage\"},\"thumbnailUrl\":\"https:\\\/\\\/staging.cdsboutique.com\\\/wp-content\\\/uploads\\\/2024\\\/11\\\/JeuxBundle_Promo_EN.png\",\"datePublished\":\"2024-11-20T20:09:55+00:00\",\"dateModified\":\"2025-10-21T14:07:48+00:00\",\"description\":\"Discover our new set of games adapted to your residents in loss of autonomy, compatible with our Obie solutions! Colourful, varied and failure-free games!\",\"breadcrumb\":{\"@id\":\"https:\\\/\\\/staging.cdsboutique.com\\\/en\\\/product\\\/obie-adapted-games-bundle\\\/#breadcrumb\"},\"inLanguage\":\"en-US\",\"potentialAction\":[{\"@type\":\"ReadAction\",\"target\":[\"https:\\\/\\\/staging.cdsboutique.com\\\/en\\\/product\\\/obie-adapted-games-bundle\\\/\"]}]},{\"@type\":\"ImageObject\",\"inLanguage\":\"en-US\",\"@id\":\"https:\\\/\\\/staging.cdsboutique.com\\\/en\\\/product\\\/obie-adapted-games-bundle\\\/#primaryimage\",\"url\":\"https:\\\/\\\/staging.cdsboutique.com\\\/wp-content\\\/uploads\\\/2024\\\/11\\\/JeuxBundle_Promo_EN.png\",\"contentUrl\":\"https:\\\/\\\/staging.cdsboutique.com\\\/wp-content\\\/uploads\\\/2024\\\/11\\\/JeuxBundle_Promo_EN.png\",\"width\":1080,\"height\":1080},{\"@type\":\"BreadcrumbList\",\"@id\":\"https:\\\/\\\/staging.cdsboutique.com\\\/en\\\/product\\\/obie-adapted-games-bundle\\\/#breadcrumb\",\"itemListElement\":[{\"@type\":\"ListItem\",\"position\":1,\"name\":\"Home\",\"item\":\"https:\\\/\\\/staging.cdsboutique.com\\\/en\\\/\"},{\"@type\":\"ListItem\",\"position\":2,\"name\":\"Products\",\"item\":\"https:\\\/\\\/staging.cdsboutique.com\\\/en\\\/products\\\/\"},{\"@type\":\"ListItem\",\"position\":3,\"name\":\"Adapted Games Bundle for Obie (10)\"}]},{\"@type\":\"WebSite\",\"@id\":\"https:\\\/\\\/staging.cdsboutique.com\\\/#website\",\"url\":\"https:\\\/\\\/staging.cdsboutique.com\\\/\",\"name\":\"CDS boutique A\u00een\u00e9s\",\"description\":\"Pour une meilleure qualit\u00e9 de vie\",\"publisher\":{\"@id\":\"https:\\\/\\\/staging.cdsboutique.com\\\/#organization\"},\"potentialAction\":[{\"@type\":\"SearchAction\",\"target\":{\"@type\":\"EntryPoint\",\"urlTemplate\":\"https:\\\/\\\/staging.cdsboutique.com\\\/?s={search_term_string}\"},\"query-input\":{\"@type\":\"PropertyValueSpecification\",\"valueRequired\":true,\"valueName\":\"search_term_string\"}}],\"inLanguage\":\"en-US\"},{\"@type\":\"Organization\",\"@id\":\"https:\\\/\\\/staging.cdsboutique.com\\\/#organization\",\"name\":\"CDS Boutique\",\"url\":\"https:\\\/\\\/staging.cdsboutique.com\\\/\",\"logo\":{\"@type\":\"ImageObject\",\"inLanguage\":\"en-US\",\"@id\":\"https:\\\/\\\/staging.cdsboutique.com\\\/#\\\/schema\\\/logo\\\/image\\\/\",\"url\":\"https:\\\/\\\/staging.cdsboutique.com\\\/wp-content\\\/uploads\\\/2024\\\/09\\\/logoCDS-Boutique_final2024.jpg\",\"contentUrl\":\"https:\\\/\\\/staging.cdsboutique.com\\\/wp-content\\\/uploads\\\/2024\\\/09\\\/logoCDS-Boutique_final2024.jpg\",\"width\":900,\"height\":600,\"caption\":\"CDS Boutique\"},\"image\":{\"@id\":\"https:\\\/\\\/staging.cdsboutique.com\\\/#\\\/schema\\\/logo\\\/image\\\/\"},\"sameAs\":[\"https:\\\/\\\/www.facebook.com\\\/CDSBoutique.Aines.Seniors\",\"https:\\\/\\\/www.youtube.com\\\/@cdsboutique4046\",\"https:\\\/\\\/www.linkedin.com\\\/company\\\/cds-boutique\\\/\",\"https:\\\/\\\/www.instagram.com\\\/cdsboutique\\\/\"]}]}<\/script>\n<!-- \/ Yoast SEO plugin. -->","yoast_head_json":{"title":"Adapted Games Bundle for Obie (10) - CDS boutique A\u00een\u00e9s","description":"Discover our new set of games adapted to your residents in loss of autonomy, compatible with our Obie solutions! Colourful, varied and failure-free games!","robots":{"index":"noindex","follow":"follow","max-snippet":"max-snippet:-1","max-image-preview":"max-image-preview:large","max-video-preview":"max-video-preview:-1"},"og_locale":"en_US","og_type":"article","og_title":"Adapted Games Bundle for Obie (10) - CDS boutique A\u00een\u00e9s","og_description":"Discover our new set of games adapted to your residents in loss of autonomy, compatible with our Obie solutions! Colourful, varied and failure-free games!","og_url":"https:\/\/staging.cdsboutique.com\/en\/product\/obie-adapted-games-bundle\/","og_site_name":"CDS boutique A\u00een\u00e9s","article_publisher":"https:\/\/www.facebook.com\/CDSBoutique.Aines.Seniors","article_modified_time":"2025-10-21T14:07:48+00:00","og_image":[{"width":1080,"height":1080,"url":"https:\/\/staging.cdsboutique.com\/wp-content\/uploads\/2024\/11\/JeuxBundle_Promo_EN.png?_t=1761055668","type":"image\/png"}],"twitter_card":"summary_large_image","twitter_misc":{"Est. reading time":"2 minutes"},"schema":{"@context":"https:\/\/schema.org","@graph":[{"@type":"WebPage","@id":"https:\/\/staging.cdsboutique.com\/en\/product\/obie-adapted-games-bundle\/","url":"https:\/\/staging.cdsboutique.com\/en\/product\/obie-adapted-games-bundle\/","name":"Adapted Games Bundle for Obie (10) - CDS boutique A\u00een\u00e9s","isPartOf":{"@id":"https:\/\/staging.cdsboutique.com\/#website"},"primaryImageOfPage":{"@id":"https:\/\/staging.cdsboutique.com\/en\/product\/obie-adapted-games-bundle\/#primaryimage"},"image":{"@id":"https:\/\/staging.cdsboutique.com\/en\/product\/obie-adapted-games-bundle\/#primaryimage"},"thumbnailUrl":"https:\/\/staging.cdsboutique.com\/wp-content\/uploads\/2024\/11\/JeuxBundle_Promo_EN.png","datePublished":"2024-11-20T20:09:55+00:00","dateModified":"2025-10-21T14:07:48+00:00","description":"Discover our new set of games adapted to your residents in loss of autonomy, compatible with our Obie solutions! Colourful, varied and failure-free games!","breadcrumb":{"@id":"https:\/\/staging.cdsboutique.com\/en\/product\/obie-adapted-games-bundle\/#breadcrumb"},"inLanguage":"en-US","potentialAction":[{"@type":"ReadAction","target":["https:\/\/staging.cdsboutique.com\/en\/product\/obie-adapted-games-bundle\/"]}]},{"@type":"ImageObject","inLanguage":"en-US","@id":"https:\/\/staging.cdsboutique.com\/en\/product\/obie-adapted-games-bundle\/#primaryimage","url":"https:\/\/staging.cdsboutique.com\/wp-content\/uploads\/2024\/11\/JeuxBundle_Promo_EN.png","contentUrl":"https:\/\/staging.cdsboutique.com\/wp-content\/uploads\/2024\/11\/JeuxBundle_Promo_EN.png","width":1080,"height":1080},{"@type":"BreadcrumbList","@id":"https:\/\/staging.cdsboutique.com\/en\/product\/obie-adapted-games-bundle\/#breadcrumb","itemListElement":[{"@type":"ListItem","position":1,"name":"Home","item":"https:\/\/staging.cdsboutique.com\/en\/"},{"@type":"ListItem","position":2,"name":"Products","item":"https:\/\/staging.cdsboutique.com\/en\/products\/"},{"@type":"ListItem","position":3,"name":"Adapted Games Bundle for Obie (10)"}]},{"@type":"WebSite","@id":"https:\/\/staging.cdsboutique.com\/#website","url":"https:\/\/staging.cdsboutique.com\/","name":"CDS boutique A\u00een\u00e9s","description":"Pour une meilleure qualit\u00e9 de vie","publisher":{"@id":"https:\/\/staging.cdsboutique.com\/#organization"},"potentialAction":[{"@type":"SearchAction","target":{"@type":"EntryPoint","urlTemplate":"https:\/\/staging.cdsboutique.com\/?s={search_term_string}"},"query-input":{"@type":"PropertyValueSpecification","valueRequired":true,"valueName":"search_term_string"}}],"inLanguage":"en-US"},{"@type":"Organization","@id":"https:\/\/staging.cdsboutique.com\/#organization","name":"CDS Boutique","url":"https:\/\/staging.cdsboutique.com\/","logo":{"@type":"ImageObject","inLanguage":"en-US","@id":"https:\/\/staging.cdsboutique.com\/#\/schema\/logo\/image\/","url":"https:\/\/staging.cdsboutique.com\/wp-content\/uploads\/2024\/09\/logoCDS-Boutique_final2024.jpg","contentUrl":"https:\/\/staging.cdsboutique.com\/wp-content\/uploads\/2024\/09\/logoCDS-Boutique_final2024.jpg","width":900,"height":600,"caption":"CDS Boutique"},"image":{"@id":"https:\/\/staging.cdsboutique.com\/#\/schema\/logo\/image\/"},"sameAs":["https:\/\/www.facebook.com\/CDSBoutique.Aines.Seniors","https:\/\/www.youtube.com\/@cdsboutique4046","https:\/\/www.linkedin.com\/company\/cds-boutique\/","https:\/\/www.instagram.com\/cdsboutique\/"]}]}},"_links":{"self":[{"href":"https:\/\/staging.cdsboutique.com\/en\/wp-json\/wp\/v2\/product\/66956","targetHints":{"allow":["GET"]}}],"collection":[{"href":"https:\/\/staging.cdsboutique.com\/en\/wp-json\/wp\/v2\/product"}],"about":[{"href":"https:\/\/staging.cdsboutique.com\/en\/wp-json\/wp\/v2\/types\/product"}],"replies":[{"embeddable":true,"href":"https:\/\/staging.cdsboutique.com\/en\/wp-json\/wp\/v2\/comments?post=66956"}],"wp:featuredmedia":[{"embeddable":true,"href":"https:\/\/staging.cdsboutique.com\/en\/wp-json\/wp\/v2\/media\/67288"}],"wp:attachment":[{"href":"https:\/\/staging.cdsboutique.com\/en\/wp-json\/wp\/v2\/media?parent=66956"}],"wp:term":[{"taxonomy":"product_brand","embeddable":true,"href":"https:\/\/staging.cdsboutique.com\/en\/wp-json\/wp\/v2\/product_brand?post=66956"},{"taxonomy":"product_cat","embeddable":true,"href":"https:\/\/staging.cdsboutique.com\/en\/wp-json\/wp\/v2\/product_cat?post=66956"},{"taxonomy":"product_tag","embeddable":true,"href":"https:\/\/staging.cdsboutique.com\/en\/wp-json\/wp\/v2\/product_tag?post=66956"}],"curies":[{"name":"wp","href":"https:\/\/api.w.org\/{rel}","templated":true}]}}