{"id":69252,"date":"2025-06-10T09:49:12","date_gmt":"2025-06-10T13:49:12","guid":{"rendered":"https:\/\/cdsboutique.com\/?post_type=product&#038;p=69252"},"modified":"2025-06-11T11:42:08","modified_gmt":"2025-06-11T15:42:08","slug":"hugarounds-hugging-plush","status":"publish","type":"product","link":"https:\/\/staging.cdsboutique.com\/en\/produit\/hugarounds-hugging-plush\/","title":{"rendered":"Hugarounds &#8211; Hugging Plush"},"content":{"rendered":"<p data-start=\"82\" data-end=\"330\"><strong data-start=\"82\" data-end=\"155\">Let yourself be wrapped in the comforting softness of the Hugarounds.<\/strong> <strong>With their long weighted arms, these endearing companions gently hug you while diffusing soothing warmth. Heartwarming cuddles that will surely warm your residents\u2019 hearts.<\/strong><\/p>\n<p data-start=\"234\" data-end=\"249\"><strong><span style=\"color: #ffffff;\">.<\/span><\/strong><\/p>\n<p data-start=\"234\" data-end=\"249\"><strong data-start=\"234\" data-end=\"249\">Description<\/strong><\/p>\n<p data-start=\"251\" data-end=\"903\">The Hugaround is more than just a therapeutic heating plush: it\u2019s a calming embrace you can take anywhere. With long weighted arms that wrap around your neck, it provides an immediate sense of security and relaxation. You can heat it in the microwave to relieve muscle pain or place it in the freezer for a refreshing effect. Its 2.5 lb weight helps reduce stress and anxiety. Unlike other heating plush toys, it\u2019s filled with mold-resistant clay beads and is completely unscented. Designed with occupational therapists, this sensory companion is as adorable as it is effective\u2014a true wellness tool.<\/p>\n<p data-start=\"905\" data-end=\"917\"><span style=\"color: #ffffff;\">.<\/span><\/p>\n<p data-start=\"905\" data-end=\"917\"><strong data-start=\"905\" data-end=\"917\">Features<\/strong><\/p>\n<ul data-start=\"983\" data-end=\"1105\">\n<li data-start=\"1059\" data-end=\"1105\">Microwaveable or can be cooled in the freezer<\/li>\n<li data-start=\"1059\" data-end=\"1105\">Weight: 2.5 lb<\/li>\n<li data-start=\"1059\" data-end=\"1105\">Filled with clay beads<\/li>\n<li data-start=\"1059\" data-end=\"1105\">Ultra-soft, high-quality materials<\/li>\n<li data-start=\"1059\" data-end=\"1105\">Size: 30 in (arms open) x 8 in (height) x 4.5 in (thickness)<\/li>\n<\/ul>\n<p data-start=\"1107\" data-end=\"1129\"><span style=\"color: #ffffff;\">..<\/span><\/p>\n<p data-start=\"1107\" data-end=\"1129\"><strong data-start=\"1107\" data-end=\"1129\">Usage Instructions<\/strong><\/p>\n<p data-start=\"1131\" data-end=\"1511\" data-is-last-node=\"\" data-is-only-node=\"\">For a warm effect, place it in the microwave following the instructions on the product label (do not overheat). For a cold effect, place the Hugaround in a sealed bag and put it in the freezer for a few hours. Clean by hand with a damp cloth and mild soap. Do not immerse in water. Allow to air dry completely before use. Not suitable for children under 2 years old without supervision.<\/p>\n","protected":false},"excerpt":{"rendered":"<p>Let yourself be wrapped in the comforting softness of the Hugarounds. With their long weighted arms, these endearing companions gently hug you while diffusing soothing warmth. Heartwarming cuddles that will surely warm your residents\u2019 hearts. . Description The Hugaround is more than just a therapeutic heating plush: it\u2019s a calming embrace you can take anywhere. [&hellip;]<\/p>\n","protected":false},"featured_media":70392,"comment_status":"open","ping_status":"closed","template":"","meta":{"_acf_changed":false},"product_brand":[],"product_cat":[4401,4091],"product_tag":[4680],"class_list":{"0":"post-69252","1":"product","2":"type-product","3":"status-publish","4":"has-post-thumbnail","6":"product_cat-all","7":"product_cat-new-arrivals","8":"product_tag-news-en","9":"product_shipping_class-frais-de-livraison-en","11":"first","12":"instock","13":"taxable","14":"shipping-taxable","15":"purchasable","16":"product-type-variable"},"bundled_by":["72283"],"bundle_stock_status":"instock","bundle_stock_quantity":null,"bundle_virtual":false,"bundle_layout":"","bundle_add_to_cart_form_location":"","bundle_editable_in_cart":false,"bundle_sold_individually_context":"","bundle_item_grouping":"","bundle_min_size":"","bundle_max_size":"","bundle_price":[],"bundled_items":[],"bundle_sell_ids":[],"acf":[],"featured_image_urls_v2":{"full":["https:\/\/staging.cdsboutique.com\/wp-content\/uploads\/2025\/06\/hugaround_lifestyle.png",1080,1350,false],"thumbnail":["https:\/\/staging.cdsboutique.com\/wp-content\/uploads\/2025\/06\/hugaround_lifestyle-150x150.png",150,150,true],"medium":["https:\/\/staging.cdsboutique.com\/wp-content\/uploads\/2025\/06\/hugaround_lifestyle-240x300.png",240,300,true],"medium_large":["https:\/\/staging.cdsboutique.com\/wp-content\/uploads\/2025\/06\/hugaround_lifestyle-768x960.png",768,960,true],"large":["https:\/\/staging.cdsboutique.com\/wp-content\/uploads\/2025\/06\/hugaround_lifestyle-819x1024.png",819,1024,true],"1536x1536":["https:\/\/staging.cdsboutique.com\/wp-content\/uploads\/2025\/06\/hugaround_lifestyle.png",1080,1350,false],"2048x2048":["https:\/\/staging.cdsboutique.com\/wp-content\/uploads\/2025\/06\/hugaround_lifestyle.png",1080,1350,false],"gform-image-choice-sm":["https:\/\/staging.cdsboutique.com\/wp-content\/uploads\/2025\/06\/hugaround_lifestyle.png",240,300,false],"gform-image-choice-md":["https:\/\/staging.cdsboutique.com\/wp-content\/uploads\/2025\/06\/hugaround_lifestyle.png",320,400,false],"gform-image-choice-lg":["https:\/\/staging.cdsboutique.com\/wp-content\/uploads\/2025\/06\/hugaround_lifestyle.png",480,600,false],"woocommerce_thumbnail":["https:\/\/staging.cdsboutique.com\/wp-content\/uploads\/2025\/06\/hugaround_lifestyle-300x375.png",300,375,true],"woocommerce_single":["https:\/\/staging.cdsboutique.com\/wp-content\/uploads\/2025\/06\/hugaround_lifestyle-600x750.png",600,750,true],"woocommerce_gallery_thumbnail":["https:\/\/staging.cdsboutique.com\/wp-content\/uploads\/2025\/06\/hugaround_lifestyle-100x100.png",100,100,true],"variation_swatches_image_size":["https:\/\/staging.cdsboutique.com\/wp-content\/uploads\/2025\/06\/hugaround_lifestyle-50x50.png",50,50,true],"variation_swatches_tooltip_size":["https:\/\/staging.cdsboutique.com\/wp-content\/uploads\/2025\/06\/hugaround_lifestyle-100x100.png",100,100,true],"logo-size":["https:\/\/staging.cdsboutique.com\/wp-content\/uploads\/2025\/06\/hugaround_lifestyle-67x84.png",67,84,true],"blog":["https:\/\/staging.cdsboutique.com\/wp-content\/uploads\/2025\/06\/hugaround_lifestyle-350x260.png",350,260,true]},"post_excerpt_stackable_v2":"<p>Let yourself be wrapped in the comforting softness of the Hugarounds. With their long weighted arms, these endearing companions gently hug you while diffusing soothing warmth. Heartwarming cuddles that will surely warm your residents\u2019 hearts. . Description The Hugaround is more than just a therapeutic heating plush: it\u2019s a calming embrace you can take anywhere. With long weighted arms that wrap around your neck, it provides an immediate sense of security and relaxation. You can heat it in the microwave to relieve muscle pain or place it in the freezer for a refreshing effect. Its 2.5 lb weight helps reduce&hellip;<\/p>\n","category_list_v2":"","author_info_v2":{"name":"","url":""},"comments_num_v2":"0 comments","yoast_head":"<!-- This site is optimized with the Yoast SEO plugin v27.4 - https:\/\/yoast.com\/product\/yoast-seo-wordpress\/ -->\n<title>Hugarounds - Hugging Plush - CDS boutique A\u00een\u00e9s<\/title>\n<meta name=\"description\" content=\"Hugaround, the therapeutic hugging plush with weighted arms, provides warmth, relaxation, and comfort to seniors and anxious adults.\" \/>\n<meta name=\"robots\" content=\"noindex, follow, max-snippet:-1, max-image-preview:large, max-video-preview:-1\" \/>\n<meta property=\"og:locale\" content=\"en_US\" \/>\n<meta property=\"og:type\" content=\"article\" \/>\n<meta property=\"og:title\" content=\"Hugarounds - Hugging Plush - CDS boutique A\u00een\u00e9s\" \/>\n<meta property=\"og:description\" content=\"Hugaround, the therapeutic hugging plush with weighted arms, provides warmth, relaxation, and comfort to seniors and anxious adults.\" \/>\n<meta property=\"og:url\" content=\"https:\/\/staging.cdsboutique.com\/en\/product\/hugarounds-hugging-plush\/\" \/>\n<meta property=\"og:site_name\" content=\"CDS boutique A\u00een\u00e9s\" \/>\n<meta property=\"article:publisher\" content=\"https:\/\/www.facebook.com\/CDSBoutique.Aines.Seniors\" \/>\n<meta property=\"article:modified_time\" content=\"2025-06-11T15:42:08+00:00\" \/>\n<meta property=\"og:image\" content=\"https:\/\/staging.cdsboutique.com\/wp-content\/uploads\/2025\/06\/hi_res-b1-Hugimals-World_r1_01I_9894-1-scaled.jpg?_t=1749662804\" \/>\n\t<meta property=\"og:image:width\" content=\"2560\" \/>\n\t<meta property=\"og:image:height\" content=\"1707\" \/>\n\t<meta property=\"og:image:type\" content=\"image\/jpeg\" \/>\n<meta name=\"twitter:card\" content=\"summary_large_image\" \/>\n<meta name=\"twitter:label1\" content=\"Est. reading time\" \/>\n\t<meta name=\"twitter:data1\" content=\"2 minutes\" \/>\n<script type=\"application\/ld+json\" class=\"yoast-schema-graph\">{\"@context\":\"https:\\\/\\\/schema.org\",\"@graph\":[{\"@type\":\"WebPage\",\"@id\":\"https:\\\/\\\/staging.cdsboutique.com\\\/en\\\/product\\\/hugarounds-hugging-plush\\\/\",\"url\":\"https:\\\/\\\/staging.cdsboutique.com\\\/en\\\/product\\\/hugarounds-hugging-plush\\\/\",\"name\":\"Hugarounds - Hugging Plush - CDS boutique A\u00een\u00e9s\",\"isPartOf\":{\"@id\":\"https:\\\/\\\/staging.cdsboutique.com\\\/#website\"},\"primaryImageOfPage\":{\"@id\":\"https:\\\/\\\/staging.cdsboutique.com\\\/en\\\/product\\\/hugarounds-hugging-plush\\\/#primaryimage\"},\"image\":{\"@id\":\"https:\\\/\\\/staging.cdsboutique.com\\\/en\\\/product\\\/hugarounds-hugging-plush\\\/#primaryimage\"},\"thumbnailUrl\":\"https:\\\/\\\/staging.cdsboutique.com\\\/wp-content\\\/uploads\\\/2025\\\/06\\\/hugaround_lifestyle.png\",\"datePublished\":\"2025-06-10T13:49:12+00:00\",\"dateModified\":\"2025-06-11T15:42:08+00:00\",\"description\":\"Hugaround, the therapeutic hugging plush with weighted arms, provides warmth, relaxation, and comfort to seniors and anxious adults.\",\"breadcrumb\":{\"@id\":\"https:\\\/\\\/staging.cdsboutique.com\\\/en\\\/product\\\/hugarounds-hugging-plush\\\/#breadcrumb\"},\"inLanguage\":\"en-US\",\"potentialAction\":[{\"@type\":\"ReadAction\",\"target\":[\"https:\\\/\\\/staging.cdsboutique.com\\\/en\\\/product\\\/hugarounds-hugging-plush\\\/\"]}]},{\"@type\":\"ImageObject\",\"inLanguage\":\"en-US\",\"@id\":\"https:\\\/\\\/staging.cdsboutique.com\\\/en\\\/product\\\/hugarounds-hugging-plush\\\/#primaryimage\",\"url\":\"https:\\\/\\\/staging.cdsboutique.com\\\/wp-content\\\/uploads\\\/2025\\\/06\\\/hugaround_lifestyle.png\",\"contentUrl\":\"https:\\\/\\\/staging.cdsboutique.com\\\/wp-content\\\/uploads\\\/2025\\\/06\\\/hugaround_lifestyle.png\",\"width\":1080,\"height\":1350},{\"@type\":\"BreadcrumbList\",\"@id\":\"https:\\\/\\\/staging.cdsboutique.com\\\/en\\\/product\\\/hugarounds-hugging-plush\\\/#breadcrumb\",\"itemListElement\":[{\"@type\":\"ListItem\",\"position\":1,\"name\":\"Home\",\"item\":\"https:\\\/\\\/staging.cdsboutique.com\\\/en\\\/\"},{\"@type\":\"ListItem\",\"position\":2,\"name\":\"Products\",\"item\":\"https:\\\/\\\/staging.cdsboutique.com\\\/en\\\/products\\\/\"},{\"@type\":\"ListItem\",\"position\":3,\"name\":\"Hugarounds &#8211; Hugging Plush\"}]},{\"@type\":\"WebSite\",\"@id\":\"https:\\\/\\\/staging.cdsboutique.com\\\/#website\",\"url\":\"https:\\\/\\\/staging.cdsboutique.com\\\/\",\"name\":\"CDS boutique A\u00een\u00e9s\",\"description\":\"Pour une meilleure qualit\u00e9 de vie\",\"publisher\":{\"@id\":\"https:\\\/\\\/staging.cdsboutique.com\\\/#organization\"},\"potentialAction\":[{\"@type\":\"SearchAction\",\"target\":{\"@type\":\"EntryPoint\",\"urlTemplate\":\"https:\\\/\\\/staging.cdsboutique.com\\\/?s={search_term_string}\"},\"query-input\":{\"@type\":\"PropertyValueSpecification\",\"valueRequired\":true,\"valueName\":\"search_term_string\"}}],\"inLanguage\":\"en-US\"},{\"@type\":\"Organization\",\"@id\":\"https:\\\/\\\/staging.cdsboutique.com\\\/#organization\",\"name\":\"CDS Boutique\",\"url\":\"https:\\\/\\\/staging.cdsboutique.com\\\/\",\"logo\":{\"@type\":\"ImageObject\",\"inLanguage\":\"en-US\",\"@id\":\"https:\\\/\\\/staging.cdsboutique.com\\\/#\\\/schema\\\/logo\\\/image\\\/\",\"url\":\"https:\\\/\\\/staging.cdsboutique.com\\\/wp-content\\\/uploads\\\/2024\\\/09\\\/logoCDS-Boutique_final2024.jpg\",\"contentUrl\":\"https:\\\/\\\/staging.cdsboutique.com\\\/wp-content\\\/uploads\\\/2024\\\/09\\\/logoCDS-Boutique_final2024.jpg\",\"width\":900,\"height\":600,\"caption\":\"CDS Boutique\"},\"image\":{\"@id\":\"https:\\\/\\\/staging.cdsboutique.com\\\/#\\\/schema\\\/logo\\\/image\\\/\"},\"sameAs\":[\"https:\\\/\\\/www.facebook.com\\\/CDSBoutique.Aines.Seniors\",\"https:\\\/\\\/www.youtube.com\\\/@cdsboutique4046\",\"https:\\\/\\\/www.linkedin.com\\\/company\\\/cds-boutique\\\/\",\"https:\\\/\\\/www.instagram.com\\\/cdsboutique\\\/\"]}]}<\/script>\n<!-- \/ Yoast SEO plugin. -->","yoast_head_json":{"title":"Hugarounds - Hugging Plush - CDS boutique A\u00een\u00e9s","description":"Hugaround, the therapeutic hugging plush with weighted arms, provides warmth, relaxation, and comfort to seniors and anxious adults.","robots":{"index":"noindex","follow":"follow","max-snippet":"max-snippet:-1","max-image-preview":"max-image-preview:large","max-video-preview":"max-video-preview:-1"},"og_locale":"en_US","og_type":"article","og_title":"Hugarounds - Hugging Plush - CDS boutique A\u00een\u00e9s","og_description":"Hugaround, the therapeutic hugging plush with weighted arms, provides warmth, relaxation, and comfort to seniors and anxious adults.","og_url":"https:\/\/staging.cdsboutique.com\/en\/product\/hugarounds-hugging-plush\/","og_site_name":"CDS boutique A\u00een\u00e9s","article_publisher":"https:\/\/www.facebook.com\/CDSBoutique.Aines.Seniors","article_modified_time":"2025-06-11T15:42:08+00:00","og_image":[{"width":2560,"height":1707,"url":"https:\/\/staging.cdsboutique.com\/wp-content\/uploads\/2025\/06\/hi_res-b1-Hugimals-World_r1_01I_9894-1-scaled.jpg?_t=1749662804","type":"image\/jpeg"}],"twitter_card":"summary_large_image","twitter_misc":{"Est. reading time":"2 minutes"},"schema":{"@context":"https:\/\/schema.org","@graph":[{"@type":"WebPage","@id":"https:\/\/staging.cdsboutique.com\/en\/product\/hugarounds-hugging-plush\/","url":"https:\/\/staging.cdsboutique.com\/en\/product\/hugarounds-hugging-plush\/","name":"Hugarounds - Hugging Plush - CDS boutique A\u00een\u00e9s","isPartOf":{"@id":"https:\/\/staging.cdsboutique.com\/#website"},"primaryImageOfPage":{"@id":"https:\/\/staging.cdsboutique.com\/en\/product\/hugarounds-hugging-plush\/#primaryimage"},"image":{"@id":"https:\/\/staging.cdsboutique.com\/en\/product\/hugarounds-hugging-plush\/#primaryimage"},"thumbnailUrl":"https:\/\/staging.cdsboutique.com\/wp-content\/uploads\/2025\/06\/hugaround_lifestyle.png","datePublished":"2025-06-10T13:49:12+00:00","dateModified":"2025-06-11T15:42:08+00:00","description":"Hugaround, the therapeutic hugging plush with weighted arms, provides warmth, relaxation, and comfort to seniors and anxious adults.","breadcrumb":{"@id":"https:\/\/staging.cdsboutique.com\/en\/product\/hugarounds-hugging-plush\/#breadcrumb"},"inLanguage":"en-US","potentialAction":[{"@type":"ReadAction","target":["https:\/\/staging.cdsboutique.com\/en\/product\/hugarounds-hugging-plush\/"]}]},{"@type":"ImageObject","inLanguage":"en-US","@id":"https:\/\/staging.cdsboutique.com\/en\/product\/hugarounds-hugging-plush\/#primaryimage","url":"https:\/\/staging.cdsboutique.com\/wp-content\/uploads\/2025\/06\/hugaround_lifestyle.png","contentUrl":"https:\/\/staging.cdsboutique.com\/wp-content\/uploads\/2025\/06\/hugaround_lifestyle.png","width":1080,"height":1350},{"@type":"BreadcrumbList","@id":"https:\/\/staging.cdsboutique.com\/en\/product\/hugarounds-hugging-plush\/#breadcrumb","itemListElement":[{"@type":"ListItem","position":1,"name":"Home","item":"https:\/\/staging.cdsboutique.com\/en\/"},{"@type":"ListItem","position":2,"name":"Products","item":"https:\/\/staging.cdsboutique.com\/en\/products\/"},{"@type":"ListItem","position":3,"name":"Hugarounds &#8211; Hugging Plush"}]},{"@type":"WebSite","@id":"https:\/\/staging.cdsboutique.com\/#website","url":"https:\/\/staging.cdsboutique.com\/","name":"CDS boutique A\u00een\u00e9s","description":"Pour une meilleure qualit\u00e9 de vie","publisher":{"@id":"https:\/\/staging.cdsboutique.com\/#organization"},"potentialAction":[{"@type":"SearchAction","target":{"@type":"EntryPoint","urlTemplate":"https:\/\/staging.cdsboutique.com\/?s={search_term_string}"},"query-input":{"@type":"PropertyValueSpecification","valueRequired":true,"valueName":"search_term_string"}}],"inLanguage":"en-US"},{"@type":"Organization","@id":"https:\/\/staging.cdsboutique.com\/#organization","name":"CDS Boutique","url":"https:\/\/staging.cdsboutique.com\/","logo":{"@type":"ImageObject","inLanguage":"en-US","@id":"https:\/\/staging.cdsboutique.com\/#\/schema\/logo\/image\/","url":"https:\/\/staging.cdsboutique.com\/wp-content\/uploads\/2024\/09\/logoCDS-Boutique_final2024.jpg","contentUrl":"https:\/\/staging.cdsboutique.com\/wp-content\/uploads\/2024\/09\/logoCDS-Boutique_final2024.jpg","width":900,"height":600,"caption":"CDS Boutique"},"image":{"@id":"https:\/\/staging.cdsboutique.com\/#\/schema\/logo\/image\/"},"sameAs":["https:\/\/www.facebook.com\/CDSBoutique.Aines.Seniors","https:\/\/www.youtube.com\/@cdsboutique4046","https:\/\/www.linkedin.com\/company\/cds-boutique\/","https:\/\/www.instagram.com\/cdsboutique\/"]}]}},"_links":{"self":[{"href":"https:\/\/staging.cdsboutique.com\/en\/wp-json\/wp\/v2\/product\/69252","targetHints":{"allow":["GET"]}}],"collection":[{"href":"https:\/\/staging.cdsboutique.com\/en\/wp-json\/wp\/v2\/product"}],"about":[{"href":"https:\/\/staging.cdsboutique.com\/en\/wp-json\/wp\/v2\/types\/product"}],"replies":[{"embeddable":true,"href":"https:\/\/staging.cdsboutique.com\/en\/wp-json\/wp\/v2\/comments?post=69252"}],"wp:featuredmedia":[{"embeddable":true,"href":"https:\/\/staging.cdsboutique.com\/en\/wp-json\/wp\/v2\/media\/70392"}],"wp:attachment":[{"href":"https:\/\/staging.cdsboutique.com\/en\/wp-json\/wp\/v2\/media?parent=69252"}],"wp:term":[{"taxonomy":"product_brand","embeddable":true,"href":"https:\/\/staging.cdsboutique.com\/en\/wp-json\/wp\/v2\/product_brand?post=69252"},{"taxonomy":"product_cat","embeddable":true,"href":"https:\/\/staging.cdsboutique.com\/en\/wp-json\/wp\/v2\/product_cat?post=69252"},{"taxonomy":"product_tag","embeddable":true,"href":"https:\/\/staging.cdsboutique.com\/en\/wp-json\/wp\/v2\/product_tag?post=69252"}],"curies":[{"name":"wp","href":"https:\/\/api.w.org\/{rel}","templated":true}]}}