{"id":69400,"date":"2025-07-31T15:49:06","date_gmt":"2025-07-31T19:49:06","guid":{"rendered":"https:\/\/cdsboutique.com\/?post_type=product&#038;p=69400"},"modified":"2025-08-01T08:46:00","modified_gmt":"2025-08-01T12:46:00","slug":"weighted-table-spoon","status":"publish","type":"product","link":"https:\/\/staging.cdsboutique.com\/en\/produit\/weighted-table-spoon\/","title":{"rendered":"Weighted table spoon"},"content":{"rendered":"<p data-start=\"50\" data-end=\"249\"><strong data-start=\"50\" data-end=\"128\">Rediscover the joy of eating independently with this weighted table spoon. Designed to provide an easy grip and stabilize movements, it helps seniors eat more comfortably and with confidence.<\/strong><\/p>\n<p data-start=\"50\" data-end=\"249\"><span style=\"color: #ffffff;\">.<\/span><\/p>\n<p data-start=\"50\" data-end=\"249\"><strong>Description<\/strong><\/p>\n<p data-start=\"270\" data-end=\"660\">The weighted spoon features a handle weighing 170 g, providing greater stability to guide the utensil to the mouth. Its bendable metal handle can be adjusted to suit both right- and left-handed users, making mealtimes easier for individuals with hand tremors or reduced strength. By improving movement precision, this spoon promotes independence and makes mealtime more enjoyable.<\/p>\n<p data-start=\"270\" data-end=\"660\"><span style=\"color: #ffffff;\">.<\/span><\/p>\n<p data-start=\"270\" data-end=\"660\"><strong>Features of the Weighted Table Spoon<\/strong><\/p>\n<ul>\n<li data-start=\"708\" data-end=\"745\">170 g weight for improved stability<\/li>\n<li data-start=\"708\" data-end=\"745\">Bendable metal handle for right- or left-handed users<\/li>\n<li data-start=\"804\" data-end=\"831\">\n<p data-start=\"806\" data-end=\"831\">Not dishwasher safe<\/p>\n<\/li>\n<\/ul>\n<p><span style=\"color: #ffffff;\">.<\/span><\/p>\n<p><strong>Instructions for Use<\/strong><\/p>\n<p data-start=\"861\" data-end=\"1036\">Adjust the angle of the handle for the user\u2019s comfort. Ensure the user holds the spoon by its weighted handle to stabilize movements and bring food to the mouth more easily.<\/p>\n","protected":false},"excerpt":{"rendered":"<p>Rediscover the joy of eating independently with this weighted table spoon. Designed to provide an easy grip and stabilize movements, it helps seniors eat more comfortably and with confidence. . Description The weighted spoon features a handle weighing 170 g, providing greater stability to guide the utensil to the mouth. Its bendable metal handle can [&hellip;]<\/p>\n","protected":false},"featured_media":69402,"comment_status":"open","ping_status":"closed","template":"","meta":{"_acf_changed":false},"product_brand":[],"product_cat":[4401,2956],"product_tag":[],"class_list":{"0":"post-69400","1":"product","2":"type-product","3":"status-publish","4":"has-post-thumbnail","6":"product_cat-all","7":"product_cat-ustensils-kitchenware","8":"product_shipping_class-frais-de-livraison-en","10":"first","11":"instock","12":"taxable","13":"shipping-taxable","14":"purchasable","15":"product-type-simple"},"bundled_by":[],"bundle_stock_status":"instock","bundle_stock_quantity":null,"bundle_virtual":false,"bundle_layout":"","bundle_add_to_cart_form_location":"","bundle_editable_in_cart":false,"bundle_sold_individually_context":"","bundle_item_grouping":"","bundle_min_size":"","bundle_max_size":"","bundle_price":[],"bundled_items":[],"bundle_sell_ids":[],"acf":[],"featured_image_urls_v2":{"full":["https:\/\/staging.cdsboutique.com\/wp-content\/uploads\/2025\/07\/AV027_ustensile.png",500,500,false],"thumbnail":["https:\/\/staging.cdsboutique.com\/wp-content\/uploads\/2025\/07\/AV027_ustensile-150x150.png",150,150,true],"medium":["https:\/\/staging.cdsboutique.com\/wp-content\/uploads\/2025\/07\/AV027_ustensile-300x300.png",300,300,true],"medium_large":["https:\/\/staging.cdsboutique.com\/wp-content\/uploads\/2025\/07\/AV027_ustensile.png",500,500,false],"large":["https:\/\/staging.cdsboutique.com\/wp-content\/uploads\/2025\/07\/AV027_ustensile.png",500,500,false],"1536x1536":["https:\/\/staging.cdsboutique.com\/wp-content\/uploads\/2025\/07\/AV027_ustensile.png",500,500,false],"2048x2048":["https:\/\/staging.cdsboutique.com\/wp-content\/uploads\/2025\/07\/AV027_ustensile.png",500,500,false],"gform-image-choice-sm":["https:\/\/staging.cdsboutique.com\/wp-content\/uploads\/2025\/07\/AV027_ustensile.png",300,300,false],"gform-image-choice-md":["https:\/\/staging.cdsboutique.com\/wp-content\/uploads\/2025\/07\/AV027_ustensile.png",400,400,false],"gform-image-choice-lg":["https:\/\/staging.cdsboutique.com\/wp-content\/uploads\/2025\/07\/AV027_ustensile.png",500,500,false],"woocommerce_thumbnail":["https:\/\/staging.cdsboutique.com\/wp-content\/uploads\/2025\/07\/AV027_ustensile-300x300.png",300,300,true],"woocommerce_single":["https:\/\/staging.cdsboutique.com\/wp-content\/uploads\/2025\/07\/AV027_ustensile.png",500,500,false],"woocommerce_gallery_thumbnail":["https:\/\/staging.cdsboutique.com\/wp-content\/uploads\/2025\/07\/AV027_ustensile-100x100.png",100,100,true],"variation_swatches_image_size":["https:\/\/staging.cdsboutique.com\/wp-content\/uploads\/2025\/07\/AV027_ustensile-50x50.png",50,50,true],"variation_swatches_tooltip_size":["https:\/\/staging.cdsboutique.com\/wp-content\/uploads\/2025\/07\/AV027_ustensile-100x100.png",100,100,true],"logo-size":["https:\/\/staging.cdsboutique.com\/wp-content\/uploads\/2025\/07\/AV027_ustensile-84x84.png",84,84,true],"blog":["https:\/\/staging.cdsboutique.com\/wp-content\/uploads\/2025\/07\/AV027_ustensile-350x260.png",350,260,true]},"post_excerpt_stackable_v2":"<p>Rediscover the joy of eating independently with this weighted table spoon. Designed to provide an easy grip and stabilize movements, it helps seniors eat more comfortably and with confidence. . Description The weighted spoon features a handle weighing 170 g, providing greater stability to guide the utensil to the mouth. Its bendable metal handle can be adjusted to suit both right- and left-handed users, making mealtimes easier for individuals with hand tremors or reduced strength. By improving movement precision, this spoon promotes independence and makes mealtime more enjoyable. . Features of the Weighted Table Spoon 170 g weight for improved&hellip;<\/p>\n","category_list_v2":"","author_info_v2":{"name":"","url":""},"comments_num_v2":"0 comments","yoast_head":"<!-- This site is optimized with the Yoast SEO plugin v27.4 - https:\/\/yoast.com\/product\/yoast-seo-wordpress\/ -->\n<title>Weighted table spoon - CDS boutique A\u00een\u00e9s<\/title>\n<meta name=\"description\" content=\"The 170 g weighted table spoon provides stability and comfort, helping seniors maintain independence and improve precision at mealtime.\" \/>\n<meta name=\"robots\" content=\"noindex, follow, max-snippet:-1, max-image-preview:large, max-video-preview:-1\" \/>\n<meta property=\"og:locale\" content=\"en_US\" \/>\n<meta property=\"og:type\" content=\"article\" \/>\n<meta property=\"og:title\" content=\"Weighted table spoon - CDS boutique A\u00een\u00e9s\" \/>\n<meta property=\"og:description\" content=\"The 170 g weighted table spoon provides stability and comfort, helping seniors maintain independence and improve precision at mealtime.\" \/>\n<meta property=\"og:url\" content=\"https:\/\/staging.cdsboutique.com\/en\/product\/weighted-table-spoon\/\" \/>\n<meta property=\"og:site_name\" content=\"CDS boutique A\u00een\u00e9s\" \/>\n<meta property=\"article:publisher\" content=\"https:\/\/www.facebook.com\/CDSBoutique.Aines.Seniors\" \/>\n<meta property=\"article:modified_time\" content=\"2025-08-01T12:46:00+00:00\" \/>\n<meta property=\"og:image\" content=\"https:\/\/staging.cdsboutique.com\/wp-content\/uploads\/2025\/07\/AV027_ustensile.png?_t=1754052360\" \/>\n\t<meta property=\"og:image:width\" content=\"500\" \/>\n\t<meta property=\"og:image:height\" content=\"500\" \/>\n\t<meta property=\"og:image:type\" content=\"image\/png\" \/>\n<meta name=\"twitter:card\" content=\"summary_large_image\" \/>\n<meta name=\"twitter:label1\" content=\"Est. reading time\" \/>\n\t<meta name=\"twitter:data1\" content=\"1 minute\" \/>\n<script type=\"application\/ld+json\" class=\"yoast-schema-graph\">{\"@context\":\"https:\\\/\\\/schema.org\",\"@graph\":[{\"@type\":\"WebPage\",\"@id\":\"https:\\\/\\\/staging.cdsboutique.com\\\/en\\\/product\\\/weighted-table-spoon\\\/\",\"url\":\"https:\\\/\\\/staging.cdsboutique.com\\\/en\\\/product\\\/weighted-table-spoon\\\/\",\"name\":\"Weighted table spoon - CDS boutique A\u00een\u00e9s\",\"isPartOf\":{\"@id\":\"https:\\\/\\\/staging.cdsboutique.com\\\/#website\"},\"primaryImageOfPage\":{\"@id\":\"https:\\\/\\\/staging.cdsboutique.com\\\/en\\\/product\\\/weighted-table-spoon\\\/#primaryimage\"},\"image\":{\"@id\":\"https:\\\/\\\/staging.cdsboutique.com\\\/en\\\/product\\\/weighted-table-spoon\\\/#primaryimage\"},\"thumbnailUrl\":\"https:\\\/\\\/staging.cdsboutique.com\\\/wp-content\\\/uploads\\\/2025\\\/07\\\/AV027_ustensile.png\",\"datePublished\":\"2025-07-31T19:49:06+00:00\",\"dateModified\":\"2025-08-01T12:46:00+00:00\",\"description\":\"The 170 g weighted table spoon provides stability and comfort, helping seniors maintain independence and improve precision at mealtime.\",\"breadcrumb\":{\"@id\":\"https:\\\/\\\/staging.cdsboutique.com\\\/en\\\/product\\\/weighted-table-spoon\\\/#breadcrumb\"},\"inLanguage\":\"en-US\",\"potentialAction\":[{\"@type\":\"ReadAction\",\"target\":[\"https:\\\/\\\/staging.cdsboutique.com\\\/en\\\/product\\\/weighted-table-spoon\\\/\"]}]},{\"@type\":\"ImageObject\",\"inLanguage\":\"en-US\",\"@id\":\"https:\\\/\\\/staging.cdsboutique.com\\\/en\\\/product\\\/weighted-table-spoon\\\/#primaryimage\",\"url\":\"https:\\\/\\\/staging.cdsboutique.com\\\/wp-content\\\/uploads\\\/2025\\\/07\\\/AV027_ustensile.png\",\"contentUrl\":\"https:\\\/\\\/staging.cdsboutique.com\\\/wp-content\\\/uploads\\\/2025\\\/07\\\/AV027_ustensile.png\",\"width\":500,\"height\":500,\"caption\":\"Cuill\u00e8re \u00e0 table alourdie - Weighted table spoon\"},{\"@type\":\"BreadcrumbList\",\"@id\":\"https:\\\/\\\/staging.cdsboutique.com\\\/en\\\/product\\\/weighted-table-spoon\\\/#breadcrumb\",\"itemListElement\":[{\"@type\":\"ListItem\",\"position\":1,\"name\":\"Home\",\"item\":\"https:\\\/\\\/staging.cdsboutique.com\\\/en\\\/\"},{\"@type\":\"ListItem\",\"position\":2,\"name\":\"Products\",\"item\":\"https:\\\/\\\/staging.cdsboutique.com\\\/en\\\/products\\\/\"},{\"@type\":\"ListItem\",\"position\":3,\"name\":\"Weighted table spoon\"}]},{\"@type\":\"WebSite\",\"@id\":\"https:\\\/\\\/staging.cdsboutique.com\\\/#website\",\"url\":\"https:\\\/\\\/staging.cdsboutique.com\\\/\",\"name\":\"CDS boutique A\u00een\u00e9s\",\"description\":\"Pour une meilleure qualit\u00e9 de vie\",\"publisher\":{\"@id\":\"https:\\\/\\\/staging.cdsboutique.com\\\/#organization\"},\"potentialAction\":[{\"@type\":\"SearchAction\",\"target\":{\"@type\":\"EntryPoint\",\"urlTemplate\":\"https:\\\/\\\/staging.cdsboutique.com\\\/?s={search_term_string}\"},\"query-input\":{\"@type\":\"PropertyValueSpecification\",\"valueRequired\":true,\"valueName\":\"search_term_string\"}}],\"inLanguage\":\"en-US\"},{\"@type\":\"Organization\",\"@id\":\"https:\\\/\\\/staging.cdsboutique.com\\\/#organization\",\"name\":\"CDS Boutique\",\"url\":\"https:\\\/\\\/staging.cdsboutique.com\\\/\",\"logo\":{\"@type\":\"ImageObject\",\"inLanguage\":\"en-US\",\"@id\":\"https:\\\/\\\/staging.cdsboutique.com\\\/#\\\/schema\\\/logo\\\/image\\\/\",\"url\":\"https:\\\/\\\/staging.cdsboutique.com\\\/wp-content\\\/uploads\\\/2024\\\/09\\\/logoCDS-Boutique_final2024.jpg\",\"contentUrl\":\"https:\\\/\\\/staging.cdsboutique.com\\\/wp-content\\\/uploads\\\/2024\\\/09\\\/logoCDS-Boutique_final2024.jpg\",\"width\":900,\"height\":600,\"caption\":\"CDS Boutique\"},\"image\":{\"@id\":\"https:\\\/\\\/staging.cdsboutique.com\\\/#\\\/schema\\\/logo\\\/image\\\/\"},\"sameAs\":[\"https:\\\/\\\/www.facebook.com\\\/CDSBoutique.Aines.Seniors\",\"https:\\\/\\\/www.youtube.com\\\/@cdsboutique4046\",\"https:\\\/\\\/www.linkedin.com\\\/company\\\/cds-boutique\\\/\",\"https:\\\/\\\/www.instagram.com\\\/cdsboutique\\\/\"]}]}<\/script>\n<!-- \/ Yoast SEO plugin. -->","yoast_head_json":{"title":"Weighted table spoon - CDS boutique A\u00een\u00e9s","description":"The 170 g weighted table spoon provides stability and comfort, helping seniors maintain independence and improve precision at mealtime.","robots":{"index":"noindex","follow":"follow","max-snippet":"max-snippet:-1","max-image-preview":"max-image-preview:large","max-video-preview":"max-video-preview:-1"},"og_locale":"en_US","og_type":"article","og_title":"Weighted table spoon - CDS boutique A\u00een\u00e9s","og_description":"The 170 g weighted table spoon provides stability and comfort, helping seniors maintain independence and improve precision at mealtime.","og_url":"https:\/\/staging.cdsboutique.com\/en\/product\/weighted-table-spoon\/","og_site_name":"CDS boutique A\u00een\u00e9s","article_publisher":"https:\/\/www.facebook.com\/CDSBoutique.Aines.Seniors","article_modified_time":"2025-08-01T12:46:00+00:00","og_image":[{"width":500,"height":500,"url":"https:\/\/staging.cdsboutique.com\/wp-content\/uploads\/2025\/07\/AV027_ustensile.png?_t=1754052360","type":"image\/png"}],"twitter_card":"summary_large_image","twitter_misc":{"Est. reading time":"1 minute"},"schema":{"@context":"https:\/\/schema.org","@graph":[{"@type":"WebPage","@id":"https:\/\/staging.cdsboutique.com\/en\/product\/weighted-table-spoon\/","url":"https:\/\/staging.cdsboutique.com\/en\/product\/weighted-table-spoon\/","name":"Weighted table spoon - CDS boutique A\u00een\u00e9s","isPartOf":{"@id":"https:\/\/staging.cdsboutique.com\/#website"},"primaryImageOfPage":{"@id":"https:\/\/staging.cdsboutique.com\/en\/product\/weighted-table-spoon\/#primaryimage"},"image":{"@id":"https:\/\/staging.cdsboutique.com\/en\/product\/weighted-table-spoon\/#primaryimage"},"thumbnailUrl":"https:\/\/staging.cdsboutique.com\/wp-content\/uploads\/2025\/07\/AV027_ustensile.png","datePublished":"2025-07-31T19:49:06+00:00","dateModified":"2025-08-01T12:46:00+00:00","description":"The 170 g weighted table spoon provides stability and comfort, helping seniors maintain independence and improve precision at mealtime.","breadcrumb":{"@id":"https:\/\/staging.cdsboutique.com\/en\/product\/weighted-table-spoon\/#breadcrumb"},"inLanguage":"en-US","potentialAction":[{"@type":"ReadAction","target":["https:\/\/staging.cdsboutique.com\/en\/product\/weighted-table-spoon\/"]}]},{"@type":"ImageObject","inLanguage":"en-US","@id":"https:\/\/staging.cdsboutique.com\/en\/product\/weighted-table-spoon\/#primaryimage","url":"https:\/\/staging.cdsboutique.com\/wp-content\/uploads\/2025\/07\/AV027_ustensile.png","contentUrl":"https:\/\/staging.cdsboutique.com\/wp-content\/uploads\/2025\/07\/AV027_ustensile.png","width":500,"height":500,"caption":"Cuill\u00e8re \u00e0 table alourdie - Weighted table spoon"},{"@type":"BreadcrumbList","@id":"https:\/\/staging.cdsboutique.com\/en\/product\/weighted-table-spoon\/#breadcrumb","itemListElement":[{"@type":"ListItem","position":1,"name":"Home","item":"https:\/\/staging.cdsboutique.com\/en\/"},{"@type":"ListItem","position":2,"name":"Products","item":"https:\/\/staging.cdsboutique.com\/en\/products\/"},{"@type":"ListItem","position":3,"name":"Weighted table spoon"}]},{"@type":"WebSite","@id":"https:\/\/staging.cdsboutique.com\/#website","url":"https:\/\/staging.cdsboutique.com\/","name":"CDS boutique A\u00een\u00e9s","description":"Pour une meilleure qualit\u00e9 de vie","publisher":{"@id":"https:\/\/staging.cdsboutique.com\/#organization"},"potentialAction":[{"@type":"SearchAction","target":{"@type":"EntryPoint","urlTemplate":"https:\/\/staging.cdsboutique.com\/?s={search_term_string}"},"query-input":{"@type":"PropertyValueSpecification","valueRequired":true,"valueName":"search_term_string"}}],"inLanguage":"en-US"},{"@type":"Organization","@id":"https:\/\/staging.cdsboutique.com\/#organization","name":"CDS Boutique","url":"https:\/\/staging.cdsboutique.com\/","logo":{"@type":"ImageObject","inLanguage":"en-US","@id":"https:\/\/staging.cdsboutique.com\/#\/schema\/logo\/image\/","url":"https:\/\/staging.cdsboutique.com\/wp-content\/uploads\/2024\/09\/logoCDS-Boutique_final2024.jpg","contentUrl":"https:\/\/staging.cdsboutique.com\/wp-content\/uploads\/2024\/09\/logoCDS-Boutique_final2024.jpg","width":900,"height":600,"caption":"CDS Boutique"},"image":{"@id":"https:\/\/staging.cdsboutique.com\/#\/schema\/logo\/image\/"},"sameAs":["https:\/\/www.facebook.com\/CDSBoutique.Aines.Seniors","https:\/\/www.youtube.com\/@cdsboutique4046","https:\/\/www.linkedin.com\/company\/cds-boutique\/","https:\/\/www.instagram.com\/cdsboutique\/"]}]}},"_links":{"self":[{"href":"https:\/\/staging.cdsboutique.com\/en\/wp-json\/wp\/v2\/product\/69400","targetHints":{"allow":["GET"]}}],"collection":[{"href":"https:\/\/staging.cdsboutique.com\/en\/wp-json\/wp\/v2\/product"}],"about":[{"href":"https:\/\/staging.cdsboutique.com\/en\/wp-json\/wp\/v2\/types\/product"}],"replies":[{"embeddable":true,"href":"https:\/\/staging.cdsboutique.com\/en\/wp-json\/wp\/v2\/comments?post=69400"}],"wp:featuredmedia":[{"embeddable":true,"href":"https:\/\/staging.cdsboutique.com\/en\/wp-json\/wp\/v2\/media\/69402"}],"wp:attachment":[{"href":"https:\/\/staging.cdsboutique.com\/en\/wp-json\/wp\/v2\/media?parent=69400"}],"wp:term":[{"taxonomy":"product_brand","embeddable":true,"href":"https:\/\/staging.cdsboutique.com\/en\/wp-json\/wp\/v2\/product_brand?post=69400"},{"taxonomy":"product_cat","embeddable":true,"href":"https:\/\/staging.cdsboutique.com\/en\/wp-json\/wp\/v2\/product_cat?post=69400"},{"taxonomy":"product_tag","embeddable":true,"href":"https:\/\/staging.cdsboutique.com\/en\/wp-json\/wp\/v2\/product_tag?post=69400"}],"curies":[{"name":"wp","href":"https:\/\/api.w.org\/{rel}","templated":true}]}}