{"id":69865,"date":"2025-09-29T15:03:27","date_gmt":"2025-09-29T19:03:27","guid":{"rendered":"https:\/\/cdsboutique.com\/?post_type=product&#038;p=69865"},"modified":"2025-09-30T15:44:31","modified_gmt":"2025-09-30T19:44:31","slug":"set-of-4-double-sided-sensory-puzzles","status":"publish","type":"product","link":"https:\/\/staging.cdsboutique.com\/en\/produit\/set-of-4-double-sided-sensory-puzzles\/","title":{"rendered":"Set of 4 Double-Sided Sensory Puzzles"},"content":{"rendered":"<p>The goal of these new sensory puzzles is to reproduce the pattern printed on the solution cards. The pattern on one side is easier, while the one on the other side is more challenging to reproduce. Have fun mixing the images for even more of a challenge! The cards are printed in color on thick laminated cardboard. Includes 4 double-sided puzzles for a total of 8 puzzles to complete.<\/p>\n","protected":false},"excerpt":{"rendered":"<p>The goal of these new sensory puzzles is to reproduce the pattern printed on the solution cards. The pattern on one side is easier, while the one on the other side is more challenging to reproduce. Have fun mixing the images for even more of a challenge! The cards are printed in color on thick [&hellip;]<\/p>\n","protected":false},"featured_media":69940,"comment_status":"open","ping_status":"closed","template":"","meta":{"_acf_changed":false},"product_brand":[],"product_cat":[4401,4091],"product_tag":[],"class_list":{"0":"post-69865","1":"product","2":"type-product","3":"status-publish","4":"has-post-thumbnail","6":"product_cat-all","7":"product_cat-new-arrivals","9":"first","10":"instock","11":"taxable","12":"shipping-taxable","13":"purchasable","14":"product-type-simple"},"bundled_by":[],"bundle_stock_status":"instock","bundle_stock_quantity":null,"bundle_virtual":false,"bundle_layout":"","bundle_add_to_cart_form_location":"","bundle_editable_in_cart":false,"bundle_sold_individually_context":"","bundle_item_grouping":"","bundle_min_size":"","bundle_max_size":"","bundle_price":[],"bundled_items":[],"bundle_sell_ids":[],"acf":[],"featured_image_urls_v2":{"full":["https:\/\/staging.cdsboutique.com\/wp-content\/uploads\/2025\/09\/Puzzle_Senso.png",876,780,false],"thumbnail":["https:\/\/staging.cdsboutique.com\/wp-content\/uploads\/2025\/09\/Puzzle_Senso-150x150.png",150,150,true],"medium":["https:\/\/staging.cdsboutique.com\/wp-content\/uploads\/2025\/09\/Puzzle_Senso-300x267.png",300,267,true],"medium_large":["https:\/\/staging.cdsboutique.com\/wp-content\/uploads\/2025\/09\/Puzzle_Senso-768x684.png",768,684,true],"large":["https:\/\/staging.cdsboutique.com\/wp-content\/uploads\/2025\/09\/Puzzle_Senso.png",876,780,false],"1536x1536":["https:\/\/staging.cdsboutique.com\/wp-content\/uploads\/2025\/09\/Puzzle_Senso.png",876,780,false],"2048x2048":["https:\/\/staging.cdsboutique.com\/wp-content\/uploads\/2025\/09\/Puzzle_Senso.png",876,780,false],"gform-image-choice-sm":["https:\/\/staging.cdsboutique.com\/wp-content\/uploads\/2025\/09\/Puzzle_Senso.png",300,267,false],"gform-image-choice-md":["https:\/\/staging.cdsboutique.com\/wp-content\/uploads\/2025\/09\/Puzzle_Senso.png",400,356,false],"gform-image-choice-lg":["https:\/\/staging.cdsboutique.com\/wp-content\/uploads\/2025\/09\/Puzzle_Senso.png",600,534,false],"woocommerce_thumbnail":["https:\/\/staging.cdsboutique.com\/wp-content\/uploads\/2025\/09\/Puzzle_Senso-300x267.png",300,267,true],"woocommerce_single":["https:\/\/staging.cdsboutique.com\/wp-content\/uploads\/2025\/09\/Puzzle_Senso-600x534.png",600,534,true],"woocommerce_gallery_thumbnail":["https:\/\/staging.cdsboutique.com\/wp-content\/uploads\/2025\/09\/Puzzle_Senso-100x100.png",100,100,true],"variation_swatches_image_size":["https:\/\/staging.cdsboutique.com\/wp-content\/uploads\/2025\/09\/Puzzle_Senso-50x50.png",50,50,true],"variation_swatches_tooltip_size":["https:\/\/staging.cdsboutique.com\/wp-content\/uploads\/2025\/09\/Puzzle_Senso-100x100.png",100,100,true],"logo-size":["https:\/\/staging.cdsboutique.com\/wp-content\/uploads\/2025\/09\/Puzzle_Senso-94x84.png",94,84,true],"blog":["https:\/\/staging.cdsboutique.com\/wp-content\/uploads\/2025\/09\/Puzzle_Senso-350x260.png",350,260,true]},"post_excerpt_stackable_v2":"<p>The goal of these new sensory puzzles is to reproduce the pattern printed on the solution cards. The pattern on one side is easier, while the one on the other side is more challenging to reproduce. Have fun mixing the images for even more of a challenge! The cards are printed in color on thick laminated cardboard. Includes 4 double-sided puzzles for a total of 8 puzzles to complete.<\/p>\n","category_list_v2":"","author_info_v2":{"name":"","url":""},"comments_num_v2":"0 comments","yoast_head":"<!-- This site is optimized with the Yoast SEO plugin v27.4 - https:\/\/yoast.com\/product\/yoast-seo-wordpress\/ -->\n<title>Set of 4 Double-Sided Sensory Puzzles - CDS boutique A\u00een\u00e9s<\/title>\n<meta name=\"robots\" content=\"noindex, follow, max-snippet:-1, max-image-preview:large, max-video-preview:-1\" \/>\n<meta property=\"og:locale\" content=\"en_US\" \/>\n<meta property=\"og:type\" content=\"article\" \/>\n<meta property=\"og:title\" content=\"Set of 4 Double-Sided Sensory Puzzles - CDS boutique A\u00een\u00e9s\" \/>\n<meta property=\"og:description\" content=\"The goal of these new sensory puzzles is to reproduce the pattern printed on the solution cards. The pattern on one side is easier, while the one on the other side is more challenging to reproduce. Have fun mixing the images for even more of a challenge! The cards are printed in color on thick [&hellip;]\" \/>\n<meta property=\"og:url\" content=\"https:\/\/staging.cdsboutique.com\/en\/product\/set-of-4-double-sided-sensory-puzzles\/\" \/>\n<meta property=\"og:site_name\" content=\"CDS boutique A\u00een\u00e9s\" \/>\n<meta property=\"article:publisher\" content=\"https:\/\/www.facebook.com\/CDSBoutique.Aines.Seniors\" \/>\n<meta property=\"article:modified_time\" content=\"2025-09-30T19:44:31+00:00\" \/>\n<meta property=\"og:image\" content=\"https:\/\/staging.cdsboutique.com\/wp-content\/uploads\/2025\/09\/Puzzle_Senso.png?_t=1759262368\" \/>\n\t<meta property=\"og:image:width\" content=\"876\" \/>\n\t<meta property=\"og:image:height\" content=\"780\" \/>\n\t<meta property=\"og:image:type\" content=\"image\/png\" \/>\n<meta name=\"twitter:card\" content=\"summary_large_image\" \/>\n<meta name=\"twitter:label1\" content=\"Est. reading time\" \/>\n\t<meta name=\"twitter:data1\" content=\"1 minute\" \/>\n<script type=\"application\/ld+json\" class=\"yoast-schema-graph\">{\"@context\":\"https:\\\/\\\/schema.org\",\"@graph\":[{\"@type\":\"WebPage\",\"@id\":\"https:\\\/\\\/staging.cdsboutique.com\\\/en\\\/product\\\/set-of-4-double-sided-sensory-puzzles\\\/\",\"url\":\"https:\\\/\\\/staging.cdsboutique.com\\\/en\\\/product\\\/set-of-4-double-sided-sensory-puzzles\\\/\",\"name\":\"Set of 4 Double-Sided Sensory Puzzles - CDS boutique A\u00een\u00e9s\",\"isPartOf\":{\"@id\":\"https:\\\/\\\/staging.cdsboutique.com\\\/#website\"},\"primaryImageOfPage\":{\"@id\":\"https:\\\/\\\/staging.cdsboutique.com\\\/en\\\/product\\\/set-of-4-double-sided-sensory-puzzles\\\/#primaryimage\"},\"image\":{\"@id\":\"https:\\\/\\\/staging.cdsboutique.com\\\/en\\\/product\\\/set-of-4-double-sided-sensory-puzzles\\\/#primaryimage\"},\"thumbnailUrl\":\"https:\\\/\\\/staging.cdsboutique.com\\\/wp-content\\\/uploads\\\/2025\\\/09\\\/Puzzle_Senso.png\",\"datePublished\":\"2025-09-29T19:03:27+00:00\",\"dateModified\":\"2025-09-30T19:44:31+00:00\",\"breadcrumb\":{\"@id\":\"https:\\\/\\\/staging.cdsboutique.com\\\/en\\\/product\\\/set-of-4-double-sided-sensory-puzzles\\\/#breadcrumb\"},\"inLanguage\":\"en-US\",\"potentialAction\":[{\"@type\":\"ReadAction\",\"target\":[\"https:\\\/\\\/staging.cdsboutique.com\\\/en\\\/product\\\/set-of-4-double-sided-sensory-puzzles\\\/\"]}]},{\"@type\":\"ImageObject\",\"inLanguage\":\"en-US\",\"@id\":\"https:\\\/\\\/staging.cdsboutique.com\\\/en\\\/product\\\/set-of-4-double-sided-sensory-puzzles\\\/#primaryimage\",\"url\":\"https:\\\/\\\/staging.cdsboutique.com\\\/wp-content\\\/uploads\\\/2025\\\/09\\\/Puzzle_Senso.png\",\"contentUrl\":\"https:\\\/\\\/staging.cdsboutique.com\\\/wp-content\\\/uploads\\\/2025\\\/09\\\/Puzzle_Senso.png\",\"width\":876,\"height\":780,\"caption\":\"Casse tete sensorielle\"},{\"@type\":\"BreadcrumbList\",\"@id\":\"https:\\\/\\\/staging.cdsboutique.com\\\/en\\\/product\\\/set-of-4-double-sided-sensory-puzzles\\\/#breadcrumb\",\"itemListElement\":[{\"@type\":\"ListItem\",\"position\":1,\"name\":\"Home\",\"item\":\"https:\\\/\\\/staging.cdsboutique.com\\\/en\\\/\"},{\"@type\":\"ListItem\",\"position\":2,\"name\":\"Products\",\"item\":\"https:\\\/\\\/staging.cdsboutique.com\\\/en\\\/products\\\/\"},{\"@type\":\"ListItem\",\"position\":3,\"name\":\"Set of 4 Double-Sided Sensory Puzzles\"}]},{\"@type\":\"WebSite\",\"@id\":\"https:\\\/\\\/staging.cdsboutique.com\\\/#website\",\"url\":\"https:\\\/\\\/staging.cdsboutique.com\\\/\",\"name\":\"CDS boutique A\u00een\u00e9s\",\"description\":\"Pour une meilleure qualit\u00e9 de vie\",\"publisher\":{\"@id\":\"https:\\\/\\\/staging.cdsboutique.com\\\/#organization\"},\"potentialAction\":[{\"@type\":\"SearchAction\",\"target\":{\"@type\":\"EntryPoint\",\"urlTemplate\":\"https:\\\/\\\/staging.cdsboutique.com\\\/?s={search_term_string}\"},\"query-input\":{\"@type\":\"PropertyValueSpecification\",\"valueRequired\":true,\"valueName\":\"search_term_string\"}}],\"inLanguage\":\"en-US\"},{\"@type\":\"Organization\",\"@id\":\"https:\\\/\\\/staging.cdsboutique.com\\\/#organization\",\"name\":\"CDS Boutique\",\"url\":\"https:\\\/\\\/staging.cdsboutique.com\\\/\",\"logo\":{\"@type\":\"ImageObject\",\"inLanguage\":\"en-US\",\"@id\":\"https:\\\/\\\/staging.cdsboutique.com\\\/#\\\/schema\\\/logo\\\/image\\\/\",\"url\":\"https:\\\/\\\/staging.cdsboutique.com\\\/wp-content\\\/uploads\\\/2024\\\/09\\\/logoCDS-Boutique_final2024.jpg\",\"contentUrl\":\"https:\\\/\\\/staging.cdsboutique.com\\\/wp-content\\\/uploads\\\/2024\\\/09\\\/logoCDS-Boutique_final2024.jpg\",\"width\":900,\"height\":600,\"caption\":\"CDS Boutique\"},\"image\":{\"@id\":\"https:\\\/\\\/staging.cdsboutique.com\\\/#\\\/schema\\\/logo\\\/image\\\/\"},\"sameAs\":[\"https:\\\/\\\/www.facebook.com\\\/CDSBoutique.Aines.Seniors\",\"https:\\\/\\\/www.youtube.com\\\/@cdsboutique4046\",\"https:\\\/\\\/www.linkedin.com\\\/company\\\/cds-boutique\\\/\",\"https:\\\/\\\/www.instagram.com\\\/cdsboutique\\\/\"]}]}<\/script>\n<!-- \/ Yoast SEO plugin. -->","yoast_head_json":{"title":"Set of 4 Double-Sided Sensory Puzzles - CDS boutique A\u00een\u00e9s","robots":{"index":"noindex","follow":"follow","max-snippet":"max-snippet:-1","max-image-preview":"max-image-preview:large","max-video-preview":"max-video-preview:-1"},"og_locale":"en_US","og_type":"article","og_title":"Set of 4 Double-Sided Sensory Puzzles - CDS boutique A\u00een\u00e9s","og_description":"The goal of these new sensory puzzles is to reproduce the pattern printed on the solution cards. The pattern on one side is easier, while the one on the other side is more challenging to reproduce. Have fun mixing the images for even more of a challenge! The cards are printed in color on thick [&hellip;]","og_url":"https:\/\/staging.cdsboutique.com\/en\/product\/set-of-4-double-sided-sensory-puzzles\/","og_site_name":"CDS boutique A\u00een\u00e9s","article_publisher":"https:\/\/www.facebook.com\/CDSBoutique.Aines.Seniors","article_modified_time":"2025-09-30T19:44:31+00:00","og_image":[{"width":876,"height":780,"url":"https:\/\/staging.cdsboutique.com\/wp-content\/uploads\/2025\/09\/Puzzle_Senso.png?_t=1759262368","type":"image\/png"}],"twitter_card":"summary_large_image","twitter_misc":{"Est. reading time":"1 minute"},"schema":{"@context":"https:\/\/schema.org","@graph":[{"@type":"WebPage","@id":"https:\/\/staging.cdsboutique.com\/en\/product\/set-of-4-double-sided-sensory-puzzles\/","url":"https:\/\/staging.cdsboutique.com\/en\/product\/set-of-4-double-sided-sensory-puzzles\/","name":"Set of 4 Double-Sided Sensory Puzzles - CDS boutique A\u00een\u00e9s","isPartOf":{"@id":"https:\/\/staging.cdsboutique.com\/#website"},"primaryImageOfPage":{"@id":"https:\/\/staging.cdsboutique.com\/en\/product\/set-of-4-double-sided-sensory-puzzles\/#primaryimage"},"image":{"@id":"https:\/\/staging.cdsboutique.com\/en\/product\/set-of-4-double-sided-sensory-puzzles\/#primaryimage"},"thumbnailUrl":"https:\/\/staging.cdsboutique.com\/wp-content\/uploads\/2025\/09\/Puzzle_Senso.png","datePublished":"2025-09-29T19:03:27+00:00","dateModified":"2025-09-30T19:44:31+00:00","breadcrumb":{"@id":"https:\/\/staging.cdsboutique.com\/en\/product\/set-of-4-double-sided-sensory-puzzles\/#breadcrumb"},"inLanguage":"en-US","potentialAction":[{"@type":"ReadAction","target":["https:\/\/staging.cdsboutique.com\/en\/product\/set-of-4-double-sided-sensory-puzzles\/"]}]},{"@type":"ImageObject","inLanguage":"en-US","@id":"https:\/\/staging.cdsboutique.com\/en\/product\/set-of-4-double-sided-sensory-puzzles\/#primaryimage","url":"https:\/\/staging.cdsboutique.com\/wp-content\/uploads\/2025\/09\/Puzzle_Senso.png","contentUrl":"https:\/\/staging.cdsboutique.com\/wp-content\/uploads\/2025\/09\/Puzzle_Senso.png","width":876,"height":780,"caption":"Casse tete sensorielle"},{"@type":"BreadcrumbList","@id":"https:\/\/staging.cdsboutique.com\/en\/product\/set-of-4-double-sided-sensory-puzzles\/#breadcrumb","itemListElement":[{"@type":"ListItem","position":1,"name":"Home","item":"https:\/\/staging.cdsboutique.com\/en\/"},{"@type":"ListItem","position":2,"name":"Products","item":"https:\/\/staging.cdsboutique.com\/en\/products\/"},{"@type":"ListItem","position":3,"name":"Set of 4 Double-Sided Sensory Puzzles"}]},{"@type":"WebSite","@id":"https:\/\/staging.cdsboutique.com\/#website","url":"https:\/\/staging.cdsboutique.com\/","name":"CDS boutique A\u00een\u00e9s","description":"Pour une meilleure qualit\u00e9 de vie","publisher":{"@id":"https:\/\/staging.cdsboutique.com\/#organization"},"potentialAction":[{"@type":"SearchAction","target":{"@type":"EntryPoint","urlTemplate":"https:\/\/staging.cdsboutique.com\/?s={search_term_string}"},"query-input":{"@type":"PropertyValueSpecification","valueRequired":true,"valueName":"search_term_string"}}],"inLanguage":"en-US"},{"@type":"Organization","@id":"https:\/\/staging.cdsboutique.com\/#organization","name":"CDS Boutique","url":"https:\/\/staging.cdsboutique.com\/","logo":{"@type":"ImageObject","inLanguage":"en-US","@id":"https:\/\/staging.cdsboutique.com\/#\/schema\/logo\/image\/","url":"https:\/\/staging.cdsboutique.com\/wp-content\/uploads\/2024\/09\/logoCDS-Boutique_final2024.jpg","contentUrl":"https:\/\/staging.cdsboutique.com\/wp-content\/uploads\/2024\/09\/logoCDS-Boutique_final2024.jpg","width":900,"height":600,"caption":"CDS Boutique"},"image":{"@id":"https:\/\/staging.cdsboutique.com\/#\/schema\/logo\/image\/"},"sameAs":["https:\/\/www.facebook.com\/CDSBoutique.Aines.Seniors","https:\/\/www.youtube.com\/@cdsboutique4046","https:\/\/www.linkedin.com\/company\/cds-boutique\/","https:\/\/www.instagram.com\/cdsboutique\/"]}]}},"_links":{"self":[{"href":"https:\/\/staging.cdsboutique.com\/en\/wp-json\/wp\/v2\/product\/69865","targetHints":{"allow":["GET"]}}],"collection":[{"href":"https:\/\/staging.cdsboutique.com\/en\/wp-json\/wp\/v2\/product"}],"about":[{"href":"https:\/\/staging.cdsboutique.com\/en\/wp-json\/wp\/v2\/types\/product"}],"replies":[{"embeddable":true,"href":"https:\/\/staging.cdsboutique.com\/en\/wp-json\/wp\/v2\/comments?post=69865"}],"wp:featuredmedia":[{"embeddable":true,"href":"https:\/\/staging.cdsboutique.com\/en\/wp-json\/wp\/v2\/media\/69940"}],"wp:attachment":[{"href":"https:\/\/staging.cdsboutique.com\/en\/wp-json\/wp\/v2\/media?parent=69865"}],"wp:term":[{"taxonomy":"product_brand","embeddable":true,"href":"https:\/\/staging.cdsboutique.com\/en\/wp-json\/wp\/v2\/product_brand?post=69865"},{"taxonomy":"product_cat","embeddable":true,"href":"https:\/\/staging.cdsboutique.com\/en\/wp-json\/wp\/v2\/product_cat?post=69865"},{"taxonomy":"product_tag","embeddable":true,"href":"https:\/\/staging.cdsboutique.com\/en\/wp-json\/wp\/v2\/product_tag?post=69865"}],"curies":[{"name":"wp","href":"https:\/\/api.w.org\/{rel}","templated":true}]}}