{"id":69894,"date":"2025-09-29T16:44:52","date_gmt":"2025-09-29T20:44:52","guid":{"rendered":"https:\/\/cdsboutique.com\/?post_type=product&#038;p=69894"},"modified":"2025-10-01T09:29:58","modified_gmt":"2025-10-01T13:29:58","slug":"music-box-vie-rose","status":"publish","type":"product","link":"https:\/\/staging.cdsboutique.com\/en\/produit\/music-box-vie-rose\/","title":{"rendered":"Music Box"},"content":{"rendered":"<p>Turn the key and let the melody come alive with the timeless tunes of La Vie en Rose, F\u00fcr Elise, and Swan Lake. In this small handheld music box, music and memories blend, with a little compartment perfect for a keepsake or cherished memory.<\/p>\n","protected":false},"excerpt":{"rendered":"<p>Turn the key and let the melody come alive with the timeless tunes of La Vie en Rose, F\u00fcr Elise, and Swan Lake. In this small handheld music box, music and memories blend, with a little compartment perfect for a keepsake or cherished memory.<\/p>\n","protected":false},"featured_media":71791,"comment_status":"closed","ping_status":"closed","template":"","meta":{"_acf_changed":false},"product_brand":[],"product_cat":[4401,4558,4738,4737,4091],"product_tag":[4680],"class_list":{"0":"post-69894","1":"product","2":"type-product","3":"status-publish","4":"has-post-thumbnail","6":"product_cat-all","7":"product_cat-gift-ideas-en","8":"product_cat-instruments","9":"product_cat-music-relaxation","10":"product_cat-new-arrivals","11":"product_tag-news-en","12":"product_shipping_class-frais-de-livraison-en","14":"first","15":"instock","16":"taxable","17":"shipping-taxable","18":"purchasable","19":"product-type-variable","20":"has-default-attributes"},"bundled_by":["72283"],"bundle_stock_status":"instock","bundle_stock_quantity":null,"bundle_virtual":false,"bundle_layout":"","bundle_add_to_cart_form_location":"","bundle_editable_in_cart":false,"bundle_sold_individually_context":"","bundle_item_grouping":"","bundle_min_size":"","bundle_max_size":"","bundle_price":[],"bundled_items":[],"bundle_sell_ids":[],"acf":[],"featured_image_urls_v2":{"full":["https:\/\/staging.cdsboutique.com\/wp-content\/uploads\/2025\/10\/47017_lac-des-cygnes02.png",1024,1536,false],"thumbnail":["https:\/\/staging.cdsboutique.com\/wp-content\/uploads\/2025\/10\/47017_lac-des-cygnes02-150x150.png",150,150,true],"medium":["https:\/\/staging.cdsboutique.com\/wp-content\/uploads\/2025\/10\/47017_lac-des-cygnes02-200x300.png",200,300,true],"medium_large":["https:\/\/staging.cdsboutique.com\/wp-content\/uploads\/2025\/10\/47017_lac-des-cygnes02-768x1152.png",768,1152,true],"large":["https:\/\/staging.cdsboutique.com\/wp-content\/uploads\/2025\/10\/47017_lac-des-cygnes02-683x1024.png",683,1024,true],"1536x1536":["https:\/\/staging.cdsboutique.com\/wp-content\/uploads\/2025\/10\/47017_lac-des-cygnes02.png",1024,1536,false],"2048x2048":["https:\/\/staging.cdsboutique.com\/wp-content\/uploads\/2025\/10\/47017_lac-des-cygnes02.png",1024,1536,false],"gform-image-choice-sm":["https:\/\/staging.cdsboutique.com\/wp-content\/uploads\/2025\/10\/47017_lac-des-cygnes02.png",200,300,false],"gform-image-choice-md":["https:\/\/staging.cdsboutique.com\/wp-content\/uploads\/2025\/10\/47017_lac-des-cygnes02.png",267,400,false],"gform-image-choice-lg":["https:\/\/staging.cdsboutique.com\/wp-content\/uploads\/2025\/10\/47017_lac-des-cygnes02.png",400,600,false],"woocommerce_thumbnail":["https:\/\/staging.cdsboutique.com\/wp-content\/uploads\/2025\/10\/47017_lac-des-cygnes02-300x450.png",300,450,true],"woocommerce_single":["https:\/\/staging.cdsboutique.com\/wp-content\/uploads\/2025\/10\/47017_lac-des-cygnes02-600x900.png",600,900,true],"woocommerce_gallery_thumbnail":["https:\/\/staging.cdsboutique.com\/wp-content\/uploads\/2025\/10\/47017_lac-des-cygnes02-100x100.png",100,100,true],"variation_swatches_image_size":["https:\/\/staging.cdsboutique.com\/wp-content\/uploads\/2025\/10\/47017_lac-des-cygnes02-50x50.png",50,50,true],"variation_swatches_tooltip_size":["https:\/\/staging.cdsboutique.com\/wp-content\/uploads\/2025\/10\/47017_lac-des-cygnes02-100x100.png",100,100,true],"logo-size":["https:\/\/staging.cdsboutique.com\/wp-content\/uploads\/2025\/10\/47017_lac-des-cygnes02-56x84.png",56,84,true],"blog":["https:\/\/staging.cdsboutique.com\/wp-content\/uploads\/2025\/10\/47017_lac-des-cygnes02-350x260.png",350,260,true]},"post_excerpt_stackable_v2":"<p>Turn the key and let the melody come alive with the timeless tunes of La Vie en Rose, F\u00fcr Elise, and Swan Lake. In this small handheld music box, music and memories blend, with a little compartment perfect for a keepsake or cherished memory.<\/p>\n","category_list_v2":"","author_info_v2":{"name":"","url":""},"comments_num_v2":"0 comments","yoast_head":"<!-- This site is optimized with the Yoast SEO plugin v27.4 - https:\/\/yoast.com\/product\/yoast-seo-wordpress\/ -->\n<title>Music Box - CDS boutique A\u00een\u00e9s<\/title>\n<meta name=\"robots\" content=\"noindex, follow, max-snippet:-1, max-image-preview:large, max-video-preview:-1\" \/>\n<meta property=\"og:locale\" content=\"en_US\" \/>\n<meta property=\"og:type\" content=\"article\" \/>\n<meta property=\"og:title\" content=\"Music Box - CDS boutique A\u00een\u00e9s\" \/>\n<meta property=\"og:description\" content=\"Turn the key and let the melody come alive with the timeless tunes of La Vie en Rose, F\u00fcr Elise, and Swan Lake. In this small handheld music box, music and memories blend, with a little compartment perfect for a keepsake or cherished memory.\" \/>\n<meta property=\"og:url\" content=\"https:\/\/staging.cdsboutique.com\/product\/boite-a-musique-la-vie-en-rose\/\" \/>\n<meta property=\"og:site_name\" content=\"CDS boutique A\u00een\u00e9s\" \/>\n<meta property=\"article:publisher\" content=\"https:\/\/www.facebook.com\/CDSBoutique.Aines.Seniors\" \/>\n<meta property=\"article:modified_time\" content=\"2025-10-01T13:29:58+00:00\" \/>\n<meta property=\"og:image\" content=\"https:\/\/staging.cdsboutique.com\/wp-content\/uploads\/2025\/09\/79100_SB04.jpg?_t=1759325467\" \/>\n\t<meta property=\"og:image:width\" content=\"1389\" \/>\n\t<meta property=\"og:image:height\" content=\"1731\" \/>\n\t<meta property=\"og:image:type\" content=\"image\/jpeg\" \/>\n<meta name=\"twitter:card\" content=\"summary_large_image\" \/>\n<meta name=\"twitter:label1\" content=\"Est. reading time\" \/>\n\t<meta name=\"twitter:data1\" content=\"1 minute\" \/>\n<script type=\"application\/ld+json\" class=\"yoast-schema-graph\">{\"@context\":\"https:\\\/\\\/schema.org\",\"@graph\":[{\"@type\":\"WebPage\",\"@id\":\"https:\\\/\\\/staging.cdsboutique.com\\\/product\\\/boite-a-musique-la-vie-en-rose\\\/\",\"url\":\"https:\\\/\\\/staging.cdsboutique.com\\\/product\\\/boite-a-musique-la-vie-en-rose\\\/\",\"name\":\"Music Box - CDS boutique A\u00een\u00e9s\",\"isPartOf\":{\"@id\":\"https:\\\/\\\/staging.cdsboutique.com\\\/#website\"},\"primaryImageOfPage\":{\"@id\":\"https:\\\/\\\/staging.cdsboutique.com\\\/product\\\/boite-a-musique-la-vie-en-rose\\\/#primaryimage\"},\"image\":{\"@id\":\"https:\\\/\\\/staging.cdsboutique.com\\\/product\\\/boite-a-musique-la-vie-en-rose\\\/#primaryimage\"},\"thumbnailUrl\":\"https:\\\/\\\/staging.cdsboutique.com\\\/wp-content\\\/uploads\\\/2025\\\/10\\\/47017_lac-des-cygnes02.png\",\"datePublished\":\"2025-09-29T20:44:52+00:00\",\"dateModified\":\"2025-10-01T13:29:58+00:00\",\"breadcrumb\":{\"@id\":\"https:\\\/\\\/staging.cdsboutique.com\\\/product\\\/boite-a-musique-la-vie-en-rose\\\/#breadcrumb\"},\"inLanguage\":\"en-US\",\"potentialAction\":[{\"@type\":\"ReadAction\",\"target\":[\"https:\\\/\\\/staging.cdsboutique.com\\\/product\\\/boite-a-musique-la-vie-en-rose\\\/\"]}]},{\"@type\":\"ImageObject\",\"inLanguage\":\"en-US\",\"@id\":\"https:\\\/\\\/staging.cdsboutique.com\\\/product\\\/boite-a-musique-la-vie-en-rose\\\/#primaryimage\",\"url\":\"https:\\\/\\\/staging.cdsboutique.com\\\/wp-content\\\/uploads\\\/2025\\\/10\\\/47017_lac-des-cygnes02.png\",\"contentUrl\":\"https:\\\/\\\/staging.cdsboutique.com\\\/wp-content\\\/uploads\\\/2025\\\/10\\\/47017_lac-des-cygnes02.png\",\"width\":1024,\"height\":1536},{\"@type\":\"BreadcrumbList\",\"@id\":\"https:\\\/\\\/staging.cdsboutique.com\\\/product\\\/boite-a-musique-la-vie-en-rose\\\/#breadcrumb\",\"itemListElement\":[{\"@type\":\"ListItem\",\"position\":1,\"name\":\"Home\",\"item\":\"https:\\\/\\\/staging.cdsboutique.com\\\/en\\\/\"},{\"@type\":\"ListItem\",\"position\":2,\"name\":\"Products\",\"item\":\"https:\\\/\\\/staging.cdsboutique.com\\\/en\\\/products\\\/\"},{\"@type\":\"ListItem\",\"position\":3,\"name\":\"Music Box\"}]},{\"@type\":\"WebSite\",\"@id\":\"https:\\\/\\\/staging.cdsboutique.com\\\/#website\",\"url\":\"https:\\\/\\\/staging.cdsboutique.com\\\/\",\"name\":\"CDS boutique A\u00een\u00e9s\",\"description\":\"Pour une meilleure qualit\u00e9 de vie\",\"publisher\":{\"@id\":\"https:\\\/\\\/staging.cdsboutique.com\\\/#organization\"},\"potentialAction\":[{\"@type\":\"SearchAction\",\"target\":{\"@type\":\"EntryPoint\",\"urlTemplate\":\"https:\\\/\\\/staging.cdsboutique.com\\\/?s={search_term_string}\"},\"query-input\":{\"@type\":\"PropertyValueSpecification\",\"valueRequired\":true,\"valueName\":\"search_term_string\"}}],\"inLanguage\":\"en-US\"},{\"@type\":\"Organization\",\"@id\":\"https:\\\/\\\/staging.cdsboutique.com\\\/#organization\",\"name\":\"CDS Boutique\",\"url\":\"https:\\\/\\\/staging.cdsboutique.com\\\/\",\"logo\":{\"@type\":\"ImageObject\",\"inLanguage\":\"en-US\",\"@id\":\"https:\\\/\\\/staging.cdsboutique.com\\\/#\\\/schema\\\/logo\\\/image\\\/\",\"url\":\"https:\\\/\\\/staging.cdsboutique.com\\\/wp-content\\\/uploads\\\/2024\\\/09\\\/logoCDS-Boutique_final2024.jpg\",\"contentUrl\":\"https:\\\/\\\/staging.cdsboutique.com\\\/wp-content\\\/uploads\\\/2024\\\/09\\\/logoCDS-Boutique_final2024.jpg\",\"width\":900,\"height\":600,\"caption\":\"CDS Boutique\"},\"image\":{\"@id\":\"https:\\\/\\\/staging.cdsboutique.com\\\/#\\\/schema\\\/logo\\\/image\\\/\"},\"sameAs\":[\"https:\\\/\\\/www.facebook.com\\\/CDSBoutique.Aines.Seniors\",\"https:\\\/\\\/www.youtube.com\\\/@cdsboutique4046\",\"https:\\\/\\\/www.linkedin.com\\\/company\\\/cds-boutique\\\/\",\"https:\\\/\\\/www.instagram.com\\\/cdsboutique\\\/\"]}]}<\/script>\n<!-- \/ Yoast SEO plugin. -->","yoast_head_json":{"title":"Music Box - CDS boutique A\u00een\u00e9s","robots":{"index":"noindex","follow":"follow","max-snippet":"max-snippet:-1","max-image-preview":"max-image-preview:large","max-video-preview":"max-video-preview:-1"},"og_locale":"en_US","og_type":"article","og_title":"Music Box - CDS boutique A\u00een\u00e9s","og_description":"Turn the key and let the melody come alive with the timeless tunes of La Vie en Rose, F\u00fcr Elise, and Swan Lake. In this small handheld music box, music and memories blend, with a little compartment perfect for a keepsake or cherished memory.","og_url":"https:\/\/staging.cdsboutique.com\/product\/boite-a-musique-la-vie-en-rose\/","og_site_name":"CDS boutique A\u00een\u00e9s","article_publisher":"https:\/\/www.facebook.com\/CDSBoutique.Aines.Seniors","article_modified_time":"2025-10-01T13:29:58+00:00","og_image":[{"width":1389,"height":1731,"url":"https:\/\/staging.cdsboutique.com\/wp-content\/uploads\/2025\/09\/79100_SB04.jpg?_t=1759325467","type":"image\/jpeg"}],"twitter_card":"summary_large_image","twitter_misc":{"Est. reading time":"1 minute"},"schema":{"@context":"https:\/\/schema.org","@graph":[{"@type":"WebPage","@id":"https:\/\/staging.cdsboutique.com\/product\/boite-a-musique-la-vie-en-rose\/","url":"https:\/\/staging.cdsboutique.com\/product\/boite-a-musique-la-vie-en-rose\/","name":"Music Box - CDS boutique A\u00een\u00e9s","isPartOf":{"@id":"https:\/\/staging.cdsboutique.com\/#website"},"primaryImageOfPage":{"@id":"https:\/\/staging.cdsboutique.com\/product\/boite-a-musique-la-vie-en-rose\/#primaryimage"},"image":{"@id":"https:\/\/staging.cdsboutique.com\/product\/boite-a-musique-la-vie-en-rose\/#primaryimage"},"thumbnailUrl":"https:\/\/staging.cdsboutique.com\/wp-content\/uploads\/2025\/10\/47017_lac-des-cygnes02.png","datePublished":"2025-09-29T20:44:52+00:00","dateModified":"2025-10-01T13:29:58+00:00","breadcrumb":{"@id":"https:\/\/staging.cdsboutique.com\/product\/boite-a-musique-la-vie-en-rose\/#breadcrumb"},"inLanguage":"en-US","potentialAction":[{"@type":"ReadAction","target":["https:\/\/staging.cdsboutique.com\/product\/boite-a-musique-la-vie-en-rose\/"]}]},{"@type":"ImageObject","inLanguage":"en-US","@id":"https:\/\/staging.cdsboutique.com\/product\/boite-a-musique-la-vie-en-rose\/#primaryimage","url":"https:\/\/staging.cdsboutique.com\/wp-content\/uploads\/2025\/10\/47017_lac-des-cygnes02.png","contentUrl":"https:\/\/staging.cdsboutique.com\/wp-content\/uploads\/2025\/10\/47017_lac-des-cygnes02.png","width":1024,"height":1536},{"@type":"BreadcrumbList","@id":"https:\/\/staging.cdsboutique.com\/product\/boite-a-musique-la-vie-en-rose\/#breadcrumb","itemListElement":[{"@type":"ListItem","position":1,"name":"Home","item":"https:\/\/staging.cdsboutique.com\/en\/"},{"@type":"ListItem","position":2,"name":"Products","item":"https:\/\/staging.cdsboutique.com\/en\/products\/"},{"@type":"ListItem","position":3,"name":"Music Box"}]},{"@type":"WebSite","@id":"https:\/\/staging.cdsboutique.com\/#website","url":"https:\/\/staging.cdsboutique.com\/","name":"CDS boutique A\u00een\u00e9s","description":"Pour une meilleure qualit\u00e9 de vie","publisher":{"@id":"https:\/\/staging.cdsboutique.com\/#organization"},"potentialAction":[{"@type":"SearchAction","target":{"@type":"EntryPoint","urlTemplate":"https:\/\/staging.cdsboutique.com\/?s={search_term_string}"},"query-input":{"@type":"PropertyValueSpecification","valueRequired":true,"valueName":"search_term_string"}}],"inLanguage":"en-US"},{"@type":"Organization","@id":"https:\/\/staging.cdsboutique.com\/#organization","name":"CDS Boutique","url":"https:\/\/staging.cdsboutique.com\/","logo":{"@type":"ImageObject","inLanguage":"en-US","@id":"https:\/\/staging.cdsboutique.com\/#\/schema\/logo\/image\/","url":"https:\/\/staging.cdsboutique.com\/wp-content\/uploads\/2024\/09\/logoCDS-Boutique_final2024.jpg","contentUrl":"https:\/\/staging.cdsboutique.com\/wp-content\/uploads\/2024\/09\/logoCDS-Boutique_final2024.jpg","width":900,"height":600,"caption":"CDS Boutique"},"image":{"@id":"https:\/\/staging.cdsboutique.com\/#\/schema\/logo\/image\/"},"sameAs":["https:\/\/www.facebook.com\/CDSBoutique.Aines.Seniors","https:\/\/www.youtube.com\/@cdsboutique4046","https:\/\/www.linkedin.com\/company\/cds-boutique\/","https:\/\/www.instagram.com\/cdsboutique\/"]}]}},"_links":{"self":[{"href":"https:\/\/staging.cdsboutique.com\/en\/wp-json\/wp\/v2\/product\/69894","targetHints":{"allow":["GET"]}}],"collection":[{"href":"https:\/\/staging.cdsboutique.com\/en\/wp-json\/wp\/v2\/product"}],"about":[{"href":"https:\/\/staging.cdsboutique.com\/en\/wp-json\/wp\/v2\/types\/product"}],"replies":[{"embeddable":true,"href":"https:\/\/staging.cdsboutique.com\/en\/wp-json\/wp\/v2\/comments?post=69894"}],"wp:featuredmedia":[{"embeddable":true,"href":"https:\/\/staging.cdsboutique.com\/en\/wp-json\/wp\/v2\/media\/71791"}],"wp:attachment":[{"href":"https:\/\/staging.cdsboutique.com\/en\/wp-json\/wp\/v2\/media?parent=69894"}],"wp:term":[{"taxonomy":"product_brand","embeddable":true,"href":"https:\/\/staging.cdsboutique.com\/en\/wp-json\/wp\/v2\/product_brand?post=69894"},{"taxonomy":"product_cat","embeddable":true,"href":"https:\/\/staging.cdsboutique.com\/en\/wp-json\/wp\/v2\/product_cat?post=69894"},{"taxonomy":"product_tag","embeddable":true,"href":"https:\/\/staging.cdsboutique.com\/en\/wp-json\/wp\/v2\/product_tag?post=69894"}],"curies":[{"name":"wp","href":"https:\/\/api.w.org\/{rel}","templated":true}]}}