{"id":69943,"date":"2025-09-30T15:46:06","date_gmt":"2025-09-30T19:46:06","guid":{"rendered":"https:\/\/cdsboutique.com\/?post_type=product&#038;p=69943"},"modified":"2025-11-20T15:31:14","modified_gmt":"2025-11-20T20:31:14","slug":"sand-bag-game","status":"publish","type":"product","link":"https:\/\/staging.cdsboutique.com\/en\/produit\/sand-bag-game\/","title":{"rendered":"Cornhole Sand Bag Game"},"content":{"rendered":"<p data-start=\"98\" data-end=\"413\">Discover the simple and irresistible fun of Cornhole, a game that brings people together as much as it entertains. Whether you want to energize an activity in your residence or spark a spontaneous moment of friendly competition, this classic never fails to make people smile. Set it up and let the magic happen!<\/p>\n<p data-start=\"415\" data-end=\"430\"><span style=\"color: #ffffff;\">.<\/span><\/p>\n<p data-start=\"415\" data-end=\"430\"><strong data-start=\"415\" data-end=\"430\">Description<\/strong><\/p>\n<p data-start=\"432\" data-end=\"932\">The Cornhole game includes two sturdy wooden platforms, each with a central hole and an angled design that makes throwing easier. Its wide, easy-to-see surface allows seniors to play comfortably, even from a shorter distance. The rules are intuitive: three points for a bag that goes through the hole and one point for a bag that stays on the board, making the game motivating and encouraging. Made in Qu\u00e9bec from high-quality wood, it offers excellent stability, ideal for residence environments.<\/p>\n<p data-start=\"934\" data-end=\"1241\">Cornhole promotes gentle motor skills, self-esteem, and social interaction, all while remaining safe and not physically demanding. It can be used in large common rooms, hallways, or even outdoors on nice days. Easy to set up, carry, and understand, it\u2019s an essential activity for engaging groups of seniors.<\/p>\n<p data-start=\"1243\" data-end=\"1255\"><span style=\"color: #ffffff;\">.<\/span><\/p>\n<p data-start=\"1243\" data-end=\"1255\"><strong data-start=\"1243\" data-end=\"1255\">Features<\/strong><\/p>\n<ul>\n<li data-start=\"1259\" data-end=\"1317\">Includes 2 identical playing platforms, each 61 x 122 cm<\/li>\n<li data-start=\"1320\" data-end=\"1356\">Made from high-quality Qu\u00e9bec wood<\/li>\n<\/ul>\n<p data-start=\"1358\" data-end=\"1398\"><span style=\"color: #ffffff;\">.<\/span><\/p>\n<p data-start=\"1358\" data-end=\"1398\"><strong data-start=\"1358\" data-end=\"1398\">Important information \/ Tips for use<\/strong><\/p>\n<p data-start=\"1400\" data-end=\"1784\">Place the two platforms facing each other at the distance that best suits the group\u2019s abilities. Take turns throwing the bags and score 3 points when a bag lands in the hole and 1 point when it stays on the surface. Feel free to adapt the rules to support success (shorter distance, bonus points, collaborative play). Store the game in a dry place to preserve the quality of the wood.<\/p>\n","protected":false},"excerpt":{"rendered":"<p>Discover the simple and irresistible fun of Cornhole, a game that brings people together as much as it entertains. Whether you want to energize an activity in your residence or spark a spontaneous moment of friendly competition, this classic never fails to make people smile. Set it up and let the magic happen! . Description [&hellip;]<\/p>\n","protected":false},"featured_media":70624,"comment_status":"open","ping_status":"closed","template":"","meta":{"_acf_changed":false},"product_brand":[],"product_cat":[4736,4401,4721],"product_tag":[],"class_list":{"0":"post-69943","1":"product","2":"type-product","3":"status-publish","4":"has-post-thumbnail","6":"product_cat-active-games","7":"product_cat-all","8":"product_cat-sales-en","9":"product_shipping_class-frais-de-livraison-en","11":"first","12":"instock","13":"sale","14":"taxable","15":"shipping-taxable","16":"purchasable","17":"product-type-simple"},"bundled_by":[],"bundle_stock_status":"instock","bundle_stock_quantity":null,"bundle_virtual":false,"bundle_layout":"","bundle_add_to_cart_form_location":"","bundle_editable_in_cart":false,"bundle_sold_individually_context":"","bundle_item_grouping":"","bundle_min_size":"","bundle_max_size":"","bundle_price":[],"bundled_items":[],"bundle_sell_ids":[],"acf":[],"featured_image_urls_v2":{"full":["https:\/\/staging.cdsboutique.com\/wp-content\/uploads\/2025\/09\/jeu-poche-cornhole_27019_p27.png",1080,1350,false],"thumbnail":["https:\/\/staging.cdsboutique.com\/wp-content\/uploads\/2025\/09\/jeu-poche-cornhole_27019_p27-150x150.png",150,150,true],"medium":["https:\/\/staging.cdsboutique.com\/wp-content\/uploads\/2025\/09\/jeu-poche-cornhole_27019_p27-240x300.png",240,300,true],"medium_large":["https:\/\/staging.cdsboutique.com\/wp-content\/uploads\/2025\/09\/jeu-poche-cornhole_27019_p27-768x960.png",768,960,true],"large":["https:\/\/staging.cdsboutique.com\/wp-content\/uploads\/2025\/09\/jeu-poche-cornhole_27019_p27-819x1024.png",819,1024,true],"1536x1536":["https:\/\/staging.cdsboutique.com\/wp-content\/uploads\/2025\/09\/jeu-poche-cornhole_27019_p27.png",1080,1350,false],"2048x2048":["https:\/\/staging.cdsboutique.com\/wp-content\/uploads\/2025\/09\/jeu-poche-cornhole_27019_p27.png",1080,1350,false],"gform-image-choice-sm":["https:\/\/staging.cdsboutique.com\/wp-content\/uploads\/2025\/09\/jeu-poche-cornhole_27019_p27.png",240,300,false],"gform-image-choice-md":["https:\/\/staging.cdsboutique.com\/wp-content\/uploads\/2025\/09\/jeu-poche-cornhole_27019_p27.png",320,400,false],"gform-image-choice-lg":["https:\/\/staging.cdsboutique.com\/wp-content\/uploads\/2025\/09\/jeu-poche-cornhole_27019_p27.png",480,600,false],"woocommerce_thumbnail":["https:\/\/staging.cdsboutique.com\/wp-content\/uploads\/2025\/09\/jeu-poche-cornhole_27019_p27-300x375.png",300,375,true],"woocommerce_single":["https:\/\/staging.cdsboutique.com\/wp-content\/uploads\/2025\/09\/jeu-poche-cornhole_27019_p27-600x750.png",600,750,true],"woocommerce_gallery_thumbnail":["https:\/\/staging.cdsboutique.com\/wp-content\/uploads\/2025\/09\/jeu-poche-cornhole_27019_p27-100x100.png",100,100,true],"variation_swatches_image_size":["https:\/\/staging.cdsboutique.com\/wp-content\/uploads\/2025\/09\/jeu-poche-cornhole_27019_p27-50x50.png",50,50,true],"variation_swatches_tooltip_size":["https:\/\/staging.cdsboutique.com\/wp-content\/uploads\/2025\/09\/jeu-poche-cornhole_27019_p27-100x100.png",100,100,true],"logo-size":["https:\/\/staging.cdsboutique.com\/wp-content\/uploads\/2025\/09\/jeu-poche-cornhole_27019_p27-67x84.png",67,84,true],"blog":["https:\/\/staging.cdsboutique.com\/wp-content\/uploads\/2025\/09\/jeu-poche-cornhole_27019_p27-350x260.png",350,260,true]},"post_excerpt_stackable_v2":"<p>Discover the simple and irresistible fun of Cornhole, a game that brings people together as much as it entertains. Whether you want to energize an activity in your residence or spark a spontaneous moment of friendly competition, this classic never fails to make people smile. Set it up and let the magic happen! . Description The Cornhole game includes two sturdy wooden platforms, each with a central hole and an angled design that makes throwing easier. Its wide, easy-to-see surface allows seniors to play comfortably, even from a shorter distance. The rules are intuitive: three points for a bag that&hellip;<\/p>\n","category_list_v2":"","author_info_v2":{"name":"","url":""},"comments_num_v2":"0 comments","yoast_head":"<!-- This site is optimized with the Yoast SEO plugin v27.4 - https:\/\/yoast.com\/product\/yoast-seo-wordpress\/ -->\n<title>Cornhole Sand Bag Game - CDS boutique A\u00een\u00e9s<\/title>\n<meta name=\"robots\" content=\"noindex, follow, max-snippet:-1, max-image-preview:large, max-video-preview:-1\" \/>\n<meta property=\"og:locale\" content=\"en_US\" \/>\n<meta property=\"og:type\" content=\"article\" \/>\n<meta property=\"og:title\" content=\"Cornhole Sand Bag Game - CDS boutique A\u00een\u00e9s\" \/>\n<meta property=\"og:description\" content=\"Discover the simple and irresistible fun of Cornhole, a game that brings people together as much as it entertains. Whether you want to energize an activity in your residence or spark a spontaneous moment of friendly competition, this classic never fails to make people smile. Set it up and let the magic happen! . Description [&hellip;]\" \/>\n<meta property=\"og:url\" content=\"https:\/\/staging.cdsboutique.com\/en\/product\/sand-bag-game\/\" \/>\n<meta property=\"og:site_name\" content=\"CDS boutique A\u00een\u00e9s\" \/>\n<meta property=\"article:publisher\" content=\"https:\/\/www.facebook.com\/CDSBoutique.Aines.Seniors\" \/>\n<meta property=\"article:modified_time\" content=\"2025-11-20T20:31:14+00:00\" \/>\n<meta property=\"og:image\" content=\"https:\/\/staging.cdsboutique.com\/wp-content\/uploads\/2025\/09\/jeu-poche-cornhole_27019_p27.png?_t=1776083903\" \/>\n\t<meta property=\"og:image:width\" content=\"1080\" \/>\n\t<meta property=\"og:image:height\" content=\"1350\" \/>\n\t<meta property=\"og:image:type\" content=\"image\/png\" \/>\n<meta name=\"twitter:card\" content=\"summary_large_image\" \/>\n<meta name=\"twitter:label1\" content=\"Est. reading time\" \/>\n\t<meta name=\"twitter:data1\" content=\"2 minutes\" \/>\n<script type=\"application\/ld+json\" class=\"yoast-schema-graph\">{\"@context\":\"https:\\\/\\\/schema.org\",\"@graph\":[{\"@type\":\"WebPage\",\"@id\":\"https:\\\/\\\/staging.cdsboutique.com\\\/en\\\/product\\\/sand-bag-game\\\/\",\"url\":\"https:\\\/\\\/staging.cdsboutique.com\\\/en\\\/product\\\/sand-bag-game\\\/\",\"name\":\"Cornhole Sand Bag Game - CDS boutique A\u00een\u00e9s\",\"isPartOf\":{\"@id\":\"https:\\\/\\\/staging.cdsboutique.com\\\/#website\"},\"primaryImageOfPage\":{\"@id\":\"https:\\\/\\\/staging.cdsboutique.com\\\/en\\\/product\\\/sand-bag-game\\\/#primaryimage\"},\"image\":{\"@id\":\"https:\\\/\\\/staging.cdsboutique.com\\\/en\\\/product\\\/sand-bag-game\\\/#primaryimage\"},\"thumbnailUrl\":\"https:\\\/\\\/staging.cdsboutique.com\\\/wp-content\\\/uploads\\\/2025\\\/09\\\/jeu-poche-cornhole_27019_p27.png\",\"datePublished\":\"2025-09-30T19:46:06+00:00\",\"dateModified\":\"2025-11-20T20:31:14+00:00\",\"breadcrumb\":{\"@id\":\"https:\\\/\\\/staging.cdsboutique.com\\\/en\\\/product\\\/sand-bag-game\\\/#breadcrumb\"},\"inLanguage\":\"en-US\",\"potentialAction\":[{\"@type\":\"ReadAction\",\"target\":[\"https:\\\/\\\/staging.cdsboutique.com\\\/en\\\/product\\\/sand-bag-game\\\/\"]}]},{\"@type\":\"ImageObject\",\"inLanguage\":\"en-US\",\"@id\":\"https:\\\/\\\/staging.cdsboutique.com\\\/en\\\/product\\\/sand-bag-game\\\/#primaryimage\",\"url\":\"https:\\\/\\\/staging.cdsboutique.com\\\/wp-content\\\/uploads\\\/2025\\\/09\\\/jeu-poche-cornhole_27019_p27.png\",\"contentUrl\":\"https:\\\/\\\/staging.cdsboutique.com\\\/wp-content\\\/uploads\\\/2025\\\/09\\\/jeu-poche-cornhole_27019_p27.png\",\"width\":1080,\"height\":1350,\"caption\":\"Jeu de poches Cornhole\"},{\"@type\":\"BreadcrumbList\",\"@id\":\"https:\\\/\\\/staging.cdsboutique.com\\\/en\\\/product\\\/sand-bag-game\\\/#breadcrumb\",\"itemListElement\":[{\"@type\":\"ListItem\",\"position\":1,\"name\":\"Home\",\"item\":\"https:\\\/\\\/staging.cdsboutique.com\\\/en\\\/\"},{\"@type\":\"ListItem\",\"position\":2,\"name\":\"Products\",\"item\":\"https:\\\/\\\/staging.cdsboutique.com\\\/en\\\/products\\\/\"},{\"@type\":\"ListItem\",\"position\":3,\"name\":\"Cornhole Sand Bag Game\"}]},{\"@type\":\"WebSite\",\"@id\":\"https:\\\/\\\/staging.cdsboutique.com\\\/#website\",\"url\":\"https:\\\/\\\/staging.cdsboutique.com\\\/\",\"name\":\"CDS boutique A\u00een\u00e9s\",\"description\":\"Pour une meilleure qualit\u00e9 de vie\",\"publisher\":{\"@id\":\"https:\\\/\\\/staging.cdsboutique.com\\\/#organization\"},\"potentialAction\":[{\"@type\":\"SearchAction\",\"target\":{\"@type\":\"EntryPoint\",\"urlTemplate\":\"https:\\\/\\\/staging.cdsboutique.com\\\/?s={search_term_string}\"},\"query-input\":{\"@type\":\"PropertyValueSpecification\",\"valueRequired\":true,\"valueName\":\"search_term_string\"}}],\"inLanguage\":\"en-US\"},{\"@type\":\"Organization\",\"@id\":\"https:\\\/\\\/staging.cdsboutique.com\\\/#organization\",\"name\":\"CDS Boutique\",\"url\":\"https:\\\/\\\/staging.cdsboutique.com\\\/\",\"logo\":{\"@type\":\"ImageObject\",\"inLanguage\":\"en-US\",\"@id\":\"https:\\\/\\\/staging.cdsboutique.com\\\/#\\\/schema\\\/logo\\\/image\\\/\",\"url\":\"https:\\\/\\\/staging.cdsboutique.com\\\/wp-content\\\/uploads\\\/2024\\\/09\\\/logoCDS-Boutique_final2024.jpg\",\"contentUrl\":\"https:\\\/\\\/staging.cdsboutique.com\\\/wp-content\\\/uploads\\\/2024\\\/09\\\/logoCDS-Boutique_final2024.jpg\",\"width\":900,\"height\":600,\"caption\":\"CDS Boutique\"},\"image\":{\"@id\":\"https:\\\/\\\/staging.cdsboutique.com\\\/#\\\/schema\\\/logo\\\/image\\\/\"},\"sameAs\":[\"https:\\\/\\\/www.facebook.com\\\/CDSBoutique.Aines.Seniors\",\"https:\\\/\\\/www.youtube.com\\\/@cdsboutique4046\",\"https:\\\/\\\/www.linkedin.com\\\/company\\\/cds-boutique\\\/\",\"https:\\\/\\\/www.instagram.com\\\/cdsboutique\\\/\"]}]}<\/script>\n<!-- \/ Yoast SEO plugin. -->","yoast_head_json":{"title":"Cornhole Sand Bag Game - CDS boutique A\u00een\u00e9s","robots":{"index":"noindex","follow":"follow","max-snippet":"max-snippet:-1","max-image-preview":"max-image-preview:large","max-video-preview":"max-video-preview:-1"},"og_locale":"en_US","og_type":"article","og_title":"Cornhole Sand Bag Game - CDS boutique A\u00een\u00e9s","og_description":"Discover the simple and irresistible fun of Cornhole, a game that brings people together as much as it entertains. Whether you want to energize an activity in your residence or spark a spontaneous moment of friendly competition, this classic never fails to make people smile. Set it up and let the magic happen! . Description [&hellip;]","og_url":"https:\/\/staging.cdsboutique.com\/en\/product\/sand-bag-game\/","og_site_name":"CDS boutique A\u00een\u00e9s","article_publisher":"https:\/\/www.facebook.com\/CDSBoutique.Aines.Seniors","article_modified_time":"2025-11-20T20:31:14+00:00","og_image":[{"width":1080,"height":1350,"url":"https:\/\/staging.cdsboutique.com\/wp-content\/uploads\/2025\/09\/jeu-poche-cornhole_27019_p27.png?_t=1776083903","type":"image\/png"}],"twitter_card":"summary_large_image","twitter_misc":{"Est. reading time":"2 minutes"},"schema":{"@context":"https:\/\/schema.org","@graph":[{"@type":"WebPage","@id":"https:\/\/staging.cdsboutique.com\/en\/product\/sand-bag-game\/","url":"https:\/\/staging.cdsboutique.com\/en\/product\/sand-bag-game\/","name":"Cornhole Sand Bag Game - CDS boutique A\u00een\u00e9s","isPartOf":{"@id":"https:\/\/staging.cdsboutique.com\/#website"},"primaryImageOfPage":{"@id":"https:\/\/staging.cdsboutique.com\/en\/product\/sand-bag-game\/#primaryimage"},"image":{"@id":"https:\/\/staging.cdsboutique.com\/en\/product\/sand-bag-game\/#primaryimage"},"thumbnailUrl":"https:\/\/staging.cdsboutique.com\/wp-content\/uploads\/2025\/09\/jeu-poche-cornhole_27019_p27.png","datePublished":"2025-09-30T19:46:06+00:00","dateModified":"2025-11-20T20:31:14+00:00","breadcrumb":{"@id":"https:\/\/staging.cdsboutique.com\/en\/product\/sand-bag-game\/#breadcrumb"},"inLanguage":"en-US","potentialAction":[{"@type":"ReadAction","target":["https:\/\/staging.cdsboutique.com\/en\/product\/sand-bag-game\/"]}]},{"@type":"ImageObject","inLanguage":"en-US","@id":"https:\/\/staging.cdsboutique.com\/en\/product\/sand-bag-game\/#primaryimage","url":"https:\/\/staging.cdsboutique.com\/wp-content\/uploads\/2025\/09\/jeu-poche-cornhole_27019_p27.png","contentUrl":"https:\/\/staging.cdsboutique.com\/wp-content\/uploads\/2025\/09\/jeu-poche-cornhole_27019_p27.png","width":1080,"height":1350,"caption":"Jeu de poches Cornhole"},{"@type":"BreadcrumbList","@id":"https:\/\/staging.cdsboutique.com\/en\/product\/sand-bag-game\/#breadcrumb","itemListElement":[{"@type":"ListItem","position":1,"name":"Home","item":"https:\/\/staging.cdsboutique.com\/en\/"},{"@type":"ListItem","position":2,"name":"Products","item":"https:\/\/staging.cdsboutique.com\/en\/products\/"},{"@type":"ListItem","position":3,"name":"Cornhole Sand Bag Game"}]},{"@type":"WebSite","@id":"https:\/\/staging.cdsboutique.com\/#website","url":"https:\/\/staging.cdsboutique.com\/","name":"CDS boutique A\u00een\u00e9s","description":"Pour une meilleure qualit\u00e9 de vie","publisher":{"@id":"https:\/\/staging.cdsboutique.com\/#organization"},"potentialAction":[{"@type":"SearchAction","target":{"@type":"EntryPoint","urlTemplate":"https:\/\/staging.cdsboutique.com\/?s={search_term_string}"},"query-input":{"@type":"PropertyValueSpecification","valueRequired":true,"valueName":"search_term_string"}}],"inLanguage":"en-US"},{"@type":"Organization","@id":"https:\/\/staging.cdsboutique.com\/#organization","name":"CDS Boutique","url":"https:\/\/staging.cdsboutique.com\/","logo":{"@type":"ImageObject","inLanguage":"en-US","@id":"https:\/\/staging.cdsboutique.com\/#\/schema\/logo\/image\/","url":"https:\/\/staging.cdsboutique.com\/wp-content\/uploads\/2024\/09\/logoCDS-Boutique_final2024.jpg","contentUrl":"https:\/\/staging.cdsboutique.com\/wp-content\/uploads\/2024\/09\/logoCDS-Boutique_final2024.jpg","width":900,"height":600,"caption":"CDS Boutique"},"image":{"@id":"https:\/\/staging.cdsboutique.com\/#\/schema\/logo\/image\/"},"sameAs":["https:\/\/www.facebook.com\/CDSBoutique.Aines.Seniors","https:\/\/www.youtube.com\/@cdsboutique4046","https:\/\/www.linkedin.com\/company\/cds-boutique\/","https:\/\/www.instagram.com\/cdsboutique\/"]}]}},"_links":{"self":[{"href":"https:\/\/staging.cdsboutique.com\/en\/wp-json\/wp\/v2\/product\/69943","targetHints":{"allow":["GET"]}}],"collection":[{"href":"https:\/\/staging.cdsboutique.com\/en\/wp-json\/wp\/v2\/product"}],"about":[{"href":"https:\/\/staging.cdsboutique.com\/en\/wp-json\/wp\/v2\/types\/product"}],"replies":[{"embeddable":true,"href":"https:\/\/staging.cdsboutique.com\/en\/wp-json\/wp\/v2\/comments?post=69943"}],"wp:featuredmedia":[{"embeddable":true,"href":"https:\/\/staging.cdsboutique.com\/en\/wp-json\/wp\/v2\/media\/70624"}],"wp:attachment":[{"href":"https:\/\/staging.cdsboutique.com\/en\/wp-json\/wp\/v2\/media?parent=69943"}],"wp:term":[{"taxonomy":"product_brand","embeddable":true,"href":"https:\/\/staging.cdsboutique.com\/en\/wp-json\/wp\/v2\/product_brand?post=69943"},{"taxonomy":"product_cat","embeddable":true,"href":"https:\/\/staging.cdsboutique.com\/en\/wp-json\/wp\/v2\/product_cat?post=69943"},{"taxonomy":"product_tag","embeddable":true,"href":"https:\/\/staging.cdsboutique.com\/en\/wp-json\/wp\/v2\/product_tag?post=69943"}],"curies":[{"name":"wp","href":"https:\/\/api.w.org\/{rel}","templated":true}]}}