{"id":69946,"date":"2025-09-30T16:23:29","date_gmt":"2025-09-30T20:23:29","guid":{"rendered":"https:\/\/cdsboutique.com\/?post_type=product&#038;p=69946"},"modified":"2026-02-05T15:53:11","modified_gmt":"2026-02-05T20:53:11","slug":"domino-cat","status":"publish","type":"product","link":"https:\/\/staging.cdsboutique.com\/en\/produit\/domino-cat\/","title":{"rendered":"Domino Cat"},"content":{"rendered":"<p>Our new Companion Cat has been designed to deliver even greater comfort and realism. Its coat is now softer and silkier, providing a touch that feels closer to a real cat. With lifelike meows, gentle purring, and sensors that respond to petting, it offers a tender and soothing experience filled with warmth and joy.<\/p>\n<p>And now, no more batteries! The Companion Cat charges easily with a cable, so you can enjoy uninterrupted moments of companionship.<\/p>\n","protected":false},"excerpt":{"rendered":"<p>Our new Companion Cat has been designed to deliver even greater comfort and realism. Its coat is now softer and silkier, providing a touch that feels closer to a real cat. With lifelike meows, gentle purring, and sensors that respond to petting, it offers a tender and soothing experience filled with warmth and joy.<\/p>\n<p>And now, no more batteries! The Companion Cat charges easily with a cable, so you can enjoy uninterrupted moments of companionship.<\/p>\n<h3 align=\"center\">Important Message<br \/>\nConcerning Companion Pets<\/h3>\n<p><strong>GUARANTEE<br \/>\n<\/strong>Joy for All\u2019s Companion Pets are products that contain electronic hardware. Like any other electronic device, special attention must be paid to assure the durability of their life span. Any physical damage to your Companion Pet related to water, food, dropping it on the floor, etc., is unfortunately not CDS Boutique\u2019s responsibility and is thus not guaranteed. We understand that this product is often used by people with cognitive impairment\u2014we invite you to regularly make sure it is well taken care of to avoid damage.<\/p>\n<p>To ensure that your device is working properly, we recommend testing it upon reception. If the product works well during the first two weeks, it means that everything is compliant and that the product has no manufacturing defect. The breakages that may ensue will be considered as caused by misuse of the product.<\/p>\n<p><strong>MAINTENANCE<br \/>\n<\/strong>In order to keep your Companion Pet in good condition, you can clean it regularly with a damp wipe and brush it with a soft brush. You can also use dry shampoo to restore freshness.<\/p>\n","protected":false},"featured_media":70355,"comment_status":"open","ping_status":"closed","template":"","meta":{"_acf_changed":false},"product_brand":[],"product_cat":[4401,4091],"product_tag":[],"class_list":{"0":"post-69946","1":"product","2":"type-product","3":"status-publish","4":"has-post-thumbnail","6":"product_cat-all","7":"product_cat-new-arrivals","8":"product_shipping_class-frais-de-livraison-en","10":"first","11":"instock","12":"taxable","13":"shipping-taxable","14":"purchasable","15":"product-type-simple"},"bundled_by":["72283"],"bundle_stock_status":"instock","bundle_stock_quantity":null,"bundle_virtual":false,"bundle_layout":"","bundle_add_to_cart_form_location":"","bundle_editable_in_cart":false,"bundle_sold_individually_context":"","bundle_item_grouping":"","bundle_min_size":"","bundle_max_size":"","bundle_price":[],"bundled_items":[],"bundle_sell_ids":[],"acf":[],"featured_image_urls_v2":{"full":["https:\/\/staging.cdsboutique.com\/wp-content\/uploads\/2025\/09\/\u9ed1\u732b\u767d\u5e95-scaled.jpg",2560,1634,false],"thumbnail":["https:\/\/staging.cdsboutique.com\/wp-content\/uploads\/2025\/09\/\u9ed1\u732b\u767d\u5e95-150x150.jpg",150,150,true],"medium":["https:\/\/staging.cdsboutique.com\/wp-content\/uploads\/2025\/09\/\u9ed1\u732b\u767d\u5e95-300x191.jpg",300,191,true],"medium_large":["https:\/\/staging.cdsboutique.com\/wp-content\/uploads\/2025\/09\/\u9ed1\u732b\u767d\u5e95-768x490.jpg",768,490,true],"large":["https:\/\/staging.cdsboutique.com\/wp-content\/uploads\/2025\/09\/\u9ed1\u732b\u767d\u5e95-1024x653.jpg",980,625,true],"1536x1536":["https:\/\/staging.cdsboutique.com\/wp-content\/uploads\/2025\/09\/\u9ed1\u732b\u767d\u5e95-1536x980.jpg",1536,980,true],"2048x2048":["https:\/\/staging.cdsboutique.com\/wp-content\/uploads\/2025\/09\/\u9ed1\u732b\u767d\u5e95-2048x1307.jpg",2048,1307,true],"gform-image-choice-sm":["https:\/\/staging.cdsboutique.com\/wp-content\/uploads\/2025\/09\/\u9ed1\u732b\u767d\u5e95-scaled.jpg",300,191,false],"gform-image-choice-md":["https:\/\/staging.cdsboutique.com\/wp-content\/uploads\/2025\/09\/\u9ed1\u732b\u767d\u5e95-scaled.jpg",400,255,false],"gform-image-choice-lg":["https:\/\/staging.cdsboutique.com\/wp-content\/uploads\/2025\/09\/\u9ed1\u732b\u767d\u5e95-scaled.jpg",600,383,false],"woocommerce_thumbnail":["https:\/\/staging.cdsboutique.com\/wp-content\/uploads\/2025\/09\/\u9ed1\u732b\u767d\u5e95-300x191.jpg",300,191,true],"woocommerce_single":["https:\/\/staging.cdsboutique.com\/wp-content\/uploads\/2025\/09\/\u9ed1\u732b\u767d\u5e95-600x383.jpg",600,383,true],"woocommerce_gallery_thumbnail":["https:\/\/staging.cdsboutique.com\/wp-content\/uploads\/2025\/09\/\u9ed1\u732b\u767d\u5e95-100x100.jpg",100,100,true],"variation_swatches_image_size":["https:\/\/staging.cdsboutique.com\/wp-content\/uploads\/2025\/09\/\u9ed1\u732b\u767d\u5e95-50x50.jpg",50,50,true],"variation_swatches_tooltip_size":["https:\/\/staging.cdsboutique.com\/wp-content\/uploads\/2025\/09\/\u9ed1\u732b\u767d\u5e95-100x100.jpg",100,100,true],"logo-size":["https:\/\/staging.cdsboutique.com\/wp-content\/uploads\/2025\/09\/\u9ed1\u732b\u767d\u5e95-130x84.jpg",130,84,true],"blog":["https:\/\/staging.cdsboutique.com\/wp-content\/uploads\/2025\/09\/\u9ed1\u732b\u767d\u5e95-350x260.jpg",350,260,true]},"post_excerpt_stackable_v2":"<p>Our new Companion Cat has been designed to deliver even greater comfort and realism. Its coat is now softer and silkier, providing a touch that feels closer to a real cat. With lifelike meows, gentle purring, and sensors that respond to petting, it offers a tender and soothing experience filled with warmth and joy.<\/p>\n<p>And now, no more batteries! The Companion Cat charges easily with a cable, so you can enjoy uninterrupted moments of companionship.<\/p>\n<h3 align=\"center\">Important Message<br \/>\nConcerning Companion Pets<\/h3>\n<p><strong>GUARANTEE<br \/>\n<\/strong>Joy for All\u2019s Companion Pets are products that contain electronic hardware. Like any other electronic device, special attention must be paid to assure the durability of their life span. Any physical damage to your Companion Pet related to water, food, dropping it on the floor, etc., is unfortunately not CDS Boutique\u2019s responsibility and is thus not guaranteed. We understand that this product is often used by people with cognitive impairment\u2014we invite you to regularly make sure it is well taken care of to avoid damage.<\/p>\n<p>To ensure that your device is working properly, we recommend testing it upon reception. If the product works well during the first two weeks, it means that everything is compliant and that the product has no manufacturing defect. The breakages that may ensue will be considered as caused by misuse of the product.<\/p>\n<p><strong>MAINTENANCE<br \/>\n<\/strong>In order to keep your Companion Pet in good condition, you can clean it regularly with a damp wipe and brush it with a soft brush. You can also use dry shampoo to restore freshness.<\/p>\n","category_list_v2":"","author_info_v2":{"name":"","url":""},"comments_num_v2":"0 comments","yoast_head":"<!-- This site is optimized with the Yoast SEO plugin v27.4 - https:\/\/yoast.com\/product\/yoast-seo-wordpress\/ -->\n<title>Domino Cat - CDS boutique A\u00een\u00e9s<\/title>\n<meta name=\"description\" content=\"Our new Companion Cat has been designed to deliver even greater comfort and realism. Its coat is now softer and silkier, providing a touch that feels closer to a real cat. With lifelike meows, gentle purring, and sensors that respond to petting, it offers a tender and soothing experience filled with warmth and joy.\" \/>\n<meta name=\"robots\" content=\"noindex, follow, max-snippet:-1, max-image-preview:large, max-video-preview:-1\" \/>\n<meta property=\"og:locale\" content=\"en_US\" \/>\n<meta property=\"og:type\" content=\"article\" \/>\n<meta property=\"og:title\" content=\"Domino Cat - CDS boutique A\u00een\u00e9s\" \/>\n<meta property=\"og:description\" content=\"Our new Companion Cat has been designed to deliver even greater comfort and realism. Its coat is now softer and silkier, providing a touch that feels closer to a real cat. With lifelike meows, gentle purring, and sensors that respond to petting, it offers a tender and soothing experience filled with warmth and joy.\" \/>\n<meta property=\"og:url\" content=\"https:\/\/staging.cdsboutique.com\/en\/product\/domino-cat\/\" \/>\n<meta property=\"og:site_name\" content=\"CDS boutique A\u00een\u00e9s\" \/>\n<meta property=\"article:publisher\" content=\"https:\/\/www.facebook.com\/CDSBoutique.Aines.Seniors\" \/>\n<meta property=\"article:modified_time\" content=\"2026-02-05T20:53:11+00:00\" \/>\n<meta property=\"og:image\" content=\"https:\/\/staging.cdsboutique.com\/wp-content\/uploads\/2025\/09\/\u9ed1\u732b\u767d\u5e95-scaled.jpg?_t=1770324941\" \/>\n\t<meta property=\"og:image:width\" content=\"2560\" \/>\n\t<meta property=\"og:image:height\" content=\"1634\" \/>\n\t<meta property=\"og:image:type\" content=\"image\/jpeg\" \/>\n<meta name=\"twitter:card\" content=\"summary_large_image\" \/>\n<meta name=\"twitter:label1\" content=\"Est. reading time\" \/>\n\t<meta name=\"twitter:data1\" content=\"1 minute\" \/>\n<script type=\"application\/ld+json\" class=\"yoast-schema-graph\">{\"@context\":\"https:\\\/\\\/schema.org\",\"@graph\":[{\"@type\":\"WebPage\",\"@id\":\"https:\\\/\\\/staging.cdsboutique.com\\\/en\\\/product\\\/domino-cat\\\/\",\"url\":\"https:\\\/\\\/staging.cdsboutique.com\\\/en\\\/product\\\/domino-cat\\\/\",\"name\":\"Domino Cat - CDS boutique A\u00een\u00e9s\",\"isPartOf\":{\"@id\":\"https:\\\/\\\/staging.cdsboutique.com\\\/#website\"},\"primaryImageOfPage\":{\"@id\":\"https:\\\/\\\/staging.cdsboutique.com\\\/en\\\/product\\\/domino-cat\\\/#primaryimage\"},\"image\":{\"@id\":\"https:\\\/\\\/staging.cdsboutique.com\\\/en\\\/product\\\/domino-cat\\\/#primaryimage\"},\"thumbnailUrl\":\"https:\\\/\\\/staging.cdsboutique.com\\\/wp-content\\\/uploads\\\/2025\\\/09\\\/\u9ed1\u732b\u767d\u5e95-scaled.jpg\",\"datePublished\":\"2025-09-30T20:23:29+00:00\",\"dateModified\":\"2026-02-05T20:53:11+00:00\",\"description\":\"Our new Companion Cat has been designed to deliver even greater comfort and realism. Its coat is now softer and silkier, providing a touch that feels closer to a real cat. With lifelike meows, gentle purring, and sensors that respond to petting, it offers a tender and soothing experience filled with warmth and joy.\",\"breadcrumb\":{\"@id\":\"https:\\\/\\\/staging.cdsboutique.com\\\/en\\\/product\\\/domino-cat\\\/#breadcrumb\"},\"inLanguage\":\"en-US\",\"potentialAction\":[{\"@type\":\"ReadAction\",\"target\":[\"https:\\\/\\\/staging.cdsboutique.com\\\/en\\\/product\\\/domino-cat\\\/\"]}]},{\"@type\":\"ImageObject\",\"inLanguage\":\"en-US\",\"@id\":\"https:\\\/\\\/staging.cdsboutique.com\\\/en\\\/product\\\/domino-cat\\\/#primaryimage\",\"url\":\"https:\\\/\\\/staging.cdsboutique.com\\\/wp-content\\\/uploads\\\/2025\\\/09\\\/\u9ed1\u732b\u767d\u5e95-scaled.jpg\",\"contentUrl\":\"https:\\\/\\\/staging.cdsboutique.com\\\/wp-content\\\/uploads\\\/2025\\\/09\\\/\u9ed1\u732b\u767d\u5e95-scaled.jpg\",\"width\":2560,\"height\":1634,\"caption\":\"chat Domino companion\"},{\"@type\":\"BreadcrumbList\",\"@id\":\"https:\\\/\\\/staging.cdsboutique.com\\\/en\\\/product\\\/domino-cat\\\/#breadcrumb\",\"itemListElement\":[{\"@type\":\"ListItem\",\"position\":1,\"name\":\"Home\",\"item\":\"https:\\\/\\\/staging.cdsboutique.com\\\/en\\\/\"},{\"@type\":\"ListItem\",\"position\":2,\"name\":\"Products\",\"item\":\"https:\\\/\\\/staging.cdsboutique.com\\\/en\\\/products\\\/\"},{\"@type\":\"ListItem\",\"position\":3,\"name\":\"Domino Cat\"}]},{\"@type\":\"WebSite\",\"@id\":\"https:\\\/\\\/staging.cdsboutique.com\\\/#website\",\"url\":\"https:\\\/\\\/staging.cdsboutique.com\\\/\",\"name\":\"CDS boutique A\u00een\u00e9s\",\"description\":\"Pour une meilleure qualit\u00e9 de vie\",\"publisher\":{\"@id\":\"https:\\\/\\\/staging.cdsboutique.com\\\/#organization\"},\"potentialAction\":[{\"@type\":\"SearchAction\",\"target\":{\"@type\":\"EntryPoint\",\"urlTemplate\":\"https:\\\/\\\/staging.cdsboutique.com\\\/?s={search_term_string}\"},\"query-input\":{\"@type\":\"PropertyValueSpecification\",\"valueRequired\":true,\"valueName\":\"search_term_string\"}}],\"inLanguage\":\"en-US\"},{\"@type\":\"Organization\",\"@id\":\"https:\\\/\\\/staging.cdsboutique.com\\\/#organization\",\"name\":\"CDS Boutique\",\"url\":\"https:\\\/\\\/staging.cdsboutique.com\\\/\",\"logo\":{\"@type\":\"ImageObject\",\"inLanguage\":\"en-US\",\"@id\":\"https:\\\/\\\/staging.cdsboutique.com\\\/#\\\/schema\\\/logo\\\/image\\\/\",\"url\":\"https:\\\/\\\/staging.cdsboutique.com\\\/wp-content\\\/uploads\\\/2024\\\/09\\\/logoCDS-Boutique_final2024.jpg\",\"contentUrl\":\"https:\\\/\\\/staging.cdsboutique.com\\\/wp-content\\\/uploads\\\/2024\\\/09\\\/logoCDS-Boutique_final2024.jpg\",\"width\":900,\"height\":600,\"caption\":\"CDS Boutique\"},\"image\":{\"@id\":\"https:\\\/\\\/staging.cdsboutique.com\\\/#\\\/schema\\\/logo\\\/image\\\/\"},\"sameAs\":[\"https:\\\/\\\/www.facebook.com\\\/CDSBoutique.Aines.Seniors\",\"https:\\\/\\\/www.youtube.com\\\/@cdsboutique4046\",\"https:\\\/\\\/www.linkedin.com\\\/company\\\/cds-boutique\\\/\",\"https:\\\/\\\/www.instagram.com\\\/cdsboutique\\\/\"]}]}<\/script>\n<!-- \/ Yoast SEO plugin. -->","yoast_head_json":{"title":"Domino Cat - CDS boutique A\u00een\u00e9s","description":"Our new Companion Cat has been designed to deliver even greater comfort and realism. Its coat is now softer and silkier, providing a touch that feels closer to a real cat. With lifelike meows, gentle purring, and sensors that respond to petting, it offers a tender and soothing experience filled with warmth and joy.","robots":{"index":"noindex","follow":"follow","max-snippet":"max-snippet:-1","max-image-preview":"max-image-preview:large","max-video-preview":"max-video-preview:-1"},"og_locale":"en_US","og_type":"article","og_title":"Domino Cat - CDS boutique A\u00een\u00e9s","og_description":"Our new Companion Cat has been designed to deliver even greater comfort and realism. Its coat is now softer and silkier, providing a touch that feels closer to a real cat. With lifelike meows, gentle purring, and sensors that respond to petting, it offers a tender and soothing experience filled with warmth and joy.","og_url":"https:\/\/staging.cdsboutique.com\/en\/product\/domino-cat\/","og_site_name":"CDS boutique A\u00een\u00e9s","article_publisher":"https:\/\/www.facebook.com\/CDSBoutique.Aines.Seniors","article_modified_time":"2026-02-05T20:53:11+00:00","og_image":[{"width":2560,"height":1634,"url":"https:\/\/staging.cdsboutique.com\/wp-content\/uploads\/2025\/09\/\u9ed1\u732b\u767d\u5e95-scaled.jpg?_t=1770324941","type":"image\/jpeg"}],"twitter_card":"summary_large_image","twitter_misc":{"Est. reading time":"1 minute"},"schema":{"@context":"https:\/\/schema.org","@graph":[{"@type":"WebPage","@id":"https:\/\/staging.cdsboutique.com\/en\/product\/domino-cat\/","url":"https:\/\/staging.cdsboutique.com\/en\/product\/domino-cat\/","name":"Domino Cat - CDS boutique A\u00een\u00e9s","isPartOf":{"@id":"https:\/\/staging.cdsboutique.com\/#website"},"primaryImageOfPage":{"@id":"https:\/\/staging.cdsboutique.com\/en\/product\/domino-cat\/#primaryimage"},"image":{"@id":"https:\/\/staging.cdsboutique.com\/en\/product\/domino-cat\/#primaryimage"},"thumbnailUrl":"https:\/\/staging.cdsboutique.com\/wp-content\/uploads\/2025\/09\/\u9ed1\u732b\u767d\u5e95-scaled.jpg","datePublished":"2025-09-30T20:23:29+00:00","dateModified":"2026-02-05T20:53:11+00:00","description":"Our new Companion Cat has been designed to deliver even greater comfort and realism. Its coat is now softer and silkier, providing a touch that feels closer to a real cat. With lifelike meows, gentle purring, and sensors that respond to petting, it offers a tender and soothing experience filled with warmth and joy.","breadcrumb":{"@id":"https:\/\/staging.cdsboutique.com\/en\/product\/domino-cat\/#breadcrumb"},"inLanguage":"en-US","potentialAction":[{"@type":"ReadAction","target":["https:\/\/staging.cdsboutique.com\/en\/product\/domino-cat\/"]}]},{"@type":"ImageObject","inLanguage":"en-US","@id":"https:\/\/staging.cdsboutique.com\/en\/product\/domino-cat\/#primaryimage","url":"https:\/\/staging.cdsboutique.com\/wp-content\/uploads\/2025\/09\/\u9ed1\u732b\u767d\u5e95-scaled.jpg","contentUrl":"https:\/\/staging.cdsboutique.com\/wp-content\/uploads\/2025\/09\/\u9ed1\u732b\u767d\u5e95-scaled.jpg","width":2560,"height":1634,"caption":"chat Domino companion"},{"@type":"BreadcrumbList","@id":"https:\/\/staging.cdsboutique.com\/en\/product\/domino-cat\/#breadcrumb","itemListElement":[{"@type":"ListItem","position":1,"name":"Home","item":"https:\/\/staging.cdsboutique.com\/en\/"},{"@type":"ListItem","position":2,"name":"Products","item":"https:\/\/staging.cdsboutique.com\/en\/products\/"},{"@type":"ListItem","position":3,"name":"Domino Cat"}]},{"@type":"WebSite","@id":"https:\/\/staging.cdsboutique.com\/#website","url":"https:\/\/staging.cdsboutique.com\/","name":"CDS boutique A\u00een\u00e9s","description":"Pour une meilleure qualit\u00e9 de vie","publisher":{"@id":"https:\/\/staging.cdsboutique.com\/#organization"},"potentialAction":[{"@type":"SearchAction","target":{"@type":"EntryPoint","urlTemplate":"https:\/\/staging.cdsboutique.com\/?s={search_term_string}"},"query-input":{"@type":"PropertyValueSpecification","valueRequired":true,"valueName":"search_term_string"}}],"inLanguage":"en-US"},{"@type":"Organization","@id":"https:\/\/staging.cdsboutique.com\/#organization","name":"CDS Boutique","url":"https:\/\/staging.cdsboutique.com\/","logo":{"@type":"ImageObject","inLanguage":"en-US","@id":"https:\/\/staging.cdsboutique.com\/#\/schema\/logo\/image\/","url":"https:\/\/staging.cdsboutique.com\/wp-content\/uploads\/2024\/09\/logoCDS-Boutique_final2024.jpg","contentUrl":"https:\/\/staging.cdsboutique.com\/wp-content\/uploads\/2024\/09\/logoCDS-Boutique_final2024.jpg","width":900,"height":600,"caption":"CDS Boutique"},"image":{"@id":"https:\/\/staging.cdsboutique.com\/#\/schema\/logo\/image\/"},"sameAs":["https:\/\/www.facebook.com\/CDSBoutique.Aines.Seniors","https:\/\/www.youtube.com\/@cdsboutique4046","https:\/\/www.linkedin.com\/company\/cds-boutique\/","https:\/\/www.instagram.com\/cdsboutique\/"]}]}},"_links":{"self":[{"href":"https:\/\/staging.cdsboutique.com\/en\/wp-json\/wp\/v2\/product\/69946","targetHints":{"allow":["GET"]}}],"collection":[{"href":"https:\/\/staging.cdsboutique.com\/en\/wp-json\/wp\/v2\/product"}],"about":[{"href":"https:\/\/staging.cdsboutique.com\/en\/wp-json\/wp\/v2\/types\/product"}],"replies":[{"embeddable":true,"href":"https:\/\/staging.cdsboutique.com\/en\/wp-json\/wp\/v2\/comments?post=69946"}],"wp:featuredmedia":[{"embeddable":true,"href":"https:\/\/staging.cdsboutique.com\/en\/wp-json\/wp\/v2\/media\/70355"}],"wp:attachment":[{"href":"https:\/\/staging.cdsboutique.com\/en\/wp-json\/wp\/v2\/media?parent=69946"}],"wp:term":[{"taxonomy":"product_brand","embeddable":true,"href":"https:\/\/staging.cdsboutique.com\/en\/wp-json\/wp\/v2\/product_brand?post=69946"},{"taxonomy":"product_cat","embeddable":true,"href":"https:\/\/staging.cdsboutique.com\/en\/wp-json\/wp\/v2\/product_cat?post=69946"},{"taxonomy":"product_tag","embeddable":true,"href":"https:\/\/staging.cdsboutique.com\/en\/wp-json\/wp\/v2\/product_tag?post=69946"}],"curies":[{"name":"wp","href":"https:\/\/api.w.org\/{rel}","templated":true}]}}