{"id":70083,"date":"2025-10-01T13:06:47","date_gmt":"2025-10-01T17:06:47","guid":{"rendered":"https:\/\/cdsboutique.com\/?post_type=product&#038;p=70083"},"modified":"2026-04-13T08:51:27","modified_gmt":"2026-04-13T12:51:27","slug":"chess-checkers-backgammon-giant-edition","status":"publish","type":"product","link":"https:\/\/staging.cdsboutique.com\/en\/produit\/chess-checkers-backgammon-giant-edition\/","title":{"rendered":"3 in 1 giant game (chess, checker, backgammon)"},"content":{"rendered":"<p>Enhance your activity offering in residences or during family visits with this giant 3-in-1 game of checkers, chess, and backgammon! A stimulating activity, perfect for entertaining independent and semi-independent seniors, indoors or outdoors. Sharpen your strategy, train your memory and focus, and let a bit of luck play its role with three timeless classics combined into one set. Participants can face off in exciting games of chess, lively rounds of checkers, or engaging matches of backgammon; variety guaranteed to suit everyone\u2019s taste. Offer your residents an unforgettable play experience with this versatile game that combines cognitive stimulation, critical thinking, social interaction, and fun!<\/p>\n","protected":false},"excerpt":{"rendered":"<p>Enhance your activity offering in residences or during family visits with this giant 3-in-1 game of checkers, chess, and backgammon! A stimulating activity, perfect for entertaining independent and semi-independent seniors, indoors or outdoors. Sharpen your strategy, train your memory and focus, and let a bit of luck play its role with three timeless classics combined [&hellip;]<\/p>\n","protected":false},"featured_media":70365,"comment_status":"closed","ping_status":"closed","template":"","meta":{"_acf_changed":false},"product_brand":[],"product_cat":[4736,4401,4091,4721],"product_tag":[4680],"class_list":{"0":"post-70083","1":"product","2":"type-product","3":"status-publish","4":"has-post-thumbnail","6":"product_cat-active-games","7":"product_cat-all","8":"product_cat-new-arrivals","9":"product_cat-sales-en","10":"product_tag-news-en","11":"product_shipping_class-additional-shipping-costs","13":"first","14":"instock","15":"sale","16":"taxable","17":"shipping-taxable","18":"purchasable","19":"product-type-simple"},"bundled_by":[],"bundle_stock_status":"instock","bundle_stock_quantity":null,"bundle_virtual":false,"bundle_layout":"","bundle_add_to_cart_form_location":"","bundle_editable_in_cart":false,"bundle_sold_individually_context":"","bundle_item_grouping":"","bundle_min_size":"","bundle_max_size":"","bundle_price":[],"bundled_items":[],"bundle_sell_ids":[],"acf":[],"featured_image_urls_v2":{"full":["https:\/\/staging.cdsboutique.com\/wp-content\/uploads\/2025\/10\/Screenshot-2025-10-20-144038.png",509,455,false],"thumbnail":["https:\/\/staging.cdsboutique.com\/wp-content\/uploads\/2025\/10\/Screenshot-2025-10-20-144038-150x150.png",150,150,true],"medium":["https:\/\/staging.cdsboutique.com\/wp-content\/uploads\/2025\/10\/Screenshot-2025-10-20-144038-300x268.png",300,268,true],"medium_large":["https:\/\/staging.cdsboutique.com\/wp-content\/uploads\/2025\/10\/Screenshot-2025-10-20-144038.png",509,455,false],"large":["https:\/\/staging.cdsboutique.com\/wp-content\/uploads\/2025\/10\/Screenshot-2025-10-20-144038.png",509,455,false],"1536x1536":["https:\/\/staging.cdsboutique.com\/wp-content\/uploads\/2025\/10\/Screenshot-2025-10-20-144038.png",509,455,false],"2048x2048":["https:\/\/staging.cdsboutique.com\/wp-content\/uploads\/2025\/10\/Screenshot-2025-10-20-144038.png",509,455,false],"gform-image-choice-sm":["https:\/\/staging.cdsboutique.com\/wp-content\/uploads\/2025\/10\/Screenshot-2025-10-20-144038.png",300,268,false],"gform-image-choice-md":["https:\/\/staging.cdsboutique.com\/wp-content\/uploads\/2025\/10\/Screenshot-2025-10-20-144038.png",400,358,false],"gform-image-choice-lg":["https:\/\/staging.cdsboutique.com\/wp-content\/uploads\/2025\/10\/Screenshot-2025-10-20-144038.png",509,455,false],"woocommerce_thumbnail":["https:\/\/staging.cdsboutique.com\/wp-content\/uploads\/2025\/10\/Screenshot-2025-10-20-144038-300x268.png",300,268,true],"woocommerce_single":["https:\/\/staging.cdsboutique.com\/wp-content\/uploads\/2025\/10\/Screenshot-2025-10-20-144038.png",509,455,false],"woocommerce_gallery_thumbnail":["https:\/\/staging.cdsboutique.com\/wp-content\/uploads\/2025\/10\/Screenshot-2025-10-20-144038-100x100.png",100,100,true],"variation_swatches_image_size":["https:\/\/staging.cdsboutique.com\/wp-content\/uploads\/2025\/10\/Screenshot-2025-10-20-144038-50x50.png",50,50,true],"variation_swatches_tooltip_size":["https:\/\/staging.cdsboutique.com\/wp-content\/uploads\/2025\/10\/Screenshot-2025-10-20-144038-100x100.png",100,100,true],"logo-size":["https:\/\/staging.cdsboutique.com\/wp-content\/uploads\/2025\/10\/Screenshot-2025-10-20-144038-94x84.png",94,84,true],"blog":["https:\/\/staging.cdsboutique.com\/wp-content\/uploads\/2025\/10\/Screenshot-2025-10-20-144038-350x260.png",350,260,true]},"post_excerpt_stackable_v2":"<p>Enhance your activity offering in residences or during family visits with this giant 3-in-1 game of checkers, chess, and backgammon! A stimulating activity, perfect for entertaining independent and semi-independent seniors, indoors or outdoors. Sharpen your strategy, train your memory and focus, and let a bit of luck play its role with three timeless classics combined into one set. Participants can face off in exciting games of chess, lively rounds of checkers, or engaging matches of backgammon; variety guaranteed to suit everyone\u2019s taste. Offer your residents an unforgettable play experience with this versatile game that combines cognitive stimulation, critical thinking, social&hellip;<\/p>\n","category_list_v2":"","author_info_v2":{"name":"","url":""},"comments_num_v2":"0 comments","yoast_head":"<!-- This site is optimized with the Yoast SEO plugin v27.4 - https:\/\/yoast.com\/product\/yoast-seo-wordpress\/ -->\n<title>3 in 1 giant game (chess, checker, backgammon) - CDS boutique A\u00een\u00e9s<\/title>\n<meta name=\"description\" content=\"Enhance your range of activities for residents or during family visits with this giant 3 in 1 game! An engaging activity perfect for entertaining both independent and semi-independent senior clientele, whether indoors or outdoors!\" \/>\n<meta name=\"robots\" content=\"noindex, follow, max-snippet:-1, max-image-preview:large, max-video-preview:-1\" \/>\n<meta property=\"og:locale\" content=\"en_US\" \/>\n<meta property=\"og:type\" content=\"article\" \/>\n<meta property=\"og:title\" content=\"3 in 1 giant game (chess, checker, backgammon) - CDS boutique A\u00een\u00e9s\" \/>\n<meta property=\"og:description\" content=\"Enhance your range of activities for residents or during family visits with this giant 3 in 1 game! An engaging activity perfect for entertaining both independent and semi-independent senior clientele, whether indoors or outdoors!\" \/>\n<meta property=\"og:url\" content=\"https:\/\/staging.cdsboutique.com\/en\/product\/chess-checkers-backgammon-giant-edition\/\" \/>\n<meta property=\"og:site_name\" content=\"CDS boutique A\u00een\u00e9s\" \/>\n<meta property=\"article:publisher\" content=\"https:\/\/www.facebook.com\/CDSBoutique.Aines.Seniors\" \/>\n<meta property=\"article:modified_time\" content=\"2026-04-13T12:51:27+00:00\" \/>\n<meta property=\"og:image\" content=\"https:\/\/staging.cdsboutique.com\/wp-content\/uploads\/2025\/10\/Screenshot-2025-10-20-144038.png?_t=1776084687\" \/>\n\t<meta property=\"og:image:width\" content=\"509\" \/>\n\t<meta property=\"og:image:height\" content=\"455\" \/>\n\t<meta property=\"og:image:type\" content=\"image\/png\" \/>\n<meta name=\"twitter:card\" content=\"summary_large_image\" \/>\n<meta name=\"twitter:label1\" content=\"Est. reading time\" \/>\n\t<meta name=\"twitter:data1\" content=\"1 minute\" \/>\n<script type=\"application\/ld+json\" class=\"yoast-schema-graph\">{\"@context\":\"https:\\\/\\\/schema.org\",\"@graph\":[{\"@type\":\"WebPage\",\"@id\":\"https:\\\/\\\/staging.cdsboutique.com\\\/en\\\/product\\\/chess-checkers-backgammon-giant-edition\\\/\",\"url\":\"https:\\\/\\\/staging.cdsboutique.com\\\/en\\\/product\\\/chess-checkers-backgammon-giant-edition\\\/\",\"name\":\"3 in 1 giant game (chess, checker, backgammon) - CDS boutique A\u00een\u00e9s\",\"isPartOf\":{\"@id\":\"https:\\\/\\\/staging.cdsboutique.com\\\/#website\"},\"primaryImageOfPage\":{\"@id\":\"https:\\\/\\\/staging.cdsboutique.com\\\/en\\\/product\\\/chess-checkers-backgammon-giant-edition\\\/#primaryimage\"},\"image\":{\"@id\":\"https:\\\/\\\/staging.cdsboutique.com\\\/en\\\/product\\\/chess-checkers-backgammon-giant-edition\\\/#primaryimage\"},\"thumbnailUrl\":\"https:\\\/\\\/staging.cdsboutique.com\\\/wp-content\\\/uploads\\\/2025\\\/10\\\/Screenshot-2025-10-20-144038.png\",\"datePublished\":\"2025-10-01T17:06:47+00:00\",\"dateModified\":\"2026-04-13T12:51:27+00:00\",\"description\":\"Enhance your range of activities for residents or during family visits with this giant 3 in 1 game! An engaging activity perfect for entertaining both independent and semi-independent senior clientele, whether indoors or outdoors!\",\"breadcrumb\":{\"@id\":\"https:\\\/\\\/staging.cdsboutique.com\\\/en\\\/product\\\/chess-checkers-backgammon-giant-edition\\\/#breadcrumb\"},\"inLanguage\":\"en-US\",\"potentialAction\":[{\"@type\":\"ReadAction\",\"target\":[\"https:\\\/\\\/staging.cdsboutique.com\\\/en\\\/product\\\/chess-checkers-backgammon-giant-edition\\\/\"]}]},{\"@type\":\"ImageObject\",\"inLanguage\":\"en-US\",\"@id\":\"https:\\\/\\\/staging.cdsboutique.com\\\/en\\\/product\\\/chess-checkers-backgammon-giant-edition\\\/#primaryimage\",\"url\":\"https:\\\/\\\/staging.cdsboutique.com\\\/wp-content\\\/uploads\\\/2025\\\/10\\\/Screenshot-2025-10-20-144038.png\",\"contentUrl\":\"https:\\\/\\\/staging.cdsboutique.com\\\/wp-content\\\/uploads\\\/2025\\\/10\\\/Screenshot-2025-10-20-144038.png\",\"width\":509,\"height\":455,\"caption\":\"jeu geant 3 en 1\"},{\"@type\":\"BreadcrumbList\",\"@id\":\"https:\\\/\\\/staging.cdsboutique.com\\\/en\\\/product\\\/chess-checkers-backgammon-giant-edition\\\/#breadcrumb\",\"itemListElement\":[{\"@type\":\"ListItem\",\"position\":1,\"name\":\"Home\",\"item\":\"https:\\\/\\\/staging.cdsboutique.com\\\/en\\\/\"},{\"@type\":\"ListItem\",\"position\":2,\"name\":\"Products\",\"item\":\"https:\\\/\\\/staging.cdsboutique.com\\\/en\\\/products\\\/\"},{\"@type\":\"ListItem\",\"position\":3,\"name\":\"3 in 1 giant game (chess, checker, backgammon)\"}]},{\"@type\":\"WebSite\",\"@id\":\"https:\\\/\\\/staging.cdsboutique.com\\\/#website\",\"url\":\"https:\\\/\\\/staging.cdsboutique.com\\\/\",\"name\":\"CDS boutique A\u00een\u00e9s\",\"description\":\"Pour une meilleure qualit\u00e9 de vie\",\"publisher\":{\"@id\":\"https:\\\/\\\/staging.cdsboutique.com\\\/#organization\"},\"potentialAction\":[{\"@type\":\"SearchAction\",\"target\":{\"@type\":\"EntryPoint\",\"urlTemplate\":\"https:\\\/\\\/staging.cdsboutique.com\\\/?s={search_term_string}\"},\"query-input\":{\"@type\":\"PropertyValueSpecification\",\"valueRequired\":true,\"valueName\":\"search_term_string\"}}],\"inLanguage\":\"en-US\"},{\"@type\":\"Organization\",\"@id\":\"https:\\\/\\\/staging.cdsboutique.com\\\/#organization\",\"name\":\"CDS Boutique\",\"url\":\"https:\\\/\\\/staging.cdsboutique.com\\\/\",\"logo\":{\"@type\":\"ImageObject\",\"inLanguage\":\"en-US\",\"@id\":\"https:\\\/\\\/staging.cdsboutique.com\\\/#\\\/schema\\\/logo\\\/image\\\/\",\"url\":\"https:\\\/\\\/staging.cdsboutique.com\\\/wp-content\\\/uploads\\\/2024\\\/09\\\/logoCDS-Boutique_final2024.jpg\",\"contentUrl\":\"https:\\\/\\\/staging.cdsboutique.com\\\/wp-content\\\/uploads\\\/2024\\\/09\\\/logoCDS-Boutique_final2024.jpg\",\"width\":900,\"height\":600,\"caption\":\"CDS Boutique\"},\"image\":{\"@id\":\"https:\\\/\\\/staging.cdsboutique.com\\\/#\\\/schema\\\/logo\\\/image\\\/\"},\"sameAs\":[\"https:\\\/\\\/www.facebook.com\\\/CDSBoutique.Aines.Seniors\",\"https:\\\/\\\/www.youtube.com\\\/@cdsboutique4046\",\"https:\\\/\\\/www.linkedin.com\\\/company\\\/cds-boutique\\\/\",\"https:\\\/\\\/www.instagram.com\\\/cdsboutique\\\/\"]}]}<\/script>\n<!-- \/ Yoast SEO plugin. -->","yoast_head_json":{"title":"3 in 1 giant game (chess, checker, backgammon) - CDS boutique A\u00een\u00e9s","description":"Enhance your range of activities for residents or during family visits with this giant 3 in 1 game! An engaging activity perfect for entertaining both independent and semi-independent senior clientele, whether indoors or outdoors!","robots":{"index":"noindex","follow":"follow","max-snippet":"max-snippet:-1","max-image-preview":"max-image-preview:large","max-video-preview":"max-video-preview:-1"},"og_locale":"en_US","og_type":"article","og_title":"3 in 1 giant game (chess, checker, backgammon) - CDS boutique A\u00een\u00e9s","og_description":"Enhance your range of activities for residents or during family visits with this giant 3 in 1 game! An engaging activity perfect for entertaining both independent and semi-independent senior clientele, whether indoors or outdoors!","og_url":"https:\/\/staging.cdsboutique.com\/en\/product\/chess-checkers-backgammon-giant-edition\/","og_site_name":"CDS boutique A\u00een\u00e9s","article_publisher":"https:\/\/www.facebook.com\/CDSBoutique.Aines.Seniors","article_modified_time":"2026-04-13T12:51:27+00:00","og_image":[{"width":509,"height":455,"url":"https:\/\/staging.cdsboutique.com\/wp-content\/uploads\/2025\/10\/Screenshot-2025-10-20-144038.png?_t=1776084687","type":"image\/png"}],"twitter_card":"summary_large_image","twitter_misc":{"Est. reading time":"1 minute"},"schema":{"@context":"https:\/\/schema.org","@graph":[{"@type":"WebPage","@id":"https:\/\/staging.cdsboutique.com\/en\/product\/chess-checkers-backgammon-giant-edition\/","url":"https:\/\/staging.cdsboutique.com\/en\/product\/chess-checkers-backgammon-giant-edition\/","name":"3 in 1 giant game (chess, checker, backgammon) - CDS boutique A\u00een\u00e9s","isPartOf":{"@id":"https:\/\/staging.cdsboutique.com\/#website"},"primaryImageOfPage":{"@id":"https:\/\/staging.cdsboutique.com\/en\/product\/chess-checkers-backgammon-giant-edition\/#primaryimage"},"image":{"@id":"https:\/\/staging.cdsboutique.com\/en\/product\/chess-checkers-backgammon-giant-edition\/#primaryimage"},"thumbnailUrl":"https:\/\/staging.cdsboutique.com\/wp-content\/uploads\/2025\/10\/Screenshot-2025-10-20-144038.png","datePublished":"2025-10-01T17:06:47+00:00","dateModified":"2026-04-13T12:51:27+00:00","description":"Enhance your range of activities for residents or during family visits with this giant 3 in 1 game! An engaging activity perfect for entertaining both independent and semi-independent senior clientele, whether indoors or outdoors!","breadcrumb":{"@id":"https:\/\/staging.cdsboutique.com\/en\/product\/chess-checkers-backgammon-giant-edition\/#breadcrumb"},"inLanguage":"en-US","potentialAction":[{"@type":"ReadAction","target":["https:\/\/staging.cdsboutique.com\/en\/product\/chess-checkers-backgammon-giant-edition\/"]}]},{"@type":"ImageObject","inLanguage":"en-US","@id":"https:\/\/staging.cdsboutique.com\/en\/product\/chess-checkers-backgammon-giant-edition\/#primaryimage","url":"https:\/\/staging.cdsboutique.com\/wp-content\/uploads\/2025\/10\/Screenshot-2025-10-20-144038.png","contentUrl":"https:\/\/staging.cdsboutique.com\/wp-content\/uploads\/2025\/10\/Screenshot-2025-10-20-144038.png","width":509,"height":455,"caption":"jeu geant 3 en 1"},{"@type":"BreadcrumbList","@id":"https:\/\/staging.cdsboutique.com\/en\/product\/chess-checkers-backgammon-giant-edition\/#breadcrumb","itemListElement":[{"@type":"ListItem","position":1,"name":"Home","item":"https:\/\/staging.cdsboutique.com\/en\/"},{"@type":"ListItem","position":2,"name":"Products","item":"https:\/\/staging.cdsboutique.com\/en\/products\/"},{"@type":"ListItem","position":3,"name":"3 in 1 giant game (chess, checker, backgammon)"}]},{"@type":"WebSite","@id":"https:\/\/staging.cdsboutique.com\/#website","url":"https:\/\/staging.cdsboutique.com\/","name":"CDS boutique A\u00een\u00e9s","description":"Pour une meilleure qualit\u00e9 de vie","publisher":{"@id":"https:\/\/staging.cdsboutique.com\/#organization"},"potentialAction":[{"@type":"SearchAction","target":{"@type":"EntryPoint","urlTemplate":"https:\/\/staging.cdsboutique.com\/?s={search_term_string}"},"query-input":{"@type":"PropertyValueSpecification","valueRequired":true,"valueName":"search_term_string"}}],"inLanguage":"en-US"},{"@type":"Organization","@id":"https:\/\/staging.cdsboutique.com\/#organization","name":"CDS Boutique","url":"https:\/\/staging.cdsboutique.com\/","logo":{"@type":"ImageObject","inLanguage":"en-US","@id":"https:\/\/staging.cdsboutique.com\/#\/schema\/logo\/image\/","url":"https:\/\/staging.cdsboutique.com\/wp-content\/uploads\/2024\/09\/logoCDS-Boutique_final2024.jpg","contentUrl":"https:\/\/staging.cdsboutique.com\/wp-content\/uploads\/2024\/09\/logoCDS-Boutique_final2024.jpg","width":900,"height":600,"caption":"CDS Boutique"},"image":{"@id":"https:\/\/staging.cdsboutique.com\/#\/schema\/logo\/image\/"},"sameAs":["https:\/\/www.facebook.com\/CDSBoutique.Aines.Seniors","https:\/\/www.youtube.com\/@cdsboutique4046","https:\/\/www.linkedin.com\/company\/cds-boutique\/","https:\/\/www.instagram.com\/cdsboutique\/"]}]}},"_links":{"self":[{"href":"https:\/\/staging.cdsboutique.com\/en\/wp-json\/wp\/v2\/product\/70083","targetHints":{"allow":["GET"]}}],"collection":[{"href":"https:\/\/staging.cdsboutique.com\/en\/wp-json\/wp\/v2\/product"}],"about":[{"href":"https:\/\/staging.cdsboutique.com\/en\/wp-json\/wp\/v2\/types\/product"}],"replies":[{"embeddable":true,"href":"https:\/\/staging.cdsboutique.com\/en\/wp-json\/wp\/v2\/comments?post=70083"}],"wp:featuredmedia":[{"embeddable":true,"href":"https:\/\/staging.cdsboutique.com\/en\/wp-json\/wp\/v2\/media\/70365"}],"wp:attachment":[{"href":"https:\/\/staging.cdsboutique.com\/en\/wp-json\/wp\/v2\/media?parent=70083"}],"wp:term":[{"taxonomy":"product_brand","embeddable":true,"href":"https:\/\/staging.cdsboutique.com\/en\/wp-json\/wp\/v2\/product_brand?post=70083"},{"taxonomy":"product_cat","embeddable":true,"href":"https:\/\/staging.cdsboutique.com\/en\/wp-json\/wp\/v2\/product_cat?post=70083"},{"taxonomy":"product_tag","embeddable":true,"href":"https:\/\/staging.cdsboutique.com\/en\/wp-json\/wp\/v2\/product_tag?post=70083"}],"curies":[{"name":"wp","href":"https:\/\/api.w.org\/{rel}","templated":true}]}}