{"id":70221,"date":"2025-10-15T09:29:55","date_gmt":"2025-10-15T13:29:55","guid":{"rendered":"https:\/\/cdsboutique.com\/?post_type=product&#038;p=70221"},"modified":"2026-01-16T12:06:43","modified_gmt":"2026-01-16T17:06:43","slug":"maestro-circles","status":"publish","type":"product","link":"https:\/\/staging.cdsboutique.com\/en\/produit\/maestro-circles\/","title":{"rendered":"The maestro Circles"},"content":{"rendered":"<p><span style=\"color: #993300;\"><strong>Price upon request<\/strong><\/span><\/p>\n<p><strong>Become the maestro of your orchestra! Place, turn, create. The maestro round, with its easy-to-grasp circular discs, lets anyone compose music without any prior knowledge. Every gesture transforms into harmonious melodies, inspiring singing, movement, and dance. It\u2019s a simple and joyful way for older adults to express their creativity, stimulate memory, and share moments of togetherness \u2014 while giving caregivers an engaging, effortless tool for activity planning.<\/strong><\/p>\n<p><span style=\"color: #ffffff;\">.<\/span><\/p>\n<p><strong>Description<\/strong><\/p>\n<p data-start=\"761\" data-end=\"1235\">The maestro round is a sensory musical device designed to make music accessible to everyone. It supports older adults, whether independent or with reduced autonomy, by offering a stimulating, rewarding, and fully adapted experience. Caregivers, including recreation coordinators, specialized educators, and attendants, benefit from a ready-to-use, inclusive, and engaging tool that makes activity facilitation easy and encourages participation.<\/p>\n<p data-start=\"1237\" data-end=\"1549\">Its operation is immediate: place a circular disc, turn it, and create your melody. No learning required, no wrong notes, 100% rewarding. The maestro round stimulates the brain, memory, and attention, fosters creativity and curiosity, and helps reduce isolation through shared enjoyment and connection.<\/p>\n<p data-start=\"1551\" data-end=\"1862\">Lightweight, durable, and ergonomic, it requires no screen or Wi-Fi connection and is suitable for people with sensory sensitivities or disabilities. Designed by musicians and born from an inclusive project, the maestro is made in France and meets European and North American safety standards.<\/p>\n<p data-start=\"1162\" data-end=\"1466\"><span style=\"color: #ffffff;\">.<\/span><\/p>\n<p data-start=\"1162\" data-end=\"1466\"><strong>Features of the maestro Circles<\/strong><\/p>\n<ul>\n<li data-start=\"1908\" data-end=\"1951\">Screen-free and Wi-Fi-free musical device<\/li>\n<li data-start=\"1954\" data-end=\"2010\">Operates with circular musical discs to place and turn<\/li>\n<li data-start=\"2013\" data-end=\"2060\">Up to 3,124 possible musical combinations<\/li>\n<li data-start=\"2063\" data-end=\"2107\">Lightweight, durable, and ergonomic design<\/li>\n<li data-start=\"2110\" data-end=\"2200\">Inclusive and accessible, suitable for people with disabilities or sensory sensitivities<\/li>\n<\/ul>\n<p><span style=\"color: #ffffff;\">.<\/span><\/p>\n<p><strong>Instructions for use and important informations<\/strong><\/p>\n<p>To use the maestro round, place it on a stable surface and select a circular disc. Place it on one of the five anchors to activate an instrument or a voice. Add the discs one by one to build your orchestra. Once all discs are in place, turn them like a DJ to explore every musical combination. Clean the discs and the device with a soft, dry cloth. No batteries or connection are required. Collective sessions are recommended to encourage sharing and interaction among participants.<\/p>\n","protected":false},"excerpt":{"rendered":"<p>Price upon request Become the maestro of your orchestra! Place, turn, create. The maestro round, with its easy-to-grasp circular discs, lets anyone compose music without any prior knowledge. Every gesture transforms into harmonious melodies, inspiring singing, movement, and dance. It\u2019s a simple and joyful way for older adults to express their creativity, stimulate memory, and [&hellip;]<\/p>\n","protected":false},"featured_media":70288,"comment_status":"open","ping_status":"closed","template":"","meta":{"_acf_changed":false},"product_brand":[],"product_cat":[4401,4091],"product_tag":[],"class_list":{"0":"post-70221","1":"product","2":"type-product","3":"status-publish","4":"has-post-thumbnail","6":"product_cat-all","7":"product_cat-new-arrivals","8":"product_shipping_class-free-delivary","10":"first","11":"instock","12":"taxable","13":"shipping-taxable","14":"product-type-simple"},"bundled_by":[],"bundle_stock_status":"instock","bundle_stock_quantity":null,"bundle_virtual":false,"bundle_layout":"","bundle_add_to_cart_form_location":"","bundle_editable_in_cart":false,"bundle_sold_individually_context":"","bundle_item_grouping":"","bundle_min_size":"","bundle_max_size":"","bundle_price":[],"bundled_items":[],"bundle_sell_ids":[],"acf":[],"featured_image_urls_v2":{"full":["https:\/\/staging.cdsboutique.com\/wp-content\/uploads\/2025\/10\/9005_maestro-ronds_1.png",1080,1350,false],"thumbnail":["https:\/\/staging.cdsboutique.com\/wp-content\/uploads\/2025\/10\/9005_maestro-ronds_1-150x150.png",150,150,true],"medium":["https:\/\/staging.cdsboutique.com\/wp-content\/uploads\/2025\/10\/9005_maestro-ronds_1-240x300.png",240,300,true],"medium_large":["https:\/\/staging.cdsboutique.com\/wp-content\/uploads\/2025\/10\/9005_maestro-ronds_1-768x960.png",768,960,true],"large":["https:\/\/staging.cdsboutique.com\/wp-content\/uploads\/2025\/10\/9005_maestro-ronds_1-819x1024.png",819,1024,true],"1536x1536":["https:\/\/staging.cdsboutique.com\/wp-content\/uploads\/2025\/10\/9005_maestro-ronds_1.png",1080,1350,false],"2048x2048":["https:\/\/staging.cdsboutique.com\/wp-content\/uploads\/2025\/10\/9005_maestro-ronds_1.png",1080,1350,false],"gform-image-choice-sm":["https:\/\/staging.cdsboutique.com\/wp-content\/uploads\/2025\/10\/9005_maestro-ronds_1.png",240,300,false],"gform-image-choice-md":["https:\/\/staging.cdsboutique.com\/wp-content\/uploads\/2025\/10\/9005_maestro-ronds_1.png",320,400,false],"gform-image-choice-lg":["https:\/\/staging.cdsboutique.com\/wp-content\/uploads\/2025\/10\/9005_maestro-ronds_1.png",480,600,false],"woocommerce_thumbnail":["https:\/\/staging.cdsboutique.com\/wp-content\/uploads\/2025\/10\/9005_maestro-ronds_1-300x375.png",300,375,true],"woocommerce_single":["https:\/\/staging.cdsboutique.com\/wp-content\/uploads\/2025\/10\/9005_maestro-ronds_1-600x750.png",600,750,true],"woocommerce_gallery_thumbnail":["https:\/\/staging.cdsboutique.com\/wp-content\/uploads\/2025\/10\/9005_maestro-ronds_1-100x100.png",100,100,true],"variation_swatches_image_size":["https:\/\/staging.cdsboutique.com\/wp-content\/uploads\/2025\/10\/9005_maestro-ronds_1-50x50.png",50,50,true],"variation_swatches_tooltip_size":["https:\/\/staging.cdsboutique.com\/wp-content\/uploads\/2025\/10\/9005_maestro-ronds_1-100x100.png",100,100,true],"logo-size":["https:\/\/staging.cdsboutique.com\/wp-content\/uploads\/2025\/10\/9005_maestro-ronds_1-67x84.png",67,84,true],"blog":["https:\/\/staging.cdsboutique.com\/wp-content\/uploads\/2025\/10\/9005_maestro-ronds_1-350x260.png",350,260,true]},"post_excerpt_stackable_v2":"<p>Price upon request Become the maestro of your orchestra! Place, turn, create. The maestro round, with its easy-to-grasp circular discs, lets anyone compose music without any prior knowledge. Every gesture transforms into harmonious melodies, inspiring singing, movement, and dance. It\u2019s a simple and joyful way for older adults to express their creativity, stimulate memory, and share moments of togetherness \u2014 while giving caregivers an engaging, effortless tool for activity planning. . Description The maestro round is a sensory musical device designed to make music accessible to everyone. It supports older adults, whether independent or with reduced autonomy, by offering a&hellip;<\/p>\n","category_list_v2":"","author_info_v2":{"name":"","url":""},"comments_num_v2":"0 comments","yoast_head":"<!-- This site is optimized with the Yoast SEO plugin v27.4 - https:\/\/yoast.com\/product\/yoast-seo-wordpress\/ -->\n<title>The maestro Circles - CDS boutique A\u00een\u00e9s<\/title>\n<meta name=\"robots\" content=\"noindex, follow, max-snippet:-1, max-image-preview:large, max-video-preview:-1\" \/>\n<meta property=\"og:locale\" content=\"en_US\" \/>\n<meta property=\"og:type\" content=\"article\" \/>\n<meta property=\"og:title\" content=\"The maestro Circles - CDS boutique A\u00een\u00e9s\" \/>\n<meta property=\"og:description\" content=\"Price upon request Become the maestro of your orchestra! Place, turn, create. The maestro round, with its easy-to-grasp circular discs, lets anyone compose music without any prior knowledge. Every gesture transforms into harmonious melodies, inspiring singing, movement, and dance. It\u2019s a simple and joyful way for older adults to express their creativity, stimulate memory, and [&hellip;]\" \/>\n<meta property=\"og:url\" content=\"https:\/\/staging.cdsboutique.com\/en\/product\/maestro-circles\/\" \/>\n<meta property=\"og:site_name\" content=\"CDS boutique A\u00een\u00e9s\" \/>\n<meta property=\"article:publisher\" content=\"https:\/\/www.facebook.com\/CDSBoutique.Aines.Seniors\" \/>\n<meta property=\"article:modified_time\" content=\"2026-01-16T17:06:43+00:00\" \/>\n<meta property=\"og:image\" content=\"https:\/\/staging.cdsboutique.com\/wp-content\/uploads\/2024\/04\/obie_2024_seniors_jouent.jpg?_t=1713898910\" \/>\n<meta name=\"twitter:card\" content=\"summary_large_image\" \/>\n<meta name=\"twitter:label1\" content=\"Est. reading time\" \/>\n\t<meta name=\"twitter:data1\" content=\"2 minutes\" \/>\n<script type=\"application\/ld+json\" class=\"yoast-schema-graph\">{\"@context\":\"https:\\\/\\\/schema.org\",\"@graph\":[{\"@type\":\"WebPage\",\"@id\":\"https:\\\/\\\/staging.cdsboutique.com\\\/en\\\/product\\\/maestro-circles\\\/\",\"url\":\"https:\\\/\\\/staging.cdsboutique.com\\\/en\\\/product\\\/maestro-circles\\\/\",\"name\":\"The maestro Circles - CDS boutique A\u00een\u00e9s\",\"isPartOf\":{\"@id\":\"https:\\\/\\\/staging.cdsboutique.com\\\/#website\"},\"primaryImageOfPage\":{\"@id\":\"https:\\\/\\\/staging.cdsboutique.com\\\/en\\\/product\\\/maestro-circles\\\/#primaryimage\"},\"image\":{\"@id\":\"https:\\\/\\\/staging.cdsboutique.com\\\/en\\\/product\\\/maestro-circles\\\/#primaryimage\"},\"thumbnailUrl\":\"https:\\\/\\\/staging.cdsboutique.com\\\/wp-content\\\/uploads\\\/2025\\\/10\\\/9005_maestro-ronds_1.png\",\"datePublished\":\"2025-10-15T13:29:55+00:00\",\"dateModified\":\"2026-01-16T17:06:43+00:00\",\"breadcrumb\":{\"@id\":\"https:\\\/\\\/staging.cdsboutique.com\\\/en\\\/product\\\/maestro-circles\\\/#breadcrumb\"},\"inLanguage\":\"en-US\",\"potentialAction\":[{\"@type\":\"ReadAction\",\"target\":[\"https:\\\/\\\/staging.cdsboutique.com\\\/en\\\/product\\\/maestro-circles\\\/\"]}]},{\"@type\":\"ImageObject\",\"inLanguage\":\"en-US\",\"@id\":\"https:\\\/\\\/staging.cdsboutique.com\\\/en\\\/product\\\/maestro-circles\\\/#primaryimage\",\"url\":\"https:\\\/\\\/staging.cdsboutique.com\\\/wp-content\\\/uploads\\\/2025\\\/10\\\/9005_maestro-ronds_1.png\",\"contentUrl\":\"https:\\\/\\\/staging.cdsboutique.com\\\/wp-content\\\/uploads\\\/2025\\\/10\\\/9005_maestro-ronds_1.png\",\"width\":1080,\"height\":1350},{\"@type\":\"BreadcrumbList\",\"@id\":\"https:\\\/\\\/staging.cdsboutique.com\\\/en\\\/product\\\/maestro-circles\\\/#breadcrumb\",\"itemListElement\":[{\"@type\":\"ListItem\",\"position\":1,\"name\":\"Home\",\"item\":\"https:\\\/\\\/staging.cdsboutique.com\\\/en\\\/\"},{\"@type\":\"ListItem\",\"position\":2,\"name\":\"Products\",\"item\":\"https:\\\/\\\/staging.cdsboutique.com\\\/en\\\/products\\\/\"},{\"@type\":\"ListItem\",\"position\":3,\"name\":\"The maestro Circles\"}]},{\"@type\":\"WebSite\",\"@id\":\"https:\\\/\\\/staging.cdsboutique.com\\\/#website\",\"url\":\"https:\\\/\\\/staging.cdsboutique.com\\\/\",\"name\":\"CDS boutique A\u00een\u00e9s\",\"description\":\"Pour une meilleure qualit\u00e9 de vie\",\"publisher\":{\"@id\":\"https:\\\/\\\/staging.cdsboutique.com\\\/#organization\"},\"potentialAction\":[{\"@type\":\"SearchAction\",\"target\":{\"@type\":\"EntryPoint\",\"urlTemplate\":\"https:\\\/\\\/staging.cdsboutique.com\\\/?s={search_term_string}\"},\"query-input\":{\"@type\":\"PropertyValueSpecification\",\"valueRequired\":true,\"valueName\":\"search_term_string\"}}],\"inLanguage\":\"en-US\"},{\"@type\":\"Organization\",\"@id\":\"https:\\\/\\\/staging.cdsboutique.com\\\/#organization\",\"name\":\"CDS Boutique\",\"url\":\"https:\\\/\\\/staging.cdsboutique.com\\\/\",\"logo\":{\"@type\":\"ImageObject\",\"inLanguage\":\"en-US\",\"@id\":\"https:\\\/\\\/staging.cdsboutique.com\\\/#\\\/schema\\\/logo\\\/image\\\/\",\"url\":\"https:\\\/\\\/staging.cdsboutique.com\\\/wp-content\\\/uploads\\\/2024\\\/09\\\/logoCDS-Boutique_final2024.jpg\",\"contentUrl\":\"https:\\\/\\\/staging.cdsboutique.com\\\/wp-content\\\/uploads\\\/2024\\\/09\\\/logoCDS-Boutique_final2024.jpg\",\"width\":900,\"height\":600,\"caption\":\"CDS Boutique\"},\"image\":{\"@id\":\"https:\\\/\\\/staging.cdsboutique.com\\\/#\\\/schema\\\/logo\\\/image\\\/\"},\"sameAs\":[\"https:\\\/\\\/www.facebook.com\\\/CDSBoutique.Aines.Seniors\",\"https:\\\/\\\/www.youtube.com\\\/@cdsboutique4046\",\"https:\\\/\\\/www.linkedin.com\\\/company\\\/cds-boutique\\\/\",\"https:\\\/\\\/www.instagram.com\\\/cdsboutique\\\/\"]}]}<\/script>\n<!-- \/ Yoast SEO plugin. -->","yoast_head_json":{"title":"The maestro Circles - CDS boutique A\u00een\u00e9s","robots":{"index":"noindex","follow":"follow","max-snippet":"max-snippet:-1","max-image-preview":"max-image-preview:large","max-video-preview":"max-video-preview:-1"},"og_locale":"en_US","og_type":"article","og_title":"The maestro Circles - CDS boutique A\u00een\u00e9s","og_description":"Price upon request Become the maestro of your orchestra! Place, turn, create. The maestro round, with its easy-to-grasp circular discs, lets anyone compose music without any prior knowledge. Every gesture transforms into harmonious melodies, inspiring singing, movement, and dance. It\u2019s a simple and joyful way for older adults to express their creativity, stimulate memory, and [&hellip;]","og_url":"https:\/\/staging.cdsboutique.com\/en\/product\/maestro-circles\/","og_site_name":"CDS boutique A\u00een\u00e9s","article_publisher":"https:\/\/www.facebook.com\/CDSBoutique.Aines.Seniors","article_modified_time":"2026-01-16T17:06:43+00:00","og_image":[{"url":"https:\/\/staging.cdsboutique.com\/wp-content\/uploads\/2024\/04\/obie_2024_seniors_jouent.jpg?_t=1713898910","type":"","width":"","height":""}],"twitter_card":"summary_large_image","twitter_misc":{"Est. reading time":"2 minutes"},"schema":{"@context":"https:\/\/schema.org","@graph":[{"@type":"WebPage","@id":"https:\/\/staging.cdsboutique.com\/en\/product\/maestro-circles\/","url":"https:\/\/staging.cdsboutique.com\/en\/product\/maestro-circles\/","name":"The maestro Circles - CDS boutique A\u00een\u00e9s","isPartOf":{"@id":"https:\/\/staging.cdsboutique.com\/#website"},"primaryImageOfPage":{"@id":"https:\/\/staging.cdsboutique.com\/en\/product\/maestro-circles\/#primaryimage"},"image":{"@id":"https:\/\/staging.cdsboutique.com\/en\/product\/maestro-circles\/#primaryimage"},"thumbnailUrl":"https:\/\/staging.cdsboutique.com\/wp-content\/uploads\/2025\/10\/9005_maestro-ronds_1.png","datePublished":"2025-10-15T13:29:55+00:00","dateModified":"2026-01-16T17:06:43+00:00","breadcrumb":{"@id":"https:\/\/staging.cdsboutique.com\/en\/product\/maestro-circles\/#breadcrumb"},"inLanguage":"en-US","potentialAction":[{"@type":"ReadAction","target":["https:\/\/staging.cdsboutique.com\/en\/product\/maestro-circles\/"]}]},{"@type":"ImageObject","inLanguage":"en-US","@id":"https:\/\/staging.cdsboutique.com\/en\/product\/maestro-circles\/#primaryimage","url":"https:\/\/staging.cdsboutique.com\/wp-content\/uploads\/2025\/10\/9005_maestro-ronds_1.png","contentUrl":"https:\/\/staging.cdsboutique.com\/wp-content\/uploads\/2025\/10\/9005_maestro-ronds_1.png","width":1080,"height":1350},{"@type":"BreadcrumbList","@id":"https:\/\/staging.cdsboutique.com\/en\/product\/maestro-circles\/#breadcrumb","itemListElement":[{"@type":"ListItem","position":1,"name":"Home","item":"https:\/\/staging.cdsboutique.com\/en\/"},{"@type":"ListItem","position":2,"name":"Products","item":"https:\/\/staging.cdsboutique.com\/en\/products\/"},{"@type":"ListItem","position":3,"name":"The maestro Circles"}]},{"@type":"WebSite","@id":"https:\/\/staging.cdsboutique.com\/#website","url":"https:\/\/staging.cdsboutique.com\/","name":"CDS boutique A\u00een\u00e9s","description":"Pour une meilleure qualit\u00e9 de vie","publisher":{"@id":"https:\/\/staging.cdsboutique.com\/#organization"},"potentialAction":[{"@type":"SearchAction","target":{"@type":"EntryPoint","urlTemplate":"https:\/\/staging.cdsboutique.com\/?s={search_term_string}"},"query-input":{"@type":"PropertyValueSpecification","valueRequired":true,"valueName":"search_term_string"}}],"inLanguage":"en-US"},{"@type":"Organization","@id":"https:\/\/staging.cdsboutique.com\/#organization","name":"CDS Boutique","url":"https:\/\/staging.cdsboutique.com\/","logo":{"@type":"ImageObject","inLanguage":"en-US","@id":"https:\/\/staging.cdsboutique.com\/#\/schema\/logo\/image\/","url":"https:\/\/staging.cdsboutique.com\/wp-content\/uploads\/2024\/09\/logoCDS-Boutique_final2024.jpg","contentUrl":"https:\/\/staging.cdsboutique.com\/wp-content\/uploads\/2024\/09\/logoCDS-Boutique_final2024.jpg","width":900,"height":600,"caption":"CDS Boutique"},"image":{"@id":"https:\/\/staging.cdsboutique.com\/#\/schema\/logo\/image\/"},"sameAs":["https:\/\/www.facebook.com\/CDSBoutique.Aines.Seniors","https:\/\/www.youtube.com\/@cdsboutique4046","https:\/\/www.linkedin.com\/company\/cds-boutique\/","https:\/\/www.instagram.com\/cdsboutique\/"]}]}},"_links":{"self":[{"href":"https:\/\/staging.cdsboutique.com\/en\/wp-json\/wp\/v2\/product\/70221","targetHints":{"allow":["GET"]}}],"collection":[{"href":"https:\/\/staging.cdsboutique.com\/en\/wp-json\/wp\/v2\/product"}],"about":[{"href":"https:\/\/staging.cdsboutique.com\/en\/wp-json\/wp\/v2\/types\/product"}],"replies":[{"embeddable":true,"href":"https:\/\/staging.cdsboutique.com\/en\/wp-json\/wp\/v2\/comments?post=70221"}],"wp:featuredmedia":[{"embeddable":true,"href":"https:\/\/staging.cdsboutique.com\/en\/wp-json\/wp\/v2\/media\/70288"}],"wp:attachment":[{"href":"https:\/\/staging.cdsboutique.com\/en\/wp-json\/wp\/v2\/media?parent=70221"}],"wp:term":[{"taxonomy":"product_brand","embeddable":true,"href":"https:\/\/staging.cdsboutique.com\/en\/wp-json\/wp\/v2\/product_brand?post=70221"},{"taxonomy":"product_cat","embeddable":true,"href":"https:\/\/staging.cdsboutique.com\/en\/wp-json\/wp\/v2\/product_cat?post=70221"},{"taxonomy":"product_tag","embeddable":true,"href":"https:\/\/staging.cdsboutique.com\/en\/wp-json\/wp\/v2\/product_tag?post=70221"}],"curies":[{"name":"wp","href":"https:\/\/api.w.org\/{rel}","templated":true}]}}