{"id":70376,"date":"2025-10-22T11:30:37","date_gmt":"2025-10-22T15:30:37","guid":{"rendered":"https:\/\/cdsboutique.com\/?post_type=product&#038;p=70376"},"modified":"2025-10-22T11:30:37","modified_gmt":"2025-10-22T15:30:37","slug":"doll-therapy-2","status":"publish","type":"product","link":"https:\/\/staging.cdsboutique.com\/en\/produit\/doll-therapy-2\/","title":{"rendered":"Doll Therapy"},"content":{"rendered":"<p>This book focuses on a therapeutic tool, the reborn doll, and its many beneficial effects on seniors as well as children. It is similar to animal-assisted therapy, but favours the use<br \/>\nof a doll with the weight and appearance of a real baby instead of an animal.<\/p>\n<p>As a complementary approach to professional care that has been validated by conclusive scientific studies, the use of therapeutic dolls is developing in Canada and is generating<br \/>\nsignificant interest.<\/p>\n<p>The purpose of this publication is to present and grow awareness of doll therapy, including its pros and cons. To this aim, the author describes experiences in the field in<br \/>\nQuebec, including case studies in long-term care homes and in a pre-kindergarten class. This easy-to-use manual also offers practical recommendations for professionals who<br \/>\nwish to successfully integrate the approach.<\/p>\n<p>This book is intended for healthcare professionals, care providers, geriatrics students, recreation services personnel, family caregivers, educators in preschool, primary, and<br \/>\nspecial education settings, as well as anyone who is interested in using this new approach.<\/p>\n<p>Written by Louise Vendette.<\/p>\n","protected":false},"excerpt":{"rendered":"<p>This book focuses on a therapeutic tool, the reborn doll, and its many beneficial effects on seniors as well as children. It is similar to animal-assisted therapy, but favours the use of a doll with the weight and appearance of a real baby instead of an animal. As a complementary approach to professional care that [&hellip;]<\/p>\n","protected":false},"featured_media":67015,"comment_status":"closed","ping_status":"closed","template":"","meta":{"_acf_changed":false},"product_brand":[],"product_cat":[],"product_tag":[],"class_list":{"0":"post-70376","1":"product","2":"type-product","3":"status-publish","4":"has-post-thumbnail","6":"product_shipping_class-frais-de-livraison-en","8":"first","9":"instock","10":"taxable","11":"shipping-taxable","12":"purchasable","13":"product-type-simple"},"bundled_by":[],"bundle_stock_status":"instock","bundle_stock_quantity":null,"bundle_virtual":false,"bundle_layout":"","bundle_add_to_cart_form_location":"","bundle_editable_in_cart":false,"bundle_sold_individually_context":"","bundle_item_grouping":"","bundle_min_size":"","bundle_max_size":"","bundle_price":[],"bundled_items":[],"bundle_sell_ids":[],"acf":[],"featured_image_urls_v2":{"full":["https:\/\/staging.cdsboutique.com\/wp-content\/uploads\/2024\/11\/250_8x10_C1-C4-SPINE_-1-scaled-1.jpg",2092,2560,false],"thumbnail":["https:\/\/staging.cdsboutique.com\/wp-content\/uploads\/2024\/11\/250_8x10_C1-C4-SPINE_-1-scaled-1-150x150.jpg",150,150,true],"medium":["https:\/\/staging.cdsboutique.com\/wp-content\/uploads\/2024\/11\/250_8x10_C1-C4-SPINE_-1-scaled-1-245x300.jpg",245,300,true],"medium_large":["https:\/\/staging.cdsboutique.com\/wp-content\/uploads\/2024\/11\/250_8x10_C1-C4-SPINE_-1-scaled-1-768x940.jpg",768,940,true],"large":["https:\/\/staging.cdsboutique.com\/wp-content\/uploads\/2024\/11\/250_8x10_C1-C4-SPINE_-1-scaled-1-837x1024.jpg",837,1024,true],"1536x1536":["https:\/\/staging.cdsboutique.com\/wp-content\/uploads\/2024\/11\/250_8x10_C1-C4-SPINE_-1-scaled-1-1255x1536.jpg",1255,1536,true],"2048x2048":["https:\/\/staging.cdsboutique.com\/wp-content\/uploads\/2024\/11\/250_8x10_C1-C4-SPINE_-1-scaled-1-1674x2048.jpg",1674,2048,true],"gform-image-choice-sm":["https:\/\/staging.cdsboutique.com\/wp-content\/uploads\/2024\/11\/250_8x10_C1-C4-SPINE_-1-scaled-1.jpg",245,300,false],"gform-image-choice-md":["https:\/\/staging.cdsboutique.com\/wp-content\/uploads\/2024\/11\/250_8x10_C1-C4-SPINE_-1-scaled-1.jpg",327,400,false],"gform-image-choice-lg":["https:\/\/staging.cdsboutique.com\/wp-content\/uploads\/2024\/11\/250_8x10_C1-C4-SPINE_-1-scaled-1.jpg",490,600,false],"woocommerce_thumbnail":["https:\/\/staging.cdsboutique.com\/wp-content\/uploads\/2024\/11\/250_8x10_C1-C4-SPINE_-1-scaled-1-300x367.jpg",300,367,true],"woocommerce_single":["https:\/\/staging.cdsboutique.com\/wp-content\/uploads\/2024\/11\/250_8x10_C1-C4-SPINE_-1-scaled-1-600x734.jpg",600,734,true],"woocommerce_gallery_thumbnail":["https:\/\/staging.cdsboutique.com\/wp-content\/uploads\/2024\/11\/250_8x10_C1-C4-SPINE_-1-scaled-1-100x100.jpg",100,100,true],"variation_swatches_image_size":["https:\/\/staging.cdsboutique.com\/wp-content\/uploads\/2024\/11\/250_8x10_C1-C4-SPINE_-1-scaled-1-50x50.jpg",50,50,true],"variation_swatches_tooltip_size":["https:\/\/staging.cdsboutique.com\/wp-content\/uploads\/2024\/11\/250_8x10_C1-C4-SPINE_-1-scaled-1-100x100.jpg",100,100,true],"logo-size":["https:\/\/staging.cdsboutique.com\/wp-content\/uploads\/2024\/11\/250_8x10_C1-C4-SPINE_-1-scaled-1-69x84.jpg",69,84,true],"blog":["https:\/\/staging.cdsboutique.com\/wp-content\/uploads\/2024\/11\/250_8x10_C1-C4-SPINE_-1-scaled-1-350x260.jpg",350,260,true]},"post_excerpt_stackable_v2":"<p>This book focuses on a therapeutic tool, the reborn doll, and its many beneficial effects on seniors as well as children. It is similar to animal-assisted therapy, but favours the use of a doll with the weight and appearance of a real baby instead of an animal. As a complementary approach to professional care that has been validated by conclusive scientific studies, the use of therapeutic dolls is developing in Canada and is generating significant interest. The purpose of this publication is to present and grow awareness of doll therapy, including its pros and cons. To this aim, the author&hellip;<\/p>\n","category_list_v2":"","author_info_v2":{"name":"","url":""},"comments_num_v2":"0 comments","yoast_head":"<!-- This site is optimized with the Yoast SEO plugin v27.4 - https:\/\/yoast.com\/product\/yoast-seo-wordpress\/ -->\n<title>Doll Therapy - CDS boutique A\u00een\u00e9s<\/title>\n<meta name=\"description\" content=\"This book focuses on a therapeutic tool, the reborn doll, and its many beneficial effects on seniors as well as children. It is similar to animal-assisted therapy, but favours the useof a doll with the weight and appearance of a real baby instead of an animal.\" \/>\n<meta name=\"robots\" content=\"noindex, follow, max-snippet:-1, max-image-preview:large, max-video-preview:-1\" \/>\n<meta property=\"og:locale\" content=\"en_US\" \/>\n<meta property=\"og:type\" content=\"article\" \/>\n<meta property=\"og:title\" content=\"Doll Therapy - CDS boutique A\u00een\u00e9s\" \/>\n<meta property=\"og:description\" content=\"This book focuses on a therapeutic tool, the reborn doll, and its many beneficial effects on seniors as well as children. It is similar to animal-assisted therapy, but favours the useof a doll with the weight and appearance of a real baby instead of an animal.\" \/>\n<meta property=\"og:url\" content=\"https:\/\/staging.cdsboutique.com\/en\/product\/doll-therapy-2\/\" \/>\n<meta property=\"og:site_name\" content=\"CDS boutique A\u00een\u00e9s\" \/>\n<meta property=\"article:publisher\" content=\"https:\/\/www.facebook.com\/CDSBoutique.Aines.Seniors\" \/>\n<meta property=\"og:image\" content=\"https:\/\/staging.cdsboutique.com\/wp-content\/uploads\/2024\/11\/250_8x10_C1-C4-SPINE_-1-scaled-1.jpg?_t=1761147037\" \/>\n\t<meta property=\"og:image:width\" content=\"2092\" \/>\n\t<meta property=\"og:image:height\" content=\"2560\" \/>\n\t<meta property=\"og:image:type\" content=\"image\/jpeg\" \/>\n<meta name=\"twitter:card\" content=\"summary_large_image\" \/>\n<meta name=\"twitter:label1\" content=\"Est. reading time\" \/>\n\t<meta name=\"twitter:data1\" content=\"2 minutes\" \/>\n<script type=\"application\/ld+json\" class=\"yoast-schema-graph\">{\"@context\":\"https:\\\/\\\/schema.org\",\"@graph\":[{\"@type\":\"WebPage\",\"@id\":\"https:\\\/\\\/staging.cdsboutique.com\\\/en\\\/product\\\/doll-therapy-2\\\/\",\"url\":\"https:\\\/\\\/staging.cdsboutique.com\\\/en\\\/product\\\/doll-therapy-2\\\/\",\"name\":\"Doll Therapy - CDS boutique A\u00een\u00e9s\",\"isPartOf\":{\"@id\":\"https:\\\/\\\/staging.cdsboutique.com\\\/#website\"},\"primaryImageOfPage\":{\"@id\":\"https:\\\/\\\/staging.cdsboutique.com\\\/en\\\/product\\\/doll-therapy-2\\\/#primaryimage\"},\"image\":{\"@id\":\"https:\\\/\\\/staging.cdsboutique.com\\\/en\\\/product\\\/doll-therapy-2\\\/#primaryimage\"},\"thumbnailUrl\":\"https:\\\/\\\/staging.cdsboutique.com\\\/wp-content\\\/uploads\\\/2024\\\/11\\\/250_8x10_C1-C4-SPINE_-1-scaled-1.jpg\",\"datePublished\":\"2025-10-22T15:30:37+00:00\",\"description\":\"This book focuses on a therapeutic tool, the reborn doll, and its many beneficial effects on seniors as well as children. It is similar to animal-assisted therapy, but favours the useof a doll with the weight and appearance of a real baby instead of an animal.\",\"breadcrumb\":{\"@id\":\"https:\\\/\\\/staging.cdsboutique.com\\\/en\\\/product\\\/doll-therapy-2\\\/#breadcrumb\"},\"inLanguage\":\"en-US\",\"potentialAction\":[{\"@type\":\"ReadAction\",\"target\":[\"https:\\\/\\\/staging.cdsboutique.com\\\/en\\\/product\\\/doll-therapy-2\\\/\"]}]},{\"@type\":\"ImageObject\",\"inLanguage\":\"en-US\",\"@id\":\"https:\\\/\\\/staging.cdsboutique.com\\\/en\\\/product\\\/doll-therapy-2\\\/#primaryimage\",\"url\":\"https:\\\/\\\/staging.cdsboutique.com\\\/wp-content\\\/uploads\\\/2024\\\/11\\\/250_8x10_C1-C4-SPINE_-1-scaled-1.jpg\",\"contentUrl\":\"https:\\\/\\\/staging.cdsboutique.com\\\/wp-content\\\/uploads\\\/2024\\\/11\\\/250_8x10_C1-C4-SPINE_-1-scaled-1.jpg\",\"width\":2092,\"height\":2560},{\"@type\":\"BreadcrumbList\",\"@id\":\"https:\\\/\\\/staging.cdsboutique.com\\\/en\\\/product\\\/doll-therapy-2\\\/#breadcrumb\",\"itemListElement\":[{\"@type\":\"ListItem\",\"position\":1,\"name\":\"Home\",\"item\":\"https:\\\/\\\/staging.cdsboutique.com\\\/en\\\/\"},{\"@type\":\"ListItem\",\"position\":2,\"name\":\"Products\",\"item\":\"https:\\\/\\\/staging.cdsboutique.com\\\/en\\\/products\\\/\"},{\"@type\":\"ListItem\",\"position\":3,\"name\":\"Doll Therapy\"}]},{\"@type\":\"WebSite\",\"@id\":\"https:\\\/\\\/staging.cdsboutique.com\\\/#website\",\"url\":\"https:\\\/\\\/staging.cdsboutique.com\\\/\",\"name\":\"CDS boutique A\u00een\u00e9s\",\"description\":\"Pour une meilleure qualit\u00e9 de vie\",\"publisher\":{\"@id\":\"https:\\\/\\\/staging.cdsboutique.com\\\/#organization\"},\"potentialAction\":[{\"@type\":\"SearchAction\",\"target\":{\"@type\":\"EntryPoint\",\"urlTemplate\":\"https:\\\/\\\/staging.cdsboutique.com\\\/?s={search_term_string}\"},\"query-input\":{\"@type\":\"PropertyValueSpecification\",\"valueRequired\":true,\"valueName\":\"search_term_string\"}}],\"inLanguage\":\"en-US\"},{\"@type\":\"Organization\",\"@id\":\"https:\\\/\\\/staging.cdsboutique.com\\\/#organization\",\"name\":\"CDS Boutique\",\"url\":\"https:\\\/\\\/staging.cdsboutique.com\\\/\",\"logo\":{\"@type\":\"ImageObject\",\"inLanguage\":\"en-US\",\"@id\":\"https:\\\/\\\/staging.cdsboutique.com\\\/#\\\/schema\\\/logo\\\/image\\\/\",\"url\":\"https:\\\/\\\/staging.cdsboutique.com\\\/wp-content\\\/uploads\\\/2024\\\/09\\\/logoCDS-Boutique_final2024.jpg\",\"contentUrl\":\"https:\\\/\\\/staging.cdsboutique.com\\\/wp-content\\\/uploads\\\/2024\\\/09\\\/logoCDS-Boutique_final2024.jpg\",\"width\":900,\"height\":600,\"caption\":\"CDS Boutique\"},\"image\":{\"@id\":\"https:\\\/\\\/staging.cdsboutique.com\\\/#\\\/schema\\\/logo\\\/image\\\/\"},\"sameAs\":[\"https:\\\/\\\/www.facebook.com\\\/CDSBoutique.Aines.Seniors\",\"https:\\\/\\\/www.youtube.com\\\/@cdsboutique4046\",\"https:\\\/\\\/www.linkedin.com\\\/company\\\/cds-boutique\\\/\",\"https:\\\/\\\/www.instagram.com\\\/cdsboutique\\\/\"]}]}<\/script>\n<!-- \/ Yoast SEO plugin. -->","yoast_head_json":{"title":"Doll Therapy - CDS boutique A\u00een\u00e9s","description":"This book focuses on a therapeutic tool, the reborn doll, and its many beneficial effects on seniors as well as children. It is similar to animal-assisted therapy, but favours the useof a doll with the weight and appearance of a real baby instead of an animal.","robots":{"index":"noindex","follow":"follow","max-snippet":"max-snippet:-1","max-image-preview":"max-image-preview:large","max-video-preview":"max-video-preview:-1"},"og_locale":"en_US","og_type":"article","og_title":"Doll Therapy - CDS boutique A\u00een\u00e9s","og_description":"This book focuses on a therapeutic tool, the reborn doll, and its many beneficial effects on seniors as well as children. It is similar to animal-assisted therapy, but favours the useof a doll with the weight and appearance of a real baby instead of an animal.","og_url":"https:\/\/staging.cdsboutique.com\/en\/product\/doll-therapy-2\/","og_site_name":"CDS boutique A\u00een\u00e9s","article_publisher":"https:\/\/www.facebook.com\/CDSBoutique.Aines.Seniors","og_image":[{"width":2092,"height":2560,"url":"https:\/\/staging.cdsboutique.com\/wp-content\/uploads\/2024\/11\/250_8x10_C1-C4-SPINE_-1-scaled-1.jpg?_t=1761147037","type":"image\/jpeg"}],"twitter_card":"summary_large_image","twitter_misc":{"Est. reading time":"2 minutes"},"schema":{"@context":"https:\/\/schema.org","@graph":[{"@type":"WebPage","@id":"https:\/\/staging.cdsboutique.com\/en\/product\/doll-therapy-2\/","url":"https:\/\/staging.cdsboutique.com\/en\/product\/doll-therapy-2\/","name":"Doll Therapy - CDS boutique A\u00een\u00e9s","isPartOf":{"@id":"https:\/\/staging.cdsboutique.com\/#website"},"primaryImageOfPage":{"@id":"https:\/\/staging.cdsboutique.com\/en\/product\/doll-therapy-2\/#primaryimage"},"image":{"@id":"https:\/\/staging.cdsboutique.com\/en\/product\/doll-therapy-2\/#primaryimage"},"thumbnailUrl":"https:\/\/staging.cdsboutique.com\/wp-content\/uploads\/2024\/11\/250_8x10_C1-C4-SPINE_-1-scaled-1.jpg","datePublished":"2025-10-22T15:30:37+00:00","description":"This book focuses on a therapeutic tool, the reborn doll, and its many beneficial effects on seniors as well as children. It is similar to animal-assisted therapy, but favours the useof a doll with the weight and appearance of a real baby instead of an animal.","breadcrumb":{"@id":"https:\/\/staging.cdsboutique.com\/en\/product\/doll-therapy-2\/#breadcrumb"},"inLanguage":"en-US","potentialAction":[{"@type":"ReadAction","target":["https:\/\/staging.cdsboutique.com\/en\/product\/doll-therapy-2\/"]}]},{"@type":"ImageObject","inLanguage":"en-US","@id":"https:\/\/staging.cdsboutique.com\/en\/product\/doll-therapy-2\/#primaryimage","url":"https:\/\/staging.cdsboutique.com\/wp-content\/uploads\/2024\/11\/250_8x10_C1-C4-SPINE_-1-scaled-1.jpg","contentUrl":"https:\/\/staging.cdsboutique.com\/wp-content\/uploads\/2024\/11\/250_8x10_C1-C4-SPINE_-1-scaled-1.jpg","width":2092,"height":2560},{"@type":"BreadcrumbList","@id":"https:\/\/staging.cdsboutique.com\/en\/product\/doll-therapy-2\/#breadcrumb","itemListElement":[{"@type":"ListItem","position":1,"name":"Home","item":"https:\/\/staging.cdsboutique.com\/en\/"},{"@type":"ListItem","position":2,"name":"Products","item":"https:\/\/staging.cdsboutique.com\/en\/products\/"},{"@type":"ListItem","position":3,"name":"Doll Therapy"}]},{"@type":"WebSite","@id":"https:\/\/staging.cdsboutique.com\/#website","url":"https:\/\/staging.cdsboutique.com\/","name":"CDS boutique A\u00een\u00e9s","description":"Pour une meilleure qualit\u00e9 de vie","publisher":{"@id":"https:\/\/staging.cdsboutique.com\/#organization"},"potentialAction":[{"@type":"SearchAction","target":{"@type":"EntryPoint","urlTemplate":"https:\/\/staging.cdsboutique.com\/?s={search_term_string}"},"query-input":{"@type":"PropertyValueSpecification","valueRequired":true,"valueName":"search_term_string"}}],"inLanguage":"en-US"},{"@type":"Organization","@id":"https:\/\/staging.cdsboutique.com\/#organization","name":"CDS Boutique","url":"https:\/\/staging.cdsboutique.com\/","logo":{"@type":"ImageObject","inLanguage":"en-US","@id":"https:\/\/staging.cdsboutique.com\/#\/schema\/logo\/image\/","url":"https:\/\/staging.cdsboutique.com\/wp-content\/uploads\/2024\/09\/logoCDS-Boutique_final2024.jpg","contentUrl":"https:\/\/staging.cdsboutique.com\/wp-content\/uploads\/2024\/09\/logoCDS-Boutique_final2024.jpg","width":900,"height":600,"caption":"CDS Boutique"},"image":{"@id":"https:\/\/staging.cdsboutique.com\/#\/schema\/logo\/image\/"},"sameAs":["https:\/\/www.facebook.com\/CDSBoutique.Aines.Seniors","https:\/\/www.youtube.com\/@cdsboutique4046","https:\/\/www.linkedin.com\/company\/cds-boutique\/","https:\/\/www.instagram.com\/cdsboutique\/"]}]}},"_links":{"self":[{"href":"https:\/\/staging.cdsboutique.com\/en\/wp-json\/wp\/v2\/product\/70376","targetHints":{"allow":["GET"]}}],"collection":[{"href":"https:\/\/staging.cdsboutique.com\/en\/wp-json\/wp\/v2\/product"}],"about":[{"href":"https:\/\/staging.cdsboutique.com\/en\/wp-json\/wp\/v2\/types\/product"}],"replies":[{"embeddable":true,"href":"https:\/\/staging.cdsboutique.com\/en\/wp-json\/wp\/v2\/comments?post=70376"}],"wp:featuredmedia":[{"embeddable":true,"href":"https:\/\/staging.cdsboutique.com\/en\/wp-json\/wp\/v2\/media\/67015"}],"wp:attachment":[{"href":"https:\/\/staging.cdsboutique.com\/en\/wp-json\/wp\/v2\/media?parent=70376"}],"wp:term":[{"taxonomy":"product_brand","embeddable":true,"href":"https:\/\/staging.cdsboutique.com\/en\/wp-json\/wp\/v2\/product_brand?post=70376"},{"taxonomy":"product_cat","embeddable":true,"href":"https:\/\/staging.cdsboutique.com\/en\/wp-json\/wp\/v2\/product_cat?post=70376"},{"taxonomy":"product_tag","embeddable":true,"href":"https:\/\/staging.cdsboutique.com\/en\/wp-json\/wp\/v2\/product_tag?post=70376"}],"curies":[{"name":"wp","href":"https:\/\/api.w.org\/{rel}","templated":true}]}}