{"id":72283,"date":"2026-02-24T12:05:48","date_gmt":"2026-02-24T17:05:48","guid":{"rendered":"https:\/\/cdsboutique.com\/produit\/multisensory-set\/"},"modified":"2026-03-09T12:53:37","modified_gmt":"2026-03-09T16:53:37","slug":"multisensory-set","status":"publish","type":"product","link":"https:\/\/staging.cdsboutique.com\/en\/produit\/multisensory-set\/","title":{"rendered":"Multisensory Set"},"content":{"rendered":"<p><strong>Your residents deserve the best multisensory experience!<\/strong><\/p>\n<p>With this varied and comprehensive selection, your multisensory activities will take a colorful and relaxing turn!<\/p>\n<p>Everything has been carefully chosen to stimulate users&#8217; senses. You&#8217;ll find things to touch, smell, feel, and listen to. What&#8217;s more, these activities will give users a sense of well-being and create memories.<\/p>\n<p>This set includes:<\/p>\n<ul>\n<li>1 Hugaround Penguin (82059)<\/li>\n<li>1 Sensory Whirl Ball (Blue) (24922-B)<\/li>\n<li>1 Scenario Kit (18120Z)<\/li>\n<li>1 Happy Senso Foam &#8211; Mint Scent (4002)<\/li>\n<li>1 Jellyfish Lamp (24928)<\/li>\n<li>1 Domino Cat (28423)<\/li>\n<li>1 Ribbit Massager (15201)<\/li>\n<li>1 Tactile Roller (2559)<\/li>\n<li>1 Music Box &#8211; La Vie en Rose (47016)<\/li>\n<\/ul>\n<p><strong>SAVE by purchasing an activity cart (#C0062)! Get a discount when you purchase a cart in addition to this activity set!<\/strong><\/p>\n<p>Each cart measures: 36 inches wide x 41 inches high x 24 inches deep.<\/p>\n<p><strong>*Please note that products are subject to change.<\/strong><\/p>\n","protected":false},"excerpt":{"rendered":"<p>Your residents deserve the best multisensory experience! With this varied and comprehensive selection, your multisensory activities will take a colorful and relaxing turn! Everything has been carefully chosen to stimulate users&#8217; senses. You&#8217;ll find things to touch, smell, feel, and listen to. What&#8217;s more, these activities will give users a sense of well-being and create [&hellip;]<\/p>\n","protected":false},"featured_media":72282,"comment_status":"closed","ping_status":"closed","template":"","meta":{"_acf_changed":false},"product_brand":[],"product_cat":[4401],"product_tag":[],"class_list":{"0":"post-72283","1":"product","2":"type-product","3":"status-publish","4":"has-post-thumbnail","6":"product_cat-all","7":"product_shipping_class-frais-de-livraison-en","9":"first","10":"instock","11":"virtual","12":"taxable","13":"purchasable","14":"product-type-bundle"},"bundled_by":[],"bundle_stock_status":"instock","bundle_stock_quantity":"","bundle_virtual":false,"bundle_layout":"default","bundle_add_to_cart_form_location":"default","bundle_editable_in_cart":false,"bundle_sold_individually_context":"product","bundle_item_grouping":"parent","bundle_min_size":"","bundle_max_size":"","bundle_price":{"price":{"min":{"incl_tax":"448.35","excl_tax":"389.95"},"max":{"incl_tax":"448.35","excl_tax":"389.95"}},"regular_price":{"min":{"incl_tax":"448.35","excl_tax":"389.95"},"max":{"incl_tax":"448.35","excl_tax":"389.95"}}},"bundled_items":[{"bundled_item_id":1418,"product_id":69946,"menu_order":0,"quantity_min":1,"quantity_max":1,"quantity_default":1,"priced_individually":false,"shipped_individually":false,"override_title":false,"title":"Domino Cat","override_description":false,"description":"Domino Cat","optional":false,"hide_thumbnail":false,"discount":"","override_variations":false,"allowed_variations":[""],"override_default_variation_attributes":false,"default_variation_attributes":[],"single_product_visibility":"visible","cart_visibility":"visible","order_visibility":"visible","single_product_price_visibility":"visible","cart_price_visibility":"visible","order_price_visibility":"visible","stock_status":"in_stock"},{"bundled_item_id":1419,"product_id":28430,"menu_order":1,"quantity_min":1,"quantity_max":1,"quantity_default":1,"priced_individually":false,"shipped_individually":false,"override_title":false,"title":"Ribbit Mini Massager","override_description":false,"description":"Ribbit Mini Massager","optional":false,"hide_thumbnail":false,"discount":"","override_variations":false,"allowed_variations":[""],"override_default_variation_attributes":false,"default_variation_attributes":[],"single_product_visibility":"visible","cart_visibility":"visible","order_visibility":"visible","single_product_price_visibility":"visible","cart_price_visibility":"visible","order_price_visibility":"visible","stock_status":"in_stock"},{"bundled_item_id":1420,"product_id":26928,"menu_order":2,"quantity_min":1,"quantity_max":1,"quantity_default":1,"priced_individually":false,"shipped_individually":false,"override_title":false,"title":"Tactile Roll","override_description":false,"description":"Tactile Roll","optional":false,"hide_thumbnail":false,"discount":"","override_variations":false,"allowed_variations":[""],"override_default_variation_attributes":false,"default_variation_attributes":[],"single_product_visibility":"visible","cart_visibility":"visible","order_visibility":"visible","single_product_price_visibility":"visible","cart_price_visibility":"visible","order_price_visibility":"visible","stock_status":"in_stock"},{"bundled_item_id":1421,"product_id":69894,"menu_order":3,"quantity_min":1,"quantity_max":1,"quantity_default":1,"priced_individually":false,"shipped_individually":false,"override_title":false,"title":"Music Box","override_description":false,"description":"Music Box","optional":false,"hide_thumbnail":false,"discount":"","override_variations":true,"allowed_variations":[69959],"override_default_variation_attributes":false,"default_variation_attributes":[],"single_product_visibility":"visible","cart_visibility":"visible","order_visibility":"visible","single_product_price_visibility":"visible","cart_price_visibility":"visible","order_price_visibility":"visible","stock_status":"in_stock"},{"bundled_item_id":1422,"product_id":53539,"menu_order":4,"quantity_min":1,"quantity_max":1,"quantity_default":1,"priced_individually":false,"shipped_individually":false,"override_title":false,"title":"Jellyzen Lamp","override_description":false,"description":"Jellyzen Lamp","optional":false,"hide_thumbnail":false,"discount":"","override_variations":false,"allowed_variations":[""],"override_default_variation_attributes":false,"default_variation_attributes":[],"single_product_visibility":"visible","cart_visibility":"visible","order_visibility":"visible","single_product_price_visibility":"visible","cart_price_visibility":"visible","order_price_visibility":"visible","stock_status":"in_stock"},{"bundled_item_id":1428,"product_id":41887,"menu_order":5,"quantity_min":1,"quantity_max":1,"quantity_default":1,"priced_individually":false,"shipped_individually":false,"override_title":false,"title":"Happy Senso Original &#8211; Multisensory foam","override_description":false,"description":"Happy Senso Original &#8211; Multisensory foam","optional":false,"hide_thumbnail":false,"discount":"","override_variations":true,"allowed_variations":[71664],"override_default_variation_attributes":false,"default_variation_attributes":[],"single_product_visibility":"visible","cart_visibility":"visible","order_visibility":"visible","single_product_price_visibility":"visible","cart_price_visibility":"visible","order_price_visibility":"visible","stock_status":"in_stock"},{"bundled_item_id":1424,"product_id":70070,"menu_order":6,"quantity_min":1,"quantity_max":1,"quantity_default":1,"priced_individually":false,"shipped_individually":false,"override_title":false,"title":"Scenario Reminiscence Scent Kit","override_description":false,"description":null,"optional":false,"hide_thumbnail":false,"discount":"","override_variations":false,"allowed_variations":[""],"override_default_variation_attributes":false,"default_variation_attributes":[],"single_product_visibility":"visible","cart_visibility":"visible","order_visibility":"visible","single_product_price_visibility":"visible","cart_price_visibility":"visible","order_price_visibility":"visible","stock_status":"in_stock"},{"bundled_item_id":1425,"product_id":53490,"menu_order":7,"quantity_min":1,"quantity_max":1,"quantity_default":1,"priced_individually":false,"shipped_individually":false,"override_title":false,"title":"Cuddle Sensory Ball 25 cm","override_description":false,"description":"Cuddle Sensory Ball 25 cm","optional":false,"hide_thumbnail":false,"discount":"","override_variations":true,"allowed_variations":[58589],"override_default_variation_attributes":false,"default_variation_attributes":[],"single_product_visibility":"visible","cart_visibility":"visible","order_visibility":"visible","single_product_price_visibility":"visible","cart_price_visibility":"visible","order_price_visibility":"visible","stock_status":"in_stock"},{"bundled_item_id":1426,"product_id":69252,"menu_order":8,"quantity_min":1,"quantity_max":1,"quantity_default":1,"priced_individually":false,"shipped_individually":false,"override_title":false,"title":"Hugarounds &#8211; Hugging Plush","override_description":false,"description":"Hugarounds &#8211; Hugging Plush","optional":false,"hide_thumbnail":false,"discount":"","override_variations":true,"allowed_variations":[69274],"override_default_variation_attributes":false,"default_variation_attributes":[],"single_product_visibility":"visible","cart_visibility":"visible","order_visibility":"visible","single_product_price_visibility":"visible","cart_price_visibility":"visible","order_price_visibility":"visible","stock_status":"in_stock"}],"bundle_sell_ids":[],"acf":[],"featured_image_urls_v2":{"full":["https:\/\/staging.cdsboutique.com\/wp-content\/uploads\/2026\/02\/24998Z_ensemble-multisensoriel.jpg",1600,1116,false],"thumbnail":["https:\/\/staging.cdsboutique.com\/wp-content\/uploads\/2026\/02\/24998Z_ensemble-multisensoriel-150x150.jpg",150,150,true],"medium":["https:\/\/staging.cdsboutique.com\/wp-content\/uploads\/2026\/02\/24998Z_ensemble-multisensoriel-300x209.jpg",300,209,true],"medium_large":["https:\/\/staging.cdsboutique.com\/wp-content\/uploads\/2026\/02\/24998Z_ensemble-multisensoriel-768x536.jpg",768,536,true],"large":["https:\/\/staging.cdsboutique.com\/wp-content\/uploads\/2026\/02\/24998Z_ensemble-multisensoriel-1024x714.jpg",980,683,true],"1536x1536":["https:\/\/staging.cdsboutique.com\/wp-content\/uploads\/2026\/02\/24998Z_ensemble-multisensoriel-1536x1071.jpg",1536,1071,true],"2048x2048":["https:\/\/staging.cdsboutique.com\/wp-content\/uploads\/2026\/02\/24998Z_ensemble-multisensoriel.jpg",1600,1116,false],"gform-image-choice-sm":["https:\/\/staging.cdsboutique.com\/wp-content\/uploads\/2026\/02\/24998Z_ensemble-multisensoriel.jpg",300,209,false],"gform-image-choice-md":["https:\/\/staging.cdsboutique.com\/wp-content\/uploads\/2026\/02\/24998Z_ensemble-multisensoriel.jpg",400,279,false],"gform-image-choice-lg":["https:\/\/staging.cdsboutique.com\/wp-content\/uploads\/2026\/02\/24998Z_ensemble-multisensoriel.jpg",600,419,false],"woocommerce_thumbnail":["https:\/\/staging.cdsboutique.com\/wp-content\/uploads\/2026\/02\/24998Z_ensemble-multisensoriel-300x209.jpg",300,209,true],"woocommerce_single":["https:\/\/staging.cdsboutique.com\/wp-content\/uploads\/2026\/02\/24998Z_ensemble-multisensoriel-600x419.jpg",600,419,true],"woocommerce_gallery_thumbnail":["https:\/\/staging.cdsboutique.com\/wp-content\/uploads\/2026\/02\/24998Z_ensemble-multisensoriel-100x100.jpg",100,100,true],"variation_swatches_image_size":["https:\/\/staging.cdsboutique.com\/wp-content\/uploads\/2026\/02\/24998Z_ensemble-multisensoriel-50x50.jpg",50,50,true],"variation_swatches_tooltip_size":["https:\/\/staging.cdsboutique.com\/wp-content\/uploads\/2026\/02\/24998Z_ensemble-multisensoriel-100x100.jpg",100,100,true],"logo-size":["https:\/\/staging.cdsboutique.com\/wp-content\/uploads\/2026\/02\/24998Z_ensemble-multisensoriel-120x84.jpg",120,84,true],"blog":["https:\/\/staging.cdsboutique.com\/wp-content\/uploads\/2026\/02\/24998Z_ensemble-multisensoriel-350x260.jpg",350,260,true]},"post_excerpt_stackable_v2":"<p>Your residents deserve the best multisensory experience! With this varied and comprehensive selection, your multisensory activities will take a colorful and relaxing turn! Everything has been carefully chosen to stimulate users&#8217; senses. You&#8217;ll find things to touch, smell, feel, and listen to. What&#8217;s more, these activities will give users a sense of well-being and create memories. This set includes: 1 Hugaround Penguin (82059) 1 Sensory Whirl Ball (Blue) (24922-B) 1 Scenario Kit (18120Z) 1 Happy Senso Foam &#8211; Mint Scent (4002) 1 Jellyfish Lamp (24928) 1 Domino Cat (28423) 1 Ribbit Massager (15201) 1 Tactile Roller (2559) 1 Music Box&hellip;<\/p>\n","category_list_v2":"","author_info_v2":{"name":"","url":""},"comments_num_v2":"0 comments","yoast_head":"<!-- This site is optimized with the Yoast SEO plugin v27.4 - https:\/\/yoast.com\/product\/yoast-seo-wordpress\/ -->\n<title>Multisensory Set - CDS boutique A\u00een\u00e9s<\/title>\n<meta name=\"description\" content=\"Your residents deserve the best multisensory experience! With this varied and comprehensive selection, your multisensory activities will take a colorful and relaxing turn!\" \/>\n<meta name=\"robots\" content=\"noindex, follow, max-snippet:-1, max-image-preview:large, max-video-preview:-1\" \/>\n<meta property=\"og:locale\" content=\"en_US\" \/>\n<meta property=\"og:type\" content=\"article\" \/>\n<meta property=\"og:title\" content=\"Multisensory Set - CDS boutique A\u00een\u00e9s\" \/>\n<meta property=\"og:description\" content=\"Your residents deserve the best multisensory experience! With this varied and comprehensive selection, your multisensory activities will take a colorful and relaxing turn!\" \/>\n<meta property=\"og:url\" content=\"https:\/\/staging.cdsboutique.com\/en\/product\/multisensory-set\/\" \/>\n<meta property=\"og:site_name\" content=\"CDS boutique A\u00een\u00e9s\" \/>\n<meta property=\"article:publisher\" content=\"https:\/\/www.facebook.com\/CDSBoutique.Aines.Seniors\" \/>\n<meta property=\"article:modified_time\" content=\"2026-03-09T16:53:37+00:00\" \/>\n<meta property=\"og:image\" content=\"https:\/\/staging.cdsboutique.com\/wp-content\/uploads\/2026\/02\/24998Z_ensemble-multisensoriel.jpg?_t=1773075218\" \/>\n\t<meta property=\"og:image:width\" content=\"1600\" \/>\n\t<meta property=\"og:image:height\" content=\"1116\" \/>\n\t<meta property=\"og:image:type\" content=\"image\/jpeg\" \/>\n<meta name=\"twitter:card\" content=\"summary_large_image\" \/>\n<meta name=\"twitter:label1\" content=\"Est. reading time\" \/>\n\t<meta name=\"twitter:data1\" content=\"1 minute\" \/>\n<script type=\"application\/ld+json\" class=\"yoast-schema-graph\">{\"@context\":\"https:\\\/\\\/schema.org\",\"@graph\":[{\"@type\":\"WebPage\",\"@id\":\"https:\\\/\\\/staging.cdsboutique.com\\\/en\\\/product\\\/multisensory-set\\\/\",\"url\":\"https:\\\/\\\/staging.cdsboutique.com\\\/en\\\/product\\\/multisensory-set\\\/\",\"name\":\"Multisensory Set - CDS boutique A\u00een\u00e9s\",\"isPartOf\":{\"@id\":\"https:\\\/\\\/staging.cdsboutique.com\\\/#website\"},\"primaryImageOfPage\":{\"@id\":\"https:\\\/\\\/staging.cdsboutique.com\\\/en\\\/product\\\/multisensory-set\\\/#primaryimage\"},\"image\":{\"@id\":\"https:\\\/\\\/staging.cdsboutique.com\\\/en\\\/product\\\/multisensory-set\\\/#primaryimage\"},\"thumbnailUrl\":\"https:\\\/\\\/staging.cdsboutique.com\\\/wp-content\\\/uploads\\\/2026\\\/02\\\/24998Z_ensemble-multisensoriel.jpg\",\"datePublished\":\"2026-02-24T17:05:48+00:00\",\"dateModified\":\"2026-03-09T16:53:37+00:00\",\"description\":\"Your residents deserve the best multisensory experience! With this varied and comprehensive selection, your multisensory activities will take a colorful and relaxing turn!\",\"breadcrumb\":{\"@id\":\"https:\\\/\\\/staging.cdsboutique.com\\\/en\\\/product\\\/multisensory-set\\\/#breadcrumb\"},\"inLanguage\":\"en-US\",\"potentialAction\":[{\"@type\":\"ReadAction\",\"target\":[\"https:\\\/\\\/staging.cdsboutique.com\\\/en\\\/product\\\/multisensory-set\\\/\"]}]},{\"@type\":\"ImageObject\",\"inLanguage\":\"en-US\",\"@id\":\"https:\\\/\\\/staging.cdsboutique.com\\\/en\\\/product\\\/multisensory-set\\\/#primaryimage\",\"url\":\"https:\\\/\\\/staging.cdsboutique.com\\\/wp-content\\\/uploads\\\/2026\\\/02\\\/24998Z_ensemble-multisensoriel.jpg\",\"contentUrl\":\"https:\\\/\\\/staging.cdsboutique.com\\\/wp-content\\\/uploads\\\/2026\\\/02\\\/24998Z_ensemble-multisensoriel.jpg\",\"width\":1600,\"height\":1116},{\"@type\":\"BreadcrumbList\",\"@id\":\"https:\\\/\\\/staging.cdsboutique.com\\\/en\\\/product\\\/multisensory-set\\\/#breadcrumb\",\"itemListElement\":[{\"@type\":\"ListItem\",\"position\":1,\"name\":\"Home\",\"item\":\"https:\\\/\\\/staging.cdsboutique.com\\\/en\\\/\"},{\"@type\":\"ListItem\",\"position\":2,\"name\":\"Products\",\"item\":\"https:\\\/\\\/staging.cdsboutique.com\\\/en\\\/products\\\/\"},{\"@type\":\"ListItem\",\"position\":3,\"name\":\"Multisensory Set\"}]},{\"@type\":\"WebSite\",\"@id\":\"https:\\\/\\\/staging.cdsboutique.com\\\/#website\",\"url\":\"https:\\\/\\\/staging.cdsboutique.com\\\/\",\"name\":\"CDS boutique A\u00een\u00e9s\",\"description\":\"Pour une meilleure qualit\u00e9 de vie\",\"publisher\":{\"@id\":\"https:\\\/\\\/staging.cdsboutique.com\\\/#organization\"},\"potentialAction\":[{\"@type\":\"SearchAction\",\"target\":{\"@type\":\"EntryPoint\",\"urlTemplate\":\"https:\\\/\\\/staging.cdsboutique.com\\\/?s={search_term_string}\"},\"query-input\":{\"@type\":\"PropertyValueSpecification\",\"valueRequired\":true,\"valueName\":\"search_term_string\"}}],\"inLanguage\":\"en-US\"},{\"@type\":\"Organization\",\"@id\":\"https:\\\/\\\/staging.cdsboutique.com\\\/#organization\",\"name\":\"CDS Boutique\",\"url\":\"https:\\\/\\\/staging.cdsboutique.com\\\/\",\"logo\":{\"@type\":\"ImageObject\",\"inLanguage\":\"en-US\",\"@id\":\"https:\\\/\\\/staging.cdsboutique.com\\\/#\\\/schema\\\/logo\\\/image\\\/\",\"url\":\"https:\\\/\\\/staging.cdsboutique.com\\\/wp-content\\\/uploads\\\/2024\\\/09\\\/logoCDS-Boutique_final2024.jpg\",\"contentUrl\":\"https:\\\/\\\/staging.cdsboutique.com\\\/wp-content\\\/uploads\\\/2024\\\/09\\\/logoCDS-Boutique_final2024.jpg\",\"width\":900,\"height\":600,\"caption\":\"CDS Boutique\"},\"image\":{\"@id\":\"https:\\\/\\\/staging.cdsboutique.com\\\/#\\\/schema\\\/logo\\\/image\\\/\"},\"sameAs\":[\"https:\\\/\\\/www.facebook.com\\\/CDSBoutique.Aines.Seniors\",\"https:\\\/\\\/www.youtube.com\\\/@cdsboutique4046\",\"https:\\\/\\\/www.linkedin.com\\\/company\\\/cds-boutique\\\/\",\"https:\\\/\\\/www.instagram.com\\\/cdsboutique\\\/\"]}]}<\/script>\n<!-- \/ Yoast SEO plugin. -->","yoast_head_json":{"title":"Multisensory Set - CDS boutique A\u00een\u00e9s","description":"Your residents deserve the best multisensory experience! With this varied and comprehensive selection, your multisensory activities will take a colorful and relaxing turn!","robots":{"index":"noindex","follow":"follow","max-snippet":"max-snippet:-1","max-image-preview":"max-image-preview:large","max-video-preview":"max-video-preview:-1"},"og_locale":"en_US","og_type":"article","og_title":"Multisensory Set - CDS boutique A\u00een\u00e9s","og_description":"Your residents deserve the best multisensory experience! With this varied and comprehensive selection, your multisensory activities will take a colorful and relaxing turn!","og_url":"https:\/\/staging.cdsboutique.com\/en\/product\/multisensory-set\/","og_site_name":"CDS boutique A\u00een\u00e9s","article_publisher":"https:\/\/www.facebook.com\/CDSBoutique.Aines.Seniors","article_modified_time":"2026-03-09T16:53:37+00:00","og_image":[{"width":1600,"height":1116,"url":"https:\/\/staging.cdsboutique.com\/wp-content\/uploads\/2026\/02\/24998Z_ensemble-multisensoriel.jpg?_t=1773075218","type":"image\/jpeg"}],"twitter_card":"summary_large_image","twitter_misc":{"Est. reading time":"1 minute"},"schema":{"@context":"https:\/\/schema.org","@graph":[{"@type":"WebPage","@id":"https:\/\/staging.cdsboutique.com\/en\/product\/multisensory-set\/","url":"https:\/\/staging.cdsboutique.com\/en\/product\/multisensory-set\/","name":"Multisensory Set - CDS boutique A\u00een\u00e9s","isPartOf":{"@id":"https:\/\/staging.cdsboutique.com\/#website"},"primaryImageOfPage":{"@id":"https:\/\/staging.cdsboutique.com\/en\/product\/multisensory-set\/#primaryimage"},"image":{"@id":"https:\/\/staging.cdsboutique.com\/en\/product\/multisensory-set\/#primaryimage"},"thumbnailUrl":"https:\/\/staging.cdsboutique.com\/wp-content\/uploads\/2026\/02\/24998Z_ensemble-multisensoriel.jpg","datePublished":"2026-02-24T17:05:48+00:00","dateModified":"2026-03-09T16:53:37+00:00","description":"Your residents deserve the best multisensory experience! With this varied and comprehensive selection, your multisensory activities will take a colorful and relaxing turn!","breadcrumb":{"@id":"https:\/\/staging.cdsboutique.com\/en\/product\/multisensory-set\/#breadcrumb"},"inLanguage":"en-US","potentialAction":[{"@type":"ReadAction","target":["https:\/\/staging.cdsboutique.com\/en\/product\/multisensory-set\/"]}]},{"@type":"ImageObject","inLanguage":"en-US","@id":"https:\/\/staging.cdsboutique.com\/en\/product\/multisensory-set\/#primaryimage","url":"https:\/\/staging.cdsboutique.com\/wp-content\/uploads\/2026\/02\/24998Z_ensemble-multisensoriel.jpg","contentUrl":"https:\/\/staging.cdsboutique.com\/wp-content\/uploads\/2026\/02\/24998Z_ensemble-multisensoriel.jpg","width":1600,"height":1116},{"@type":"BreadcrumbList","@id":"https:\/\/staging.cdsboutique.com\/en\/product\/multisensory-set\/#breadcrumb","itemListElement":[{"@type":"ListItem","position":1,"name":"Home","item":"https:\/\/staging.cdsboutique.com\/en\/"},{"@type":"ListItem","position":2,"name":"Products","item":"https:\/\/staging.cdsboutique.com\/en\/products\/"},{"@type":"ListItem","position":3,"name":"Multisensory Set"}]},{"@type":"WebSite","@id":"https:\/\/staging.cdsboutique.com\/#website","url":"https:\/\/staging.cdsboutique.com\/","name":"CDS boutique A\u00een\u00e9s","description":"Pour une meilleure qualit\u00e9 de vie","publisher":{"@id":"https:\/\/staging.cdsboutique.com\/#organization"},"potentialAction":[{"@type":"SearchAction","target":{"@type":"EntryPoint","urlTemplate":"https:\/\/staging.cdsboutique.com\/?s={search_term_string}"},"query-input":{"@type":"PropertyValueSpecification","valueRequired":true,"valueName":"search_term_string"}}],"inLanguage":"en-US"},{"@type":"Organization","@id":"https:\/\/staging.cdsboutique.com\/#organization","name":"CDS Boutique","url":"https:\/\/staging.cdsboutique.com\/","logo":{"@type":"ImageObject","inLanguage":"en-US","@id":"https:\/\/staging.cdsboutique.com\/#\/schema\/logo\/image\/","url":"https:\/\/staging.cdsboutique.com\/wp-content\/uploads\/2024\/09\/logoCDS-Boutique_final2024.jpg","contentUrl":"https:\/\/staging.cdsboutique.com\/wp-content\/uploads\/2024\/09\/logoCDS-Boutique_final2024.jpg","width":900,"height":600,"caption":"CDS Boutique"},"image":{"@id":"https:\/\/staging.cdsboutique.com\/#\/schema\/logo\/image\/"},"sameAs":["https:\/\/www.facebook.com\/CDSBoutique.Aines.Seniors","https:\/\/www.youtube.com\/@cdsboutique4046","https:\/\/www.linkedin.com\/company\/cds-boutique\/","https:\/\/www.instagram.com\/cdsboutique\/"]}]}},"_links":{"self":[{"href":"https:\/\/staging.cdsboutique.com\/en\/wp-json\/wp\/v2\/product\/72283","targetHints":{"allow":["GET"]}}],"collection":[{"href":"https:\/\/staging.cdsboutique.com\/en\/wp-json\/wp\/v2\/product"}],"about":[{"href":"https:\/\/staging.cdsboutique.com\/en\/wp-json\/wp\/v2\/types\/product"}],"replies":[{"embeddable":true,"href":"https:\/\/staging.cdsboutique.com\/en\/wp-json\/wp\/v2\/comments?post=72283"}],"wp:featuredmedia":[{"embeddable":true,"href":"https:\/\/staging.cdsboutique.com\/en\/wp-json\/wp\/v2\/media\/72282"}],"wp:attachment":[{"href":"https:\/\/staging.cdsboutique.com\/en\/wp-json\/wp\/v2\/media?parent=72283"}],"wp:term":[{"taxonomy":"product_brand","embeddable":true,"href":"https:\/\/staging.cdsboutique.com\/en\/wp-json\/wp\/v2\/product_brand?post=72283"},{"taxonomy":"product_cat","embeddable":true,"href":"https:\/\/staging.cdsboutique.com\/en\/wp-json\/wp\/v2\/product_cat?post=72283"},{"taxonomy":"product_tag","embeddable":true,"href":"https:\/\/staging.cdsboutique.com\/en\/wp-json\/wp\/v2\/product_tag?post=72283"}],"curies":[{"name":"wp","href":"https:\/\/api.w.org\/{rel}","templated":true}]}}